{"id":9,"date":"2020-07-16T09:35:42","date_gmt":"2020-07-16T09:35:42","guid":{"rendered":"http:\/\/neu2020.kv-uno-waldsee.de\/?page_id=9"},"modified":"2026-05-08T12:42:53","modified_gmt":"2026-05-08T11:42:53","slug":"startseite","status":"publish","type":"page","link":"https:\/\/kv-uno-waldsee.de\/","title":{"rendered":""},"content":{"rendered":"<p style=\"text-align: center;\"><span style=\"font-size: 14pt;\"><strong><span style=\"color: #000000;\">Herzlich willkommen auf der Internetseite des<\/span><\/strong><\/span><\/p>\n<p style=\"text-align: center;\"><span style=\"color: #ff0000; font-size: 24pt;\"><strong>KV UNO 1949 Waldsee e.V.<\/strong><\/span><\/p>\n<p style=\"text-align: center;\"><span style=\"color: #000000; font-size: 24pt;\"><span style=\"color: #ff0000;\"><strong>U<\/strong><\/span>ngehobelten&nbsp;<span style=\"color: #ff0000;\"><strong>N<\/strong><\/span>arren<span style=\"color: #ff0000;\"><strong>O<\/strong><\/span>rganisation<\/span><\/p>\n<hr>\n<p style=\"text-align: justify;\"><span style=\"color: #000000;\">Auf den folgenden Seiten k\u00f6nnen sie alles wissenswerte rund um unseren Verein erfahren. Nat\u00fcrlich sind wir stets bem\u00fcht unser Angebot auf dem neuesten Stand zu halten. So kann es sein, das wir immer wieder mal neue Seiten hinzuf\u00fcgen und\/oder Seiten aktualisieren. Wir wollen damit sagen: Immer mal wieder reinschauen, es lohnt sich!<\/span><\/p>\n<hr>\n<table style=\"height: 742px; width: 100%; border-collapse: collapse; border-style: solid;\">\n<tbody>\n<tr style=\"height: 30px;\">\n<td style=\"width: 100%; background-color: #f3f56e; height: 30px; border-style: solid; text-align: center; vertical-align: middle;\"><strong><span style=\"color: #ff0000; font-size: 14pt;\">Einladung zur ordentlichen Mitgliederversammlung<\/span><\/strong><\/td>\n<\/tr>\n<tr style=\"height: 712px;\">\n<td style=\"width: 100%; background-color: #f5eded; height: 712px;\"><span style=\"font-weight: 400;\"><span style=\"font-size: 12pt; color: #000000;\">Am Freitag,<\/span><\/span><span style=\"font-size: 12pt; color: #000000;\"><span style=\"font-weight: 400;\"> dem 29. Mai&nbsp; 2026, findet unsere diesj\u00e4hrige ordentliche Mitgliederversammlung<\/span><span style=\"font-weight: 400;\"> statt.<\/span><\/span><\/p>\n<p><span style=\"font-weight: 400; font-size: 12pt; color: #000000;\">Ort: Narrhalla, Schlichtstra\u00dfe 12a, 67165 Waldsee<\/span><\/p>\n<p><span style=\"font-size: 12pt; color: #000000;\"><b>Beginn: 20:00 Uhr<\/b><\/span><\/p>\n<p><span style=\"font-weight: 400; font-size: 12pt; color: #000000;\">Hierzu laden wir alle Mitglieder des KV UNO recht herzlich ein.<\/span><\/p>\n<p><span style=\"font-size: 12pt; color: #000000;\"><b>Tagesordnung:<\/b><\/span><\/p>\n<ol>\n<li><span style=\"color: #000000; font-size: 12pt; font-weight: 400;\">Begr\u00fc\u00dfung durch den Pr\u00e4sidenten &amp; &#8222;Totengedenken&#8220;<\/span><\/li>\n<li><span style=\"color: #000000; font-size: 12pt; font-weight: 400;\">Feststellung der ordnungsgem\u00e4\u00dfen Einberufung und der Beschlussf\u00e4higkeit der Mitgliederversammlung<\/span><\/li>\n<li><span style=\"color: #000000; font-size: 12pt; font-weight: 400;\">Bericht des Pr\u00e4sidenten<\/span><\/li>\n<li><span style=\"color: #000000; font-size: 12pt; font-weight: 400;\">Bericht des Schriftf\u00fchrers<\/span><\/li>\n<li><span style=\"color: #000000; font-size: 12pt; font-weight: 400;\">Bericht des Vergn\u00fcgungs-Ausschusses<\/span><\/li>\n<li><span style=\"color: #000000; font-size: 12pt; font-weight: 400;\">Bericht des Umzugs- und B\u00fchnenbau-Ausschusses<\/span><\/li>\n<li><span style=\"color: #000000; font-size: 12pt; font-weight: 400;\">Bericht des Wirtschafts-Ausschusses<\/span><\/li>\n<li><span style=\"color: #000000; font-size: 12pt; font-weight: 400;\">Bericht des Schatzmeisters<\/span><\/li>\n<li><span style=\"color: #000000; font-size: 12pt; font-weight: 400;\">Bericht der Kassenrevisoren<\/span><\/li>\n<li><span style=\"color: #000000; font-size: 12pt; font-weight: 400;\">Entlastung des Vorstandes<\/span><\/li>\n<li><span style=\"color: #000000; font-size: 12pt; font-weight: 400;\">Verschiedenes, Bekanntmachungen<\/span><\/li>\n<\/ol>\n<p><span style=\"font-weight: 400; font-size: 12pt; color: #000000;\">Antr\u00e4ge auf Erweiterung\/\u00c4nderung der Tagesordnung k\u00f6nnen bis 1 Woche vor Sitzungstermin beim Pr\u00e4sidium eingereicht <\/span><span style=\"font-weight: 400; font-size: 12pt; color: #000000;\">werden. Wir hoffen auf rege Teilnahme.<\/span><\/p>\n<p><span style=\"font-weight: 400; font-size: 12pt; color: #000000;\">Das Pr\u00e4sidium<\/span><\/td>\n<\/tr>\n<\/tbody>\n<\/table>\n<p>&nbsp;<\/p>\n<hr>\n<p style=\"text-align: center;\"><span style=\"color: #ff0000; font-size: 14pt;\"><b>Bis zum Start der Kampagne 2026\/2027<\/b><\/span><\/p>\n<p style=\"text-align: center;\"><style type='text\/css'>.wpcdt-timer-43 .wpcdt-clock{max-width: 500px;}<\/style>\n<div class=\"wpcdt-wrap wpcdt-timer-wrap wpcdt-clearfix  wpcdt-timer-circle wpcdt-timer-43\" data-conf=\"{&quot;current_date&quot;:&quot;2026-05-15 23:44:17&quot;,&quot;expiry_date&quot;:&quot;2026-11-11 11:11:11&quot;,&quot;timercircle_animation&quot;:&quot;smooth&quot;,&quot;timercircle_width&quot;:0.1,&quot;timer_bg_width&quot;:1.2,&quot;timer_bgclr&quot;:&quot;#6fef00&quot;,&quot;timer_day_bgclr&quot;:&quot;#ff0000&quot;,&quot;timer_hour_bgclr&quot;:&quot;#ff3a3a&quot;,&quot;timer_minute_bgclr&quot;:&quot;#ff0000&quot;,&quot;timer_second_bgclr&quot;:&quot;#ff3a3a&quot;,&quot;day_text&quot;:&quot;Tage&quot;,&quot;hour_text&quot;:&quot;Stunden&quot;,&quot;minute_text&quot;:&quot;Minuten&quot;,&quot;second_text&quot;:&quot;Sekunden&quot;,&quot;is_days&quot;:1,&quot;is_hours&quot;:1,&quot;is_minutes&quot;:1,&quot;is_seconds&quot;:1}\">\n\t<div class=\"wpcdt-timer-inr wpcdt-timer wpcdt-timer-js\" id=\"wpcdt-timer-1\" data-id=\"43\">\n\t\t<div class=\"wpcdt-clock wpcdt-clock-circle\" data-timer=\"15506814\"><\/div>\n\t<\/div>\n<\/div><\/p>\n<hr>\n<p style=\"text-align: center;\"><span style=\"color: #ff0000;\"><strong>UNO Ansteck Pin 2026<\/strong><\/span><\/p>\n<p style=\"text-align: justify;\"><span style=\"color: #000000;\">Erh\u00e4ltlich an den Saalveranstaltungen und nat\u00fcrlich w\u00e4hrend des Umzuges. Ein einmaliges Sammlerst\u00fcck! Verkauft wird der&nbsp;Pin im Foyer der Kulturhalle. Ein Grund mehr unsere Veranstaltungen zu besuchen.<\/span><\/p>\n<p style=\"text-align: center;\">ngg_shortcode_0_placeholder<\/p>\n<p style=\"text-align: center;\"><a href=\"https:\/\/kv-uno-waldsee.de\/?page_id=806\" target=\"_blank\" rel=\"noopener\"><span style=\"color: #0000ff;\"><strong>Besuchen sie doch auch unsere Galerie mit den Pin der letzten Jahre<\/strong><\/span><\/a><\/p>\n<hr>\n<p style=\"text-align: center;\"><span style=\"color: #ff0000;\"><strong><span style=\"font-size: 14pt;\">Der KV UNO 1949 Waldsee e.V. ist Mitglied in folgenden Verb\u00e4nden<\/span><\/strong><\/span><\/p>\n<table style=\"border-collapse: collapse; width: 100%;\">\n<tbody>\n<tr>\n<td style=\"width: 100%;\">\n<ul>\n<li><span style=\"color: #0000ff;\"><a style=\"color: #0000ff;\" href=\"https:\/\/www.vereinigung-badenpfalz.de\/\" target=\"_blank\" rel=\"noopener noreferrer\"><span style=\"font-size: 12pt;\"><strong>Vereinigung Badisch-Pf\u00e4lzischer Karnevalvereine<\/strong><\/span><\/a><\/span><br \/>\n<span style=\"color: #000000; font-size: 12pt;\">Wormser Landstrasse 265, 67346 Speyer<\/span><br \/>\n<span style=\"color: #000000; font-size: 12pt;\">Telefon: 06232\/41940<\/span><\/li>\n<\/ul>\n<\/td>\n<\/tr>\n<tr>\n<td style=\"width: 100%;\">\n<ul>\n<li><span style=\"color: #0000ff;\"><a style=\"color: #0000ff;\" href=\"https:\/\/karnevaldeutschland.de\/\" target=\"_blank\" rel=\"noopener noreferrer\"><span style=\"font-size: 12pt;\"><strong>Bund deutscher Karnevalvereine<\/strong><\/span><\/a><\/span><br \/>\n<span style=\"color: #000000; font-size: 12pt;\">Goshen-Ring 8, 66450 Bexbach<\/span><br \/>\n<span style=\"color: #000000; font-size: 12pt;\">Tel.: 06826 \/ 934 70 22<\/span><br \/>\n<span style=\"color: #000000; font-size: 12pt;\">Fax: 06826 \/ 934 70 21<\/span><\/li>\n<\/ul>\n<\/td>\n<\/tr>\n<\/tbody>\n<\/table>\n<hr>\n<p>&nbsp;<\/p>\n","protected":false},"excerpt":{"rendered":"<p>Herzlich willkommen auf der Internetseite des KV UNO 1949 Waldsee e.V. Ungehobelten&nbsp;NarrenOrganisation Auf den folgenden Seiten k\u00f6nnen sie alles wissenswerte rund um unseren Verein erfahren. Nat\u00fcrlich sind wir stets bem\u00fcht unser Angebot auf dem neuesten Stand zu halten. So kann es sein, das wir immer wieder mal neue Seiten hinzuf\u00fcgen und\/oder Seiten aktualisieren. Wir wollen [&hellip;]<\/p>\n","protected":false},"author":1,"featured_media":0,"parent":0,"menu_order":0,"comment_status":"closed","ping_status":"closed","template":"","meta":{"ngg_post_thumbnail":0,"footnotes":""},"categories":[],"tags":[29],"class_list":["post-9","page","type-page","status-publish","hentry","tag-startseite-sommer-ohne-webshop"],"_links":{"self":[{"href":"https:\/\/kv-uno-waldsee.de\/index.php?rest_route=\/wp\/v2\/pages\/9","targetHints":{"allow":["GET"]}}],"collection":[{"href":"https:\/\/kv-uno-waldsee.de\/index.php?rest_route=\/wp\/v2\/pages"}],"about":[{"href":"https:\/\/kv-uno-waldsee.de\/index.php?rest_route=\/wp\/v2\/types\/page"}],"author":[{"embeddable":true,"href":"https:\/\/kv-uno-waldsee.de\/index.php?rest_route=\/wp\/v2\/users\/1"}],"replies":[{"embeddable":true,"href":"https:\/\/kv-uno-waldsee.de\/index.php?rest_route=%2Fwp%2Fv2%2Fcomments&post=9"}],"version-history":[{"count":147,"href":"https:\/\/kv-uno-waldsee.de\/index.php?rest_route=\/wp\/v2\/pages\/9\/revisions"}],"predecessor-version":[{"id":4745,"href":"https:\/\/kv-uno-waldsee.de\/index.php?rest_route=\/wp\/v2\/pages\/9\/revisions\/4745"}],"wp:attachment":[{"href":"https:\/\/kv-uno-waldsee.de\/index.php?rest_route=%2Fwp%2Fv2%2Fmedia&parent=9"}],"wp:term":[{"taxonomy":"category","embeddable":true,"href":"https:\/\/kv-uno-waldsee.de\/index.php?rest_route=%2Fwp%2Fv2%2Fcategories&post=9"},{"taxonomy":"post_tag","embeddable":true,"href":"https:\/\/kv-uno-waldsee.de\/index.php?rest_route=%2Fwp%2Fv2%2Ftags&post=9"}],"curies":[{"name":"wp","href":"https:\/\/api.w.org\/{rel}","templated":true}]}}