{"id":814,"date":"2020-07-22T16:49:26","date_gmt":"2020-07-22T16:49:26","guid":{"rendered":"http:\/\/neu2020.kv-uno-waldsee.de\/?page_id=814"},"modified":"2023-06-01T12:11:37","modified_gmt":"2023-06-01T11:11:37","slug":"814-2","status":"publish","type":"page","link":"https:\/\/kv-uno-waldsee.de\/?page_id=814","title":{"rendered":"Ex-Tollit\u00e4ten \/ Liste"},"content":{"rendered":"<p><span style=\"color: #000000;\">In den ersten beiden Jahren nach der Gr\u00fcndung des KV UNO gab es keine Tollit\u00e4ten auf dem UNO-Thron. <\/span><\/p>\n<ul>\n<li><span style=\"color: #000000;\">Die erste UNO Tollit\u00e4t war ein Prinz &nbsp;Ricardo I.&nbsp;<\/span><\/li>\n<li><span style=\"color: #000000;\">Wiltrud I. war zwei Jahre nacheinander Prinzessin. <\/span><\/li>\n<li><span style=\"color: #000000;\">In den Kampagnen 1965\/1966 und 1980\/1981 sowie&nbsp; 2003\/2004 gab es ein Prinzenpaar. <\/span><\/li>\n<li><span style=\"color: #000000;\">Barbara I. war 1966\/1967 nach der Prinzenpaar-Kampagne nochmals \u201ealleinige\u201c Prinzessin. <\/span><\/li>\n<li><span style=\"color: #000000;\">Wegen dem Ausfall der Kampagne 1990\/1991 (Golfkrieg) war Vera I. auch 1991\/1992 Prinzessin.<\/span><\/li>\n<li><span style=\"color: #000000;\">Durch den Ausfall der Kampagne 2020\/2021 (Corona Pandemie) wurde die Amtszeit von Julia II. um ein Jahr verl\u00e4ngert.<\/span><\/li>\n<li><span style=\"color: #000000;\">Noch einmal Corona. Durch den Abbruch der Kampagne 2021\/22, nach dem Kr\u00f6nungsball von Eva I., verl\u00e4ngerte sich auch ihre Amtszeit \u00fcber die Kampagne 2022\/2023 hinaus.<\/span><\/li>\n<\/ul>\n<hr>\n\n<table id=\"tablepress-2\" class=\"tablepress tablepress-id-2\">\n<thead>\n<tr class=\"row-1\">\n\t<th class=\"column-1\">Jahr<\/th><th class=\"column-2\">Tollit\u00e4t<\/th><th class=\"column-3\">Name<\/th><th class=\"column-4\">verheiratet<\/th>\n<\/tr>\n<\/thead>\n<tbody class=\"row-striping row-hover\">\n<tr class=\"row-2\">\n\t<td class=\"column-1\">1951\/1952<\/td><td class=\"column-2\">Ricardo I.<\/td><td class=\"column-3\">Knittel<\/td><td class=\"column-4\">----------<\/td>\n<\/tr>\n<tr class=\"row-3\">\n\t<td class=\"column-1\">1952\/1953<\/td><td class=\"column-2\">Klara I.<\/td><td class=\"column-3\">Weick<\/td><td class=\"column-4\">Nieser<\/td>\n<\/tr>\n<tr class=\"row-4\">\n\t<td class=\"column-1\">1953\/1954<\/td><td class=\"column-2\">Ruth I.<\/td><td class=\"column-3\">B\u00f6ckler<\/td><td class=\"column-4\">Berlinghoff<\/td>\n<\/tr>\n<tr class=\"row-5\">\n\t<td class=\"column-1\">1954\/1955<\/td><td class=\"column-2\">Anita I.<\/td><td class=\"column-3\">Claus<\/td><td class=\"column-4\">Balzer<\/td>\n<\/tr>\n<tr class=\"row-6\">\n\t<td class=\"column-1\">1955\/1956<\/td><td class=\"column-2\">Wally I.<\/td><td class=\"column-3\">Fischer<\/td><td class=\"column-4\">Magin<\/td>\n<\/tr>\n<tr class=\"row-7\">\n\t<td class=\"column-1\">1956\/1957<\/td><td class=\"column-2\">Ursula I.<\/td><td class=\"column-3\">Griesbauer<\/td><td class=\"column-4\">Rohr<\/td>\n<\/tr>\n<tr class=\"row-8\">\n\t<td class=\"column-1\">1957\/1958<\/td><td class=\"column-2\">Hannelore I.<\/td><td class=\"column-3\">Hauck<\/td><td class=\"column-4\">Sch\u00e4fer<\/td>\n<\/tr>\n<tr class=\"row-9\">\n\t<td class=\"column-1\">1958\/1959<\/td><td class=\"column-2\">Wiltrud I.<\/td><td class=\"column-3\">Stranz<\/td><td class=\"column-4\">Zinser<\/td>\n<\/tr>\n<tr class=\"row-10\">\n\t<td class=\"column-1\">1959\/1960<\/td><td class=\"column-2\">Wiltrud I.<\/td><td class=\"column-3\">Stranz<\/td><td class=\"column-4\">Zinser<\/td>\n<\/tr>\n<tr class=\"row-11\">\n\t<td class=\"column-1\">1960\/1961<\/td><td class=\"column-2\">Helga I.<\/td><td class=\"column-3\">Rohr<\/td><td class=\"column-4\">Neubeck<\/td>\n<\/tr>\n<tr class=\"row-12\">\n\t<td class=\"column-1\">1961\/1962<\/td><td class=\"column-2\">Inge I.<\/td><td class=\"column-3\">Lorb\u00e4cher<\/td><td class=\"column-4\">Born<\/td>\n<\/tr>\n<tr class=\"row-13\">\n\t<td class=\"column-1\">1962\/1963<\/td><td class=\"column-2\">Hannelore II.<\/td><td class=\"column-3\">Gro\u00df<\/td><td class=\"column-4\"><\/td>\n<\/tr>\n<tr class=\"row-14\">\n\t<td class=\"column-1\">1963\/1964<\/td><td class=\"column-2\">Sylvia I.<\/td><td class=\"column-3\">Grundh\u00f6fer<\/td><td class=\"column-4\">Fl\u00f6rchinger<\/td>\n<\/tr>\n<tr class=\"row-15\">\n\t<td class=\"column-1\">1964\/1965<\/td><td class=\"column-2\">Roswitha I.<\/td><td class=\"column-3\">Claus<\/td><td class=\"column-4\">Kochner<\/td>\n<\/tr>\n<tr class=\"row-16\">\n\t<td class=\"column-1\">1965\/1966<\/td><td class=\"column-2\">Barbara I. + Bernd I.<\/td><td class=\"column-3\">Koob<\/td><td class=\"column-4\">Ehrmann<\/td>\n<\/tr>\n<tr class=\"row-17\">\n\t<td class=\"column-1\">1966\/1967<\/td><td class=\"column-2\">Prinzessin Barbara I.<\/td><td class=\"column-3\">Koob<\/td><td class=\"column-4\">Ehrmann<\/td>\n<\/tr>\n<tr class=\"row-18\">\n\t<td class=\"column-1\">1967\/1968<\/td><td class=\"column-2\">Hanni I.<\/td><td class=\"column-3\">Zinser<\/td><td class=\"column-4\">Kelg<\/td>\n<\/tr>\n<tr class=\"row-19\">\n\t<td class=\"column-1\">1968\/1969<\/td><td class=\"column-2\">Ursula II.<\/td><td class=\"column-3\">Stauch<\/td><td class=\"column-4\">Weber<\/td>\n<\/tr>\n<tr class=\"row-20\">\n\t<td class=\"column-1\">1969\/1970<\/td><td class=\"column-2\">Sylvia II.<\/td><td class=\"column-3\">Klaus<\/td><td class=\"column-4\">Kutscherer<\/td>\n<\/tr>\n<tr class=\"row-21\">\n\t<td class=\"column-1\">1970\/1971<\/td><td class=\"column-2\">Ilse I.<\/td><td class=\"column-3\">Kochner<\/td><td class=\"column-4\">Zickgraf<\/td>\n<\/tr>\n<tr class=\"row-22\">\n\t<td class=\"column-1\">1971\/1972<\/td><td class=\"column-2\">Annelie I.<\/td><td class=\"column-3\">Kripp<\/td><td class=\"column-4\">Kr\u00fcger<\/td>\n<\/tr>\n<tr class=\"row-23\">\n\t<td class=\"column-1\">1972\/1973<\/td><td class=\"column-2\">Christel I.<\/td><td class=\"column-3\">Lohrb\u00e4cher<\/td><td class=\"column-4\">Lindlahr<\/td>\n<\/tr>\n<tr class=\"row-24\">\n\t<td class=\"column-1\">1973\/1974<\/td><td class=\"column-2\">Mireille I.<\/td><td class=\"column-3\">Boissinot<\/td><td class=\"column-4\"><\/td>\n<\/tr>\n<tr class=\"row-25\">\n\t<td class=\"column-1\">1974\/1975<\/td><td class=\"column-2\">Helga II.<\/td><td class=\"column-3\">Hamleser<\/td><td class=\"column-4\">Robnik<\/td>\n<\/tr>\n<tr class=\"row-26\">\n\t<td class=\"column-1\">1975\/1976<\/td><td class=\"column-2\">Elke I.<\/td><td class=\"column-3\">Regenauer<\/td><td class=\"column-4\">Festerling<\/td>\n<\/tr>\n<tr class=\"row-27\">\n\t<td class=\"column-1\">1976\/1977<\/td><td class=\"column-2\">Angelika I.<\/td><td class=\"column-3\">Schlenger<\/td><td class=\"column-4\">Eckel<\/td>\n<\/tr>\n<tr class=\"row-28\">\n\t<td class=\"column-1\">1977\/1978<\/td><td class=\"column-2\">Petra I.<\/td><td class=\"column-3\">Gro\u00df<\/td><td class=\"column-4\">Guth<\/td>\n<\/tr>\n<tr class=\"row-29\">\n\t<td class=\"column-1\">1978\/1979<\/td><td class=\"column-2\">B\u00e4rbel I.<\/td><td class=\"column-3\">Nieser<\/td><td class=\"column-4\">Ross<\/td>\n<\/tr>\n<tr class=\"row-30\">\n\t<td class=\"column-1\">1979\/1980<\/td><td class=\"column-2\">Martina I.<\/td><td class=\"column-3\">Fuchs<\/td><td class=\"column-4\">Benz<\/td>\n<\/tr>\n<tr class=\"row-31\">\n\t<td class=\"column-1\">1980\/1981<\/td><td class=\"column-2\">Anni I. + Uwe I.<\/td><td class=\"column-3\">Knorp\/Rohr<\/td><td class=\"column-4\">Schmid<\/td>\n<\/tr>\n<tr class=\"row-32\">\n\t<td class=\"column-1\">1981\/1982<\/td><td class=\"column-2\">Doris I.<\/td><td class=\"column-3\">Tremmel<\/td><td class=\"column-4\">Kochner<\/td>\n<\/tr>\n<tr class=\"row-33\">\n\t<td class=\"column-1\">1982\/1983<\/td><td class=\"column-2\">Sylvia III.<\/td><td class=\"column-3\">Schuff<\/td><td class=\"column-4\">Tremmel<\/td>\n<\/tr>\n<tr class=\"row-34\">\n\t<td class=\"column-1\">1983\/1984<\/td><td class=\"column-2\">Heike I.<\/td><td class=\"column-3\">Bleifeld<\/td><td class=\"column-4\">Gr\u00fcn<\/td>\n<\/tr>\n<tr class=\"row-35\">\n\t<td class=\"column-1\">1984\/1985<\/td><td class=\"column-2\">Elke II.<\/td><td class=\"column-3\">Nieser<\/td><td class=\"column-4\"><\/td>\n<\/tr>\n<tr class=\"row-36\">\n\t<td class=\"column-1\">1985\/1986<\/td><td class=\"column-2\">Andrea I.<\/td><td class=\"column-3\">Striebinger<\/td><td class=\"column-4\">Schneider<\/td>\n<\/tr>\n<tr class=\"row-37\">\n\t<td class=\"column-1\">1986\/1987<\/td><td class=\"column-2\">Heike II.<\/td><td class=\"column-3\">Sternberger<\/td><td class=\"column-4\"><\/td>\n<\/tr>\n<tr class=\"row-38\">\n\t<td class=\"column-1\">1987\/1988<\/td><td class=\"column-2\">Liliana I.<\/td><td class=\"column-3\">Manca<\/td><td class=\"column-4\">Belzer<\/td>\n<\/tr>\n<tr class=\"row-39\">\n\t<td class=\"column-1\">1988\/1989<\/td><td class=\"column-2\">Monika I.<\/td><td class=\"column-3\">Pemler<\/td><td class=\"column-4\">Fl\u00f6ck<\/td>\n<\/tr>\n<tr class=\"row-40\">\n\t<td class=\"column-1\">1989\/1990<\/td><td class=\"column-2\">Bettina I.<\/td><td class=\"column-3\">Schehl<\/td><td class=\"column-4\">Ofer<\/td>\n<\/tr>\n<tr class=\"row-41\">\n\t<td class=\"column-1\">1990\/1991<\/td><td class=\"column-2\">Vera I.<\/td><td class=\"column-3\">Knittel<\/td><td class=\"column-4\">Erbach<\/td>\n<\/tr>\n<tr class=\"row-42\">\n\t<td class=\"column-1\">1991\/1992<\/td><td class=\"column-2\">Vera I.<\/td><td class=\"column-3\">Knittel<\/td><td class=\"column-4\">Erbach<\/td>\n<\/tr>\n<tr class=\"row-43\">\n\t<td class=\"column-1\">1992\/1993<\/td><td class=\"column-2\">Sandra I.<\/td><td class=\"column-3\">Clau\u00df<\/td><td class=\"column-4\">Kn\u00f6rr<\/td>\n<\/tr>\n<tr class=\"row-44\">\n\t<td class=\"column-1\">1993\/1994<\/td><td class=\"column-2\">Ulrike I.<\/td><td class=\"column-3\">Kerscher<\/td><td class=\"column-4\">Kerscher-Ullrich<\/td>\n<\/tr>\n<tr class=\"row-45\">\n\t<td class=\"column-1\">1994\/1995<\/td><td class=\"column-2\">Nicole I.<\/td><td class=\"column-3\">Degner<\/td><td class=\"column-4\">Stemski<\/td>\n<\/tr>\n<tr class=\"row-46\">\n\t<td class=\"column-1\">1995\/1996<\/td><td class=\"column-2\">Peggy-Lina I.<\/td><td class=\"column-3\">Christmann<\/td><td class=\"column-4\"><\/td>\n<\/tr>\n<tr class=\"row-47\">\n\t<td class=\"column-1\">1996\/1997<\/td><td class=\"column-2\">Christiane I.<\/td><td class=\"column-3\">Stephan<\/td><td class=\"column-4\">Ehler<\/td>\n<\/tr>\n<tr class=\"row-48\">\n\t<td class=\"column-1\">1997\/1998<\/td><td class=\"column-2\">Tatjana I.<\/td><td class=\"column-3\">Leyrer<\/td><td class=\"column-4\">M\u00fcller<\/td>\n<\/tr>\n<tr class=\"row-49\">\n\t<td class=\"column-1\">1998\/1999<\/td><td class=\"column-2\">Claudia I.<\/td><td class=\"column-3\">Regenauer<\/td><td class=\"column-4\">Schotth\u00f6fer<\/td>\n<\/tr>\n<tr class=\"row-50\">\n\t<td class=\"column-1\">1999\/2000<\/td><td class=\"column-2\">Conny I.<\/td><td class=\"column-3\">Christmann<\/td><td class=\"column-4\"><\/td>\n<\/tr>\n<tr class=\"row-51\">\n\t<td class=\"column-1\">2000\/2001<\/td><td class=\"column-2\">Melanie I.<\/td><td class=\"column-3\">Koob<\/td><td class=\"column-4\">\u00d6zer<\/td>\n<\/tr>\n<tr class=\"row-52\">\n\t<td class=\"column-1\">2001\/2002<\/td><td class=\"column-2\">Elke III.<\/td><td class=\"column-3\">Ke\u00dfler<\/td><td class=\"column-4\">Ke\u00dfler-Br\u00fcnn<\/td>\n<\/tr>\n<tr class=\"row-53\">\n\t<td class=\"column-1\">2002\/2003<\/td><td class=\"column-2\">Ina I.<\/td><td class=\"column-3\">Schotth\u00f6fer<\/td><td class=\"column-4\">Herrmann<\/td>\n<\/tr>\n<tr class=\"row-54\">\n\t<td class=\"column-1\">2003\/2004<\/td><td class=\"column-2\">Sabrina I. + Christoph I.<\/td><td class=\"column-3\">Pinkvo\u00df\/Dennhardt<\/td><td class=\"column-4\">Hofmann<\/td>\n<\/tr>\n<tr class=\"row-55\">\n\t<td class=\"column-1\">2004\/2005<\/td><td class=\"column-2\">Simone I.<\/td><td class=\"column-3\">Balbach<\/td><td class=\"column-4\">R\u00f6ll<\/td>\n<\/tr>\n<tr class=\"row-56\">\n\t<td class=\"column-1\">2005\/2006<\/td><td class=\"column-2\">Iris I.<\/td><td class=\"column-3\">Regenauer<\/td><td class=\"column-4\"><\/td>\n<\/tr>\n<tr class=\"row-57\">\n\t<td class=\"column-1\">2006\/2007<\/td><td class=\"column-2\">Claudia II.<\/td><td class=\"column-3\">Haslberger<\/td><td class=\"column-4\">Klein<\/td>\n<\/tr>\n<tr class=\"row-58\">\n\t<td class=\"column-1\">2007\/2008<\/td><td class=\"column-2\">Daniela I.<\/td><td class=\"column-3\">Kochner<\/td><td class=\"column-4\">Trauth<\/td>\n<\/tr>\n<tr class=\"row-59\">\n\t<td class=\"column-1\">2008\/2009<\/td><td class=\"column-2\">Nicole II.<\/td><td class=\"column-3\">Balbach<\/td><td class=\"column-4\">Ludwar<\/td>\n<\/tr>\n<tr class=\"row-60\">\n\t<td class=\"column-1\">2009\/2010<\/td><td class=\"column-2\">Melanie II.<\/td><td class=\"column-3\">Stahl<\/td><td class=\"column-4\">Weber<\/td>\n<\/tr>\n<tr class=\"row-61\">\n\t<td class=\"column-1\">2010\/2011<\/td><td class=\"column-2\">Katrin I.<\/td><td class=\"column-3\">Sch\u00f6pf<\/td><td class=\"column-4\"><\/td>\n<\/tr>\n<tr class=\"row-62\">\n\t<td class=\"column-1\">2011\/2012<\/td><td class=\"column-2\">Daniela II.<\/td><td class=\"column-3\">Gruber<\/td><td class=\"column-4\">Ulrich<\/td>\n<\/tr>\n<tr class=\"row-63\">\n\t<td class=\"column-1\">2012\/2013<\/td><td class=\"column-2\">Evelyn I.<\/td><td class=\"column-3\">Ke\u00dfler<\/td><td class=\"column-4\">Schneider<\/td>\n<\/tr>\n<tr class=\"row-64\">\n\t<td class=\"column-1\">2013\/2014<\/td><td class=\"column-2\">Katrin II.<\/td><td class=\"column-3\">Piejko<\/td><td class=\"column-4\">Wilhelmi<\/td>\n<\/tr>\n<tr class=\"row-65\">\n\t<td class=\"column-1\">2014\/2015<\/td><td class=\"column-2\">Christina I.<\/td><td class=\"column-3\">Baas<\/td><td class=\"column-4\"><\/td>\n<\/tr>\n<tr class=\"row-66\">\n\t<td class=\"column-1\">2015\/2016<\/td><td class=\"column-2\">Janina I.<\/td><td class=\"column-3\">Weigl<\/td><td class=\"column-4\"><\/td>\n<\/tr>\n<tr class=\"row-67\">\n\t<td class=\"column-1\">2016\/2017<\/td><td class=\"column-2\">Julia I.<\/td><td class=\"column-3\">Ki\u00dfler<\/td><td class=\"column-4\"><\/td>\n<\/tr>\n<tr class=\"row-68\">\n\t<td class=\"column-1\">2017\/2018<\/td><td class=\"column-2\">Michelle I.<\/td><td class=\"column-3\">Jutzi<\/td><td class=\"column-4\"><\/td>\n<\/tr>\n<tr class=\"row-69\">\n\t<td class=\"column-1\">2018\/2019<\/td><td class=\"column-2\">Isabelle I.<\/td><td class=\"column-3\">K\u00e4stel<\/td><td class=\"column-4\"><\/td>\n<\/tr>\n<tr class=\"row-70\">\n\t<td class=\"column-1\">2019\/2020<\/td><td class=\"column-2\">Julia II.<\/td><td class=\"column-3\">Schotth\u00f6fer<\/td><td class=\"column-4\"><\/td>\n<\/tr>\n<tr class=\"row-71\">\n\t<td class=\"column-1\">2020\/2021<\/td><td class=\"column-2\">Julia II.<\/td><td class=\"column-3\">Schotth\u00f6fer<\/td><td class=\"column-4\"><\/td>\n<\/tr>\n<tr class=\"row-72\">\n\t<td class=\"column-1\">2021\/2022<\/td><td class=\"column-2\">Eva I.<\/td><td class=\"column-3\">G\u00f6de<\/td><td class=\"column-4\"><\/td>\n<\/tr>\n<tr class=\"row-73\">\n\t<td class=\"column-1\">2022\/2023<\/td><td class=\"column-2\">Eva I.<\/td><td class=\"column-3\">G\u00f6de<\/td><td class=\"column-4\"><\/td>\n<\/tr>\n<tr class=\"row-74\">\n\t<td class=\"column-1\">2023\/2024<\/td><td class=\"column-2\">Michelle II.<\/td><td class=\"column-3\">Ki\u00dfler<\/td><td class=\"column-4\"><\/td>\n<\/tr>\n<tr class=\"row-75\">\n\t<td class=\"column-1\">2024\/2025<\/td><td class=\"column-2\">Alina I.<\/td><td class=\"column-3\">Knittel<\/td><td class=\"column-4\"><\/td>\n<\/tr>\n<\/tbody>\n<\/table>\n<!-- #tablepress-2 from cache -->\n","protected":false},"excerpt":{"rendered":"<p>In den ersten beiden Jahren nach der Gr\u00fcndung des KV UNO gab es keine Tollit\u00e4ten auf dem UNO-Thron. Die erste UNO Tollit\u00e4t war ein Prinz &nbsp;Ricardo I.&nbsp; Wiltrud I. war zwei Jahre nacheinander Prinzessin. In den Kampagnen 1965\/1966 und 1980\/1981 sowie&nbsp; 2003\/2004 gab es ein Prinzenpaar. Barbara I. war 1966\/1967 nach der Prinzenpaar-Kampagne nochmals \u201ealleinige\u201c [&hellip;]<\/p>\n","protected":false},"author":1,"featured_media":0,"parent":0,"menu_order":32,"comment_status":"closed","ping_status":"closed","template":"","meta":{"ngg_post_thumbnail":0,"footnotes":""},"categories":[5],"tags":[],"class_list":["post-814","page","type-page","status-publish","hentry","category-prinzessinen"],"_links":{"self":[{"href":"https:\/\/kv-uno-waldsee.de\/index.php?rest_route=\/wp\/v2\/pages\/814","targetHints":{"allow":["GET"]}}],"collection":[{"href":"https:\/\/kv-uno-waldsee.de\/index.php?rest_route=\/wp\/v2\/pages"}],"about":[{"href":"https:\/\/kv-uno-waldsee.de\/index.php?rest_route=\/wp\/v2\/types\/page"}],"author":[{"embeddable":true,"href":"https:\/\/kv-uno-waldsee.de\/index.php?rest_route=\/wp\/v2\/users\/1"}],"replies":[{"embeddable":true,"href":"https:\/\/kv-uno-waldsee.de\/index.php?rest_route=%2Fwp%2Fv2%2Fcomments&post=814"}],"version-history":[{"count":6,"href":"https:\/\/kv-uno-waldsee.de\/index.php?rest_route=\/wp\/v2\/pages\/814\/revisions"}],"predecessor-version":[{"id":2686,"href":"https:\/\/kv-uno-waldsee.de\/index.php?rest_route=\/wp\/v2\/pages\/814\/revisions\/2686"}],"wp:attachment":[{"href":"https:\/\/kv-uno-waldsee.de\/index.php?rest_route=%2Fwp%2Fv2%2Fmedia&parent=814"}],"wp:term":[{"taxonomy":"category","embeddable":true,"href":"https:\/\/kv-uno-waldsee.de\/index.php?rest_route=%2Fwp%2Fv2%2Fcategories&post=814"},{"taxonomy":"post_tag","embeddable":true,"href":"https:\/\/kv-uno-waldsee.de\/index.php?rest_route=%2Fwp%2Fv2%2Ftags&post=814"}],"curies":[{"name":"wp","href":"https:\/\/api.w.org\/{rel}","templated":true}]}}