{"id":776,"date":"2020-07-21T11:18:54","date_gmt":"2020-07-21T11:18:54","guid":{"rendered":"http:\/\/neu2020.kv-uno-waldsee.de\/?page_id=776"},"modified":"2025-01-16T07:47:31","modified_gmt":"2025-01-16T06:47:31","slug":"bedingungen","status":"publish","type":"page","link":"https:\/\/kv-uno-waldsee.de\/?page_id=776","title":{"rendered":"Bedingungen"},"content":{"rendered":"<p style=\"text-align: justify;\"><span style=\"color: #000000;\">Liebe Karnevalisten und Freunde der Waldseer Fasnacht !<\/span><\/p>\n<p style=\"text-align: justify;\"><span style=\"color: #000000;\">Bitte unbedingt die Merkbl\u00e4tter (PDF) beachten:<\/span><\/p>\n<p><a href=\"https:\/\/kv-uno-waldsee.de\/wp-content\/uploads\/2023\/01\/Umzug_2023_1_Kurzinfo-Brauchtum.pdf\" target=\"_blank\" rel=\"noopener\"><span style=\"color: #0000ff;\"><strong>Merkblatt &#8211; Kurzinfo&nbsp; zu Brauchtumsfahrzeuge<\/strong><\/span><\/a><\/p>\n<p><a href=\"https:\/\/kv-uno-waldsee.de\/wp-content\/uploads\/2023\/01\/Umzug_2023_2_Begutachtung-Brauchtumsfahrzeuge.pdf\" target=\"_blank\" rel=\"noopener\"><span style=\"color: #0000ff;\"><strong>Merkblatt &#8211; Begutachtung Brauchtumsfahrzeuge<\/strong><\/span><\/a><\/p>\n<p><a href=\"https:\/\/kv-uno-waldsee.de\/wp-content\/uploads\/2023\/01\/Umzug_2023_3_Merkblatt_Wagenbau_rlp.pdf\" target=\"_blank\" rel=\"noopener\"><span style=\"color: #0000ff;\"><strong>Merkblatt &#8211; Wagenbau<\/strong><\/span><\/a><\/p>\n<p><a href=\"https:\/\/kv-uno-waldsee.de\/wp-content\/uploads\/2023\/01\/Umzug_2023_4_Schleppereinsatz_bei_Brauchtumsveranstaltungen.pdf\" target=\"_blank\" rel=\"noopener\"><span style=\"color: #0000ff;\"><strong>Merkblatt &#8211; Schleppereinsatz bei Brauchtumspflege<\/strong><\/span><\/a><\/p>\n<p><a href=\"https:\/\/kv-uno-waldsee.de\/wp-content\/uploads\/2025\/01\/Teilnahmebedingungen-Umzug-2025.pdf\" target=\"_blank\" rel=\"noopener\"><span style=\"color: #0000ff;\"><strong>Merkblatt &#8211; Teilnahmebedingungen am Umzug 2025<\/strong><\/span><\/a><\/p>\n<hr>\n<p style=\"text-align: justify;\"><strong><span style=\"color: #000000;\">Liebe Karnevalisten und Freunde der Waldseer Fasnacht !<\/span><\/strong><\/p>\n<p style=\"text-align: justify;\"><strong><span style=\"color: #ff0000;\">Diese Teilnahmebedingungen f\u00fcr den Fasnachtsumzug sind f\u00fcr jeden Zugteilnehmer verbindlich.<\/span><\/strong><\/p>\n<p style=\"text-align: justify;\"><span style=\"color: #000000;\">Bitte lesen Sie die Bedingungen aufmerksam durch, da Sie Mitwirkungsrechte, aber auch Pflichten f\u00fcr Sie als Zugteilnehmer enthalten. Es wird um Verst\u00e4ndnis gebeten, dass im Fall der vors\u00e4tzlichen oder grob fahrl\u00e4ssigen Nichteinhaltung dieser Bedingungen und im Fall unzutreffender Angaben gegen\u00fcber dem Veranstalter der K.V.UNO Waldsee e.V., dieser von seiner Haftung f\u00fcr Sch\u00e4den befreit ist. Mit Abgabe Ihrer Anmeldung erkl\u00e4ren Sie, dass Sie die nachfolgenden Bedingungen gelesen, verstanden und mit ihrem Inhalt einverstanden sind.<\/span><\/p>\n<p style=\"text-align: justify;\"><strong><span style=\"color: #000000;\">1. Anmeldung<\/span><\/strong><br \/>\n<span style=\"color: #000000;\">Bitte f\u00fcllen Sie den beiliegenden Fragebogen detailliert aus, wichtig ist <span style=\"text-decoration: underline;\">Absender mit Tel.+ Fax+ Handy + e-Mail Adresse.<\/span> An dem Umzug k\u00f6nnen nur Gruppen und Fahrzeuge teilnehmen, die der Zugleitung gemeldet sind. Die Anmeldungen sind termingerecht bis sp\u00e4testens <strong>Do, 20.02.2025<\/strong>&nbsp;abzugeben. Besondere W\u00fcnsche zur Platzierung im Zug k\u00f6nnen nicht ber\u00fccksichtigt werden.<\/span><\/p>\n<p style=\"text-align: justify;\"><strong><span style=\"color: #000000;\">2. Fahrzeuge<\/span><\/strong><br \/>\n<span style=\"color: #000000;\">Am Zug d\u00fcrfen nur Fahrzeuge teilnehmen, die den im \u201eMerkblatt \u00fcber die Ausr\u00fcstung und Betrieb von Fahrzeugen bei Brauchtumsveranstaltungen\u201c beschriebenen Voraussetzungen entsprechen (Merkblatt ist als Anlage beigef\u00fcgt). Die maximale Breite der Fahrzeuge ist auf 3,0 m beschr\u00e4nkt. Einzelfahrzeuge d\u00fcrfen nicht l\u00e4nger als 15 m sein. Die H\u00f6he der Fahrzeuge darf 4,0 m nicht \u00fcberschreiten.<\/span><\/p>\n<p style=\"text-align: justify;\"><strong><span style=\"color: #000000;\">Die Personbef\u00f6rderung auf Zugwagen w\u00e4hrend der An- und Abfahrt au\u00dferhalb des Veranstaltungsraumes ist untersagt. Fahrzeugaufbauten sind so zu installieren, dass Personen auf dem Fahrzeug und andere Zugteilnehmer\/Besucher nicht gef\u00e4hrdet werden.<\/span><\/strong><\/p>\n<p style=\"text-align: justify;\"><span style=\"color: #000000;\">Insbesondere muss die Ladefl\u00e4che der Festwagen eben, tritt. Und rutschfest sein. F\u00fcr eine Personenbef\u00f6rderung w\u00e4hrend des Fasnachtsumzuges muss auf den Wagen eine ausreichende Haltevorrichtung vorhanden sein. F\u00fcr jeden Stehplatz muss eine ausreichende Sicherung gegen das Herunterfallen von Personen oder Gegenst\u00e4nden vorhanden sein (Br\u00fcstung oder Gel\u00e4nder). Auf Fahrzeugd\u00e4chern, Kotfl\u00fcgeln, Trittbrettern usw. sowie auf Zugverbindungen d\u00fcrfen sich keine Personen aufhalten.<\/span><br \/>\n<span style=\"color: #000000;\">Die Verkleidung von Fahrzeugen muss f\u00fcr den Fahrzeugf\u00fchrer ein ausreichendes Sichtfeld gew\u00e4hrleisten. An den Au\u00dfenseiten der Fahrzeuge d\u00fcrfen keine scharfkantigen oder sonstigen gef\u00e4hrlichen Teile hervorstehen. Die seitlichen Verkleidungen der Fahrzeuge m\u00fcssen aus festem, nicht durchsto\u00dfbarem Material sein und eine Bodenfreiheit von 25 cm gew\u00e4hrleisten. Die Br\u00fcstungsh\u00f6he muss mindestens 1m betragen. Das Aufspringen durch Personen ist durch bauliche Ma\u00dfnahmen zu unterbinden.<\/span><br \/>\n<span style=\"color: #000000;\">Auf Zugmaschinen d\u00fcrfen nur so viele Personen bef\u00f6rdert werden, wie Sitzpl\u00e4tze vorhanden bzw. zugelassen sind. Die Anh\u00e4ngervorrichtung muss zugelassen, betriebs- und verkehrssicher sein.<\/span><\/p>\n<p style=\"text-align: justify;\"><strong><span style=\"color: #000000;\">3. Versicherung<\/span><\/strong><br \/>\n<strong><span style=\"color: #000000;\">Jeder Fahrzeugf\u00fchrer und Halter der am Zug teilnehmenden Fahrzeuge hat daf\u00fcr Sorge zu tragen, dass seine am Fasnachtsumzug teilnehmenden Fahrzeuge ausreichend versichert sind.<\/span><\/strong><br \/>\n<span style=\"color: #000000;\">In der Regel ist der gezogene Festwagen durch das Zugfahrzeug versichert, bei einigen Versicherungen gibt es allerdings sogenannte Versicherungsl\u00fccken hinsichtlich des Anh\u00e4ngers. Bitte \u00fcberpr\u00fcfen Sie Ihren Versicherungsschutz. Wir empfehlen Ihnen, den Versicherungsschutz f\u00fcr den Anh\u00e4nger durch die Versicherung best\u00e4tigen zulassen. <span style=\"text-decoration: underline;\"><strong>Pferde und von Pferden gezogene Fahrzeuge k\u00f6nnen teilnehmen, wenn der Anmelder mit der Anmeldung einen entsprechenden Versicherungsschutz nachweist.<\/strong><\/span><\/span><\/p>\n<ul>\n<li style=\"text-align: justify;\"><strong><span style=\"color: #000000;\">4, Zugordner(\u201eZugbegleiter\u201c)<\/span><\/strong><br \/>\n<strong><span style=\"color: #000000;\">Den Weisungen und Zeichen von Polizeibeamten, sowie der Zugleitung und der Ordner ist unverz\u00fcglich Folge zu leisten.<\/span><\/strong><br \/>\n<span style=\"color: #000000;\">Fahrzeuge, deren Umrisse von dem jeweils verantwortlichen Fahrer nicht eingesehen werden k\u00f6nnen, m\u00fcssen durch eine gen\u00fcgende Anzahl von Zugordnern abgesichert werden. Die Zugordner werden vom Zugteilnehmer gestellt und m\u00fcssen ein Mindestalter von 18 Jahren haben. Die Anzahl der erforderlichen Zugordner ergibt sich aus der L\u00e4nge des Zuges wie folgt:<\/span><\/p>\n<ul>\n<li style=\"text-align: justify;\"><span style=\"color: #000000;\">Bis 8 m je eine Person\/ Zugseite, <\/span><\/li>\n<li style=\"text-align: justify;\"><span style=\"color: #000000;\">Bis 12 m je zwei Personen\/ Zugseite, <\/span><\/li>\n<li style=\"text-align: justify;\"><span style=\"color: #000000;\">Bis 15m drei Personen\/ Zugseite.<\/span><\/li>\n<\/ul>\n<\/li>\n<\/ul>\n<p><strong><span style=\"color: #000000;\">Fahrzeuge, die gegen diese Richtlinien versto\u00dfen, k\u00f6nnen nicht am Zug teilnehmen. Nicht vorschriftsm\u00e4\u00dfig abgesicherte Fahrzeuge werden durch die Zugleitung aus dem Zug genommen!<\/span><\/strong><\/p>\n<p style=\"text-align: justify;\"><strong><span style=\"color: #000000;\">5, Alkohol, Musik und andere Begleitumst\u00e4nde<\/span><\/strong><br \/>\n<strong><span style=\"color: #000000;\">F\u00fcr Fahrzeugf\u00fchrer, Zugordner und Zugteilnehmer besteht absolutes Alkoholverbot.<\/span><\/strong><br \/>\n<strong><span style=\"color: #000000;\">Mit dem Unterschreiben des Anmeldeformulars, \u00fcbernimmt der jeweilige Gruppenverantwortliche die komplette Haftung f\u00fcr Unf\u00e4lle, die mit oder durch den Konsum von Alkohol verursacht werden.<\/span><\/strong><\/p>\n<p style=\"text-align: justify;\"><span style=\"color: #000000;\">Beschallungsanlagen m\u00fcssen bei der Anmeldung mitgeteilt werden. Kanonen d\u00fcrfen nur als Dekoration im nicht betriebsf\u00e4higen Zustand mitgef\u00fchrt werden.<\/span><\/p>\n<p style=\"text-align: justify;\"><span style=\"color: #000000;\">Das Streuen von Konfetti und das Abfeuern von Feuerwerksk\u00f6rpern ist verboten. Wurfmaterial muss in kleinen Gr\u00f6\u00dfen verpackt sein und darf keine Gegenst\u00e4nde enthalten, die zu Verletzungen f\u00fchren k\u00f6nnen. Aktivit\u00e4ten, die die Fortbewegung des Zuges beeintr\u00e4chtigen oder sogar aufhalten, sind nicht gestattet. Bei Zuwiderhandlungen kann der Teilnehmer von der Zugleitung aus Dem Zug genommen werden.<\/span><br \/>\n<strong><span style=\"color: #000000;\">Abf\u00e4lle m\u00fcssen vom Teilnehmer ordnungsgem\u00e4\u00df entsorgt werden.<\/span><\/strong><br \/>\n<span style=\"color: #000000;\">Jegliche Politische Werbung, das Abwerfen von politischen Reklamezetteln und dergleichen, sowie das Mitf\u00fchren von Beschallungsanlagen zu politischen und Reklamezwecken ist untersagt.<\/span><\/p>\n<p style=\"text-align: justify;\"><strong><span style=\"color: #000000;\">6. Haftung und Rechte des Veranstalters<\/span><\/strong><br \/>\n<span style=\"color: #000000;\">Wir weisen darauf hin, dass w\u00e4hrend des Umzuges Foto- und gegebenenfalls<\/span><br \/>\n<span style=\"color: #000000;\">Filmaufnahmen gemacht werden.<\/span><br \/>\n<span style=\"color: #000000;\">Diese verwerten wir f\u00fcr Zwecke der Berichterstattung \u00fcber unseren Fasnachtsumzug.<\/span><br \/>\n<span style=\"color: #000000;\">Dazu werden die Aufnahmen im Nachgang in diversen Medien (zum Beispiel unserer<\/span><br \/>\n<span style=\"color: #000000;\">Homepage, Facebook, Youtube, Printmedien&#8230;) ver\u00f6ffentlicht.<\/span><br \/>\n<span style=\"color: #000000;\">Dies gestattet uns Art. 6 Abs 1 (f) DS-GVO, weil wir ein Interesse daran haben, die<\/span><br \/>\n<span style=\"color: #000000;\">\u00d6ffentlichkeit \u00fcber die Aktivit\u00e4ten unseres Vereins und unseres Fasnachtsumzuges zu<\/span><br \/>\n<span style=\"color: #000000;\">informieren.<\/span><\/p>\n<p style=\"text-align: justify;\"><span style=\"color: #000000;\">Da ihr hier an einer \u00f6ffentlichen Veranstaltung teilnehmt, gehen wir davon aus, das aus<\/span><br \/>\n<span style=\"color: #000000;\">eurer Sicht keine generellen Gr\u00fcnde gegen die Fertigung von Foto- und Filmaufnahmen<\/span><br \/>\n<span style=\"color: #000000;\">und die Verarbeitung zu dem oben beschriebenen Zweck sprechen.<\/span><\/p>\n<p style=\"text-align: justify;\"><span style=\"color: #000000;\">Die Haftung des Veranstalters f\u00fcr jegliche Sach- und Verm\u00f6genssch\u00e4den, die durch fahrl\u00e4ssiges Verhalten des Veranstalters oder seiner Vertreter oder Erf\u00fcllungsgehilfen entstehen, ist ausgeschlossen. Bei Verletzung von Leben, K\u00f6rper oder Gesundheit der Teilnehmer haftet der Veranstalter nach den Vorschriften des B\u00fcrgerlichen Gesetzbuches (BGB). Von den vorgenannten Haftungsausschl\u00fcssen und -einschr\u00e4nkungen wird auch die pers\u00f6nliche Schadensersatzhaftung der Vertreter, Mitarbeiter und Erf\u00fcllungsgehilfen des Veranstalters umfasst.<\/span><\/p>\n<p style=\"text-align: justify;\"><strong><span style=\"color: #000000;\">7. Ansprechpartner<\/span><\/strong><br \/>\n<span style=\"color: #000000;\">Fragen und Anmeldungen sind an den Umzugs- und B\u00fchnenbauvorsitzenden zu richten.<\/span><br \/>\n<span style=\"color: #000000;\">Herrn Andr\u00e8 Netter, Altriper Stra\u00dfe 55, 67165 Waldsee,<\/span><br \/>\n<span style=\"color: #000000;\">Tel.:06236\/1206, Handy Tel.: 0171-1860008.<\/span><br \/>\n<span style=\"color: #000000;\">e-Mail: Umzugsleitung@KV-UNO-WALDSEE.de<\/span><br \/>\n<span style=\"color: #000000;\">oder<\/span><br \/>\n<span style=\"color: #000000;\">Herrn Matthias Erbach, Goethestra\u00dfe 83, Waldsee<\/span><br \/>\n<span style=\"color: #000000;\">Tel.: 06236\/416372, Handy Tel.: 0174-34965<\/span><\/p>\n","protected":false},"excerpt":{"rendered":"<p>Liebe Karnevalisten und Freunde der Waldseer Fasnacht ! Bitte unbedingt die Merkbl\u00e4tter (PDF) beachten: Merkblatt &#8211; Kurzinfo&nbsp; zu Brauchtumsfahrzeuge Merkblatt &#8211; Begutachtung Brauchtumsfahrzeuge Merkblatt &#8211; Wagenbau Merkblatt &#8211; Schleppereinsatz bei Brauchtumspflege Merkblatt &#8211; Teilnahmebedingungen am Umzug 2025 Liebe Karnevalisten und Freunde der Waldseer Fasnacht ! Diese Teilnahmebedingungen f\u00fcr den Fasnachtsumzug sind f\u00fcr jeden Zugteilnehmer verbindlich. [&hellip;]<\/p>\n","protected":false},"author":1,"featured_media":0,"parent":0,"menu_order":35,"comment_status":"closed","ping_status":"closed","template":"","meta":{"ngg_post_thumbnail":0,"footnotes":""},"categories":[14],"tags":[],"class_list":["post-776","page","type-page","status-publish","hentry","category-umzug"],"_links":{"self":[{"href":"https:\/\/kv-uno-waldsee.de\/index.php?rest_route=\/wp\/v2\/pages\/776","targetHints":{"allow":["GET"]}}],"collection":[{"href":"https:\/\/kv-uno-waldsee.de\/index.php?rest_route=\/wp\/v2\/pages"}],"about":[{"href":"https:\/\/kv-uno-waldsee.de\/index.php?rest_route=\/wp\/v2\/types\/page"}],"author":[{"embeddable":true,"href":"https:\/\/kv-uno-waldsee.de\/index.php?rest_route=\/wp\/v2\/users\/1"}],"replies":[{"embeddable":true,"href":"https:\/\/kv-uno-waldsee.de\/index.php?rest_route=%2Fwp%2Fv2%2Fcomments&post=776"}],"version-history":[{"count":19,"href":"https:\/\/kv-uno-waldsee.de\/index.php?rest_route=\/wp\/v2\/pages\/776\/revisions"}],"predecessor-version":[{"id":3795,"href":"https:\/\/kv-uno-waldsee.de\/index.php?rest_route=\/wp\/v2\/pages\/776\/revisions\/3795"}],"wp:attachment":[{"href":"https:\/\/kv-uno-waldsee.de\/index.php?rest_route=%2Fwp%2Fv2%2Fmedia&parent=776"}],"wp:term":[{"taxonomy":"category","embeddable":true,"href":"https:\/\/kv-uno-waldsee.de\/index.php?rest_route=%2Fwp%2Fv2%2Fcategories&post=776"},{"taxonomy":"post_tag","embeddable":true,"href":"https:\/\/kv-uno-waldsee.de\/index.php?rest_route=%2Fwp%2Fv2%2Ftags&post=776"}],"curies":[{"name":"wp","href":"https:\/\/api.w.org\/{rel}","templated":true}]}}