{"id":770,"date":"2020-07-21T11:10:57","date_gmt":"2020-07-21T11:10:57","guid":{"rendered":"http:\/\/neu2020.kv-uno-waldsee.de\/?page_id=770"},"modified":"2024-01-15T17:42:50","modified_gmt":"2024-01-15T16:42:50","slug":"zugweg","status":"publish","type":"page","link":"https:\/\/kv-uno-waldsee.de\/?page_id=770","title":{"rendered":"Zugweg"},"content":{"rendered":"<p style=\"text-align: justify;\"><span style=\"color: #000000;\">Wichtige Informationen zum Zugweg und alles \u201edrumm herum\u201c.<\/span><\/p>\n<p style=\"text-align: justify;\"><span style=\"color: #000000;\"><strong><span style=\"text-decoration: underline;\">Parkpl\u00e4tze<\/span>:<\/strong><\/span><\/p>\n<ul style=\"text-align: justify;\">\n<li><span style=\"color: #0000ff;\"><strong>Am kommunalen Kindergarten&nbsp;(Lerchen\/Franz-Schubert-Stra\u00dfe)<\/strong><\/span><\/li>\n<li><span style=\"color: #0000ff;\"><strong>An der Sommerfesthalle (Ortseinfahrt aus Altrip\/Mannheim)<\/strong><\/span><\/li>\n<li><span style=\"color: #0000ff;\"><strong>An der Kita &#8222;Kleine Heimat&#8220; (kath. Kindergarten) (Altriper Stra\u00dfe \/ Grabengasse)<\/strong><\/span><\/li>\n<li><span style=\"color: #0000ff;\"><strong>Hinter der Sommerfesthalle (NUR PKW&nbsp;Zufahrt aus Richtung ASV Waldsee)<\/strong><\/span><\/li>\n<li><span style=\"color: #0000ff;\"><strong>Am Friedhof (Ortseinfahrt Limburgerhof\/Rehh\u00fctte)<\/strong><\/span><\/li>\n<li><span style=\"color: #0000ff;\"><strong>An der evangelischen Kirche (Goethestra\u00dfe)<\/strong><\/span><\/li>\n<li><span style=\"color: #0000ff;\"><strong>Am Wasgaumarkt (Ortseinfahrt aus Schifferstadt)<\/strong><\/span><\/li>\n<\/ul>\n<hr>\n<p style=\"text-align: justify;\"><span style=\"color: #000000;\"><strong><span style=\"text-decoration: underline;\">Aufstellungsort<\/span>:<\/strong><\/span><\/p>\n<ul style=\"text-align: justify;\">\n<li><span style=\"color: #000000;\">Neuhofener Stra\u00dfe in Richtung Partnerschaftsplatz<\/span><\/li>\n<\/ul>\n<hr>\n<p style=\"text-align: justify;\"><span style=\"color: #000000;\"><strong><span style=\"text-decoration: underline;\">Aufl\u00f6sung<\/span>:<\/strong><\/span><\/p>\n<ul style=\"text-align: justify;\">\n<li><span style=\"color: #000000;\">Der Umzug l\u00f6st sich vor der Waldseer Kulturhalle auf.<\/span><\/li>\n<\/ul>\n<p style=\"text-align: justify;\"><span style=\"color: #000000;\">Vor der Halle auf der Schultreppe geben die Musikgruppen noch ein Platzkonzert.<\/span><\/p>\n<p style=\"text-align: justify;\"><span style=\"color: #000000;\">Nach dem Umzug startet in der Kulturhalle die&nbsp;<span style=\"color: #ff0000;\"><strong>UAP<\/strong><\/span>&nbsp;\u2013 die&nbsp;<span style=\"color: #ff0000;\"><strong>U<\/strong><\/span>mzugs-<span style=\"color: #ff0000;\"><strong>A<\/strong><\/span>bschlu\u00df-<span style=\"color: #ff0000;\"><strong>P<\/strong><\/span>arty.<\/span><\/p>\n<p style=\"text-align: justify;\"><span style=\"color: #000000;\">Bei&nbsp;<strong>freiem Eintritt<\/strong>&nbsp;Party bis Aschermittwoch.<\/span><\/p>\n<hr>\n<p><span style=\"color: #000000;\"><strong><span style=\"text-decoration: underline;\">Zugweg<\/span>:<\/strong><\/span><\/p>\n<!-- HTML Forms v1.6.3 - https:\/\/wordpress.org\/plugins\/html-forms\/ -->\n<form method=\"post\"  class=\"hf-form hf-form-759 \" data-id=\"759\" data-title=\"Umzug (Stand 2020)\" data-slug=\"umzug-stand-2020\" data-message-success=\"Thank you! We will be in touch soon.\" data-message-invalid-email=\"Sorry, that email address looks invalid.\" data-message-required-field-missing=\"Please fill in the required fields.\" data-message-error=\"Oops. An error occurred.\" data-message-recaptcha-failed=\"reCAPTCHA verification failed. Please try again.\" data-message-recaptcha-low-score=\"Your submission appears to be spam. Please try again.\"><input type=\"hidden\" name=\"_hf_form_id\" value=\"759\" \/><div style=\"display: none;\"><input type=\"text\" name=\"_hf_h759\" value=\"\" \/><\/div><div class=\"hf-fields-wrap\"><iframe loading=\"lazy\" src=\"https:\/\/www.google.com\/maps\/d\/embed?mid=1U-7lNIlsbPqYxQ-LSphDh_wnAmXxDf7H\" width=\"640\" height=\"480\"><\/iframe><noscript>Damit dieses Formular funktioniert bitte JavaScript aktivieren.<\/noscript><\/div><\/form><!-- \/ HTML Forms -->\n","protected":false},"excerpt":{"rendered":"<p>Wichtige Informationen zum Zugweg und alles \u201edrumm herum\u201c. Parkpl\u00e4tze: Am kommunalen Kindergarten&nbsp;(Lerchen\/Franz-Schubert-Stra\u00dfe) An der Sommerfesthalle (Ortseinfahrt aus Altrip\/Mannheim) An der Kita &#8222;Kleine Heimat&#8220; (kath. Kindergarten) (Altriper Stra\u00dfe \/ Grabengasse) Hinter der Sommerfesthalle (NUR PKW&nbsp;Zufahrt aus Richtung ASV Waldsee) Am Friedhof (Ortseinfahrt Limburgerhof\/Rehh\u00fctte) An der evangelischen Kirche (Goethestra\u00dfe) Am Wasgaumarkt (Ortseinfahrt aus Schifferstadt) Aufstellungsort: Neuhofener Stra\u00dfe [&hellip;]<\/p>\n","protected":false},"author":1,"featured_media":0,"parent":0,"menu_order":34,"comment_status":"closed","ping_status":"closed","template":"","meta":{"ngg_post_thumbnail":0,"footnotes":""},"categories":[14],"tags":[],"class_list":["post-770","page","type-page","status-publish","hentry","category-umzug"],"_links":{"self":[{"href":"https:\/\/kv-uno-waldsee.de\/index.php?rest_route=\/wp\/v2\/pages\/770","targetHints":{"allow":["GET"]}}],"collection":[{"href":"https:\/\/kv-uno-waldsee.de\/index.php?rest_route=\/wp\/v2\/pages"}],"about":[{"href":"https:\/\/kv-uno-waldsee.de\/index.php?rest_route=\/wp\/v2\/types\/page"}],"author":[{"embeddable":true,"href":"https:\/\/kv-uno-waldsee.de\/index.php?rest_route=\/wp\/v2\/users\/1"}],"replies":[{"embeddable":true,"href":"https:\/\/kv-uno-waldsee.de\/index.php?rest_route=%2Fwp%2Fv2%2Fcomments&post=770"}],"version-history":[{"count":5,"href":"https:\/\/kv-uno-waldsee.de\/index.php?rest_route=\/wp\/v2\/pages\/770\/revisions"}],"predecessor-version":[{"id":2985,"href":"https:\/\/kv-uno-waldsee.de\/index.php?rest_route=\/wp\/v2\/pages\/770\/revisions\/2985"}],"wp:attachment":[{"href":"https:\/\/kv-uno-waldsee.de\/index.php?rest_route=%2Fwp%2Fv2%2Fmedia&parent=770"}],"wp:term":[{"taxonomy":"category","embeddable":true,"href":"https:\/\/kv-uno-waldsee.de\/index.php?rest_route=%2Fwp%2Fv2%2Fcategories&post=770"},{"taxonomy":"post_tag","embeddable":true,"href":"https:\/\/kv-uno-waldsee.de\/index.php?rest_route=%2Fwp%2Fv2%2Ftags&post=770"}],"curies":[{"name":"wp","href":"https:\/\/api.w.org\/{rel}","templated":true}]}}