{"id":4356,"date":"2025-11-10T11:16:47","date_gmt":"2025-11-10T10:16:47","guid":{"rendered":"https:\/\/kv-uno-waldsee.de\/?page_id=4356"},"modified":"2025-11-16T09:17:26","modified_gmt":"2025-11-16T08:17:26","slug":"kroenungsball-des-prinzenpaares","status":"publish","type":"page","link":"https:\/\/kv-uno-waldsee.de\/?page_id=4356","title":{"rendered":"Kr\u00f6nungsball des Prinzenpaares"},"content":{"rendered":"<p style=\"text-align: justify;\"><span style=\"color: #000000;\">Die Kr\u00f6nung der neuen Tollit\u00e4t ist nicht nur mit Freude verbunden, bedeutet es doch auch gleichzeitig f\u00fcr die scheidende Tollit\u00e4t Abschied zu nehmen von ihrem hohen Amt. Deshalb liegen Tr\u00e4nen der Freude und Tr\u00e4nen des Abschiedes sehr nahe beieinander. Zeigt es doch auch, wie verbunden unsere Tollit\u00e4ten mit dem Verein und den damit nicht immer einfachen Verpflichtungen sind.<\/span><\/p>\n<p style=\"text-align: justify;\"><span style=\"color: #000000;\">Um 19:33 Uhr zog die noch amtierende Prinzessin Alina I. mit ihrem Gefolge in die Kulturhalle ein. Nach der Begr\u00fc\u00dfung der G\u00e4ste durch unseren Pr\u00e4sidenten und durch Michelle II. wurde die erste Tanzrunde durchgef\u00fchrt.<\/span><br \/>\n<span style=\"color: #000000;\">Dann kam der Moment der Verabschiedung. Alina I. wurde durch die \u00dcberreichung einer Urkunde zum Ehrenmitglied der UNO ernannt. Nun folgten r\u00fchrende Abschiedsworte von Alina I. und sie bedankte sich f\u00fcr eine wundervolle Kampagne bei ihrer Familie, bei ihren Freunden und bei den vielen Helfern der UNO.<\/span><br \/>\n<span style=\"color: #000000;\">Nun folgte die Pr\u00e4sentation des Prinzenpaares.<\/span><\/p>\n<p style=\"text-align: justify;\"><span style=\"color: #000000;\">Nach einer Tanzdarbietung und einer fulminanten Lasershow \u00f6ffneten sich die T\u00fcren auf der B\u00fchne und Emilie I. und Tim I. konnten zum ersten Male die B\u00fchne der UNO betreten. <\/span><span style=\"color: #000000;\">Nach einem Feuerwerk und \u201cStanding Ovation\u201d des Publikums wurde das Prinzenpaar von unserer Sitzungspr\u00e4sidentin Kim Knittel vorgestellt. Hier die Laudatio:<\/span><\/p>\n<table style=\"width: 100%; border-collapse: collapse;\" border=\"4\">\n<tbody>\n<tr>\n<td style=\"width: 100%; background-color: #f5f5f5;\">\n<p style=\"text-align: justify;\"><span style=\"font-size: 12pt; color: #000000;\">Meine Damen und Herren, <\/span><span style=\"font-size: 12pt; color: #000000;\">liebes n\u00e4rrisches Volk,<\/span><br \/>\n<span style=\"font-size: 12pt; color: #000000;\">auch dieses Jahr steht die Er\u00f6ffnung der Kampagne im Zeichen der \u00dcbergabe der<\/span><br \/>\n<span style=\"font-size: 12pt; color: #000000;\">n\u00e4rrischen Regierungsgewalt. Wo hier normalerweise unsere neue Prinzessin<\/span><br \/>\n<span style=\"font-size: 12pt; color: #000000;\">stehen w\u00fcrde, sehen Sie in diesem Jahr ein k\u00f6nigliches Doppel, das die UNO im<\/span><br \/>\n<span style=\"font-size: 12pt; color: #000000;\">Jubil\u00e4umsjahr regieren wird. Zwei auf einen Streich oder doppelte Portion UNO-<\/span><br \/>\n<span style=\"font-size: 12pt; color: #000000;\">Power &#8211; vermutlich werden noch weitere grandiose Wortspiele hier gleich<\/span><br \/>\n<span style=\"font-size: 12pt; color: #000000;\">aufgegriffen.<\/span><\/p>\n<p style=\"text-align: justify;\"><span style=\"font-size: 12pt; color: #000000;\">Vor Ihnen stehen die Geschwister Emilie und Tim Kn\u00f6rr, die ich Ihnen nun n\u00e4her<\/span><br \/>\n<span style=\"font-size: 12pt; color: #000000;\">vorstellen m\u00f6chte.<\/span><\/p>\n<p style=\"text-align: justify;\"><span style=\"font-size: 12pt; color: #000000;\">Emilie erblickte am 05.07.2002 in Speyer das Licht der Welt. Nachdem sie knapp<\/span><br \/>\n<span style=\"font-size: 12pt; color: #000000;\">drei Jahre als Einzelkind verbringen durfte, kam am 02.06.2005 ihr Bruder Tim zur<\/span><br \/>\n<span style=\"font-size: 12pt; color: #000000;\">Welt. Beide besuchten den katholischen Kindergarten Sankt Martin (heute KiTa<\/span><br \/>\n<span style=\"font-size: 12pt; color: #000000;\">Kleine Heimat), sowie im Anschluss die Hermann-Gmeiner-Grundschule in<\/span><br \/>\n<span style=\"font-size: 12pt; color: #000000;\">Waldsee. Emilie verschlug es dann auf das Nikolaus-von-Weis-Gymnasium, wo sie<\/span><br \/>\n<span style=\"font-size: 12pt; color: #000000;\">im Jahr 2021 erfolgreich ihr Abitur absolvieren konnte. Im Anschluss daran<\/span><br \/>\n<span style=\"font-size: 12pt; color: #000000;\">startete sie ein Duales Studium bei den Stadtwerken Speyer, welches sie im<\/span><br \/>\n<span style=\"font-size: 12pt; color: #000000;\">September 2024 mit dem Titel \u201cBachelor of Arts &#8211; \u00d6ffentliche Wirtschaft\u201d mit<\/span><br \/>\n<span style=\"font-size: 12pt; color: #000000;\">Schwerpunkt Versorgungswirtschaft erfolgreich abschloss und seither als<\/span><br \/>\n<span style=\"font-size: 12pt; color: #000000;\">Mitarbeiterin im Bereich Energiesteuerung und -controlling dort t\u00e4tig ist.<\/span><\/p>\n<p style=\"text-align: justify;\"><span style=\"font-size: 12pt; color: #000000;\">Auch Tim besuchte nach der Grundschule f\u00fcr einige Jahre das Nikolaus-von-Weis-<\/span><br \/>\n<span style=\"font-size: 12pt; color: #000000;\">Gymnasium in Speyer, bevor er nach Schifferstadt auf die Paul-von-Denis<\/span><br \/>\n<span style=\"font-size: 12pt; color: #000000;\">Realschule wechselte und dort auch seine Mittlere Reife erhielt. Im Anschluss<\/span><br \/>\n<span style=\"font-size: 12pt; color: #000000;\">daran erzielte er die Fachhochschulreife an der Siebenpfeiffer Fachoberschule in<\/span><br \/>\n<span style=\"font-size: 12pt; color: #000000;\">Ha\u00dfloch im Jahr 2023 und kr\u00f6nte seinen schulischen Werdegang zehn Monate<\/span><br \/>\n<span style=\"font-size: 12pt; color: #000000;\">sp\u00e4ter mit dem Abitur am Wirtschaftsgymnasium Ludwigshafen. Im Juli 2024<\/span><br \/>\n<span style=\"font-size: 12pt; color: #000000;\">wagte er das Abenteuer Australien, wo er in Down Under f\u00fcr ein Jahr bei \u201cWork &amp;<\/span><br \/>\n<span style=\"font-size: 12pt; color: #000000;\">Travel\u201d mit \u201cSchaffe un Reise\u201d seinen Horizont erweiterte.<\/span><\/p>\n<p style=\"text-align: justify;\"><span style=\"font-size: 12pt; color: #000000;\">Zwar \u00e4hneln sich die schulischen Wege der beiden Thronfolger nur anf\u00e4nglich,<\/span><br \/>\n<span style=\"font-size: 12pt; color: #000000;\">allerdings ist sicher, dass jeder seinen Weg genau richtig gegangen ist und auch in<\/span><br \/>\n<span style=\"font-size: 12pt; color: #000000;\">Zukunft noch gehen wird. So sagen deine Handballm\u00e4dels \u00fcber dich, liebe Emilie,<\/span><br \/>\n<span style=\"font-size: 12pt; color: #000000;\">dass du organisiert und verantwortungsvoll bist und immer Alles gibst, um<\/span><br \/>\n<span style=\"font-size: 12pt; color: #000000;\">andere zu motivieren &#8211; auch wenn du gerade selbst viel um die Ohren hast. Du bist<\/span><br \/>\n<span style=\"font-size: 12pt; color: #000000;\">sensibel, emotional und ehrlich und bist einfach eine \u201cWohlf\u00fchlmaus\u201d. Deine<\/span><br \/>\n<span style=\"font-size: 12pt; color: #000000;\">Freunde, lieber Tim, beschreiben dich als positiv und sehr begeisterungsf\u00e4hig und<\/span><br \/>\n<span style=\"font-size: 12pt; color: #000000;\">dass durch deine ehrliche, vor allem aber offene Art dein Abenteuer Australien<\/span><br \/>\n<span style=\"font-size: 12pt; color: #000000;\">wie f\u00fcr dich gemacht war. Du setzt dich f\u00fcr Dinge und Menschen ein, die dir<\/span><br \/>\n<span style=\"font-size: 12pt; color: #000000;\">wichtig sind und gleichzeitig rei\u00dft du mit deinem Charme und deiner lockeren<\/span><br \/>\n<span style=\"font-size: 12pt; color: #000000;\">und witzigen Art alle mit und sorgst f\u00fcr gute Stimmung.<\/span><\/p>\n<p style=\"text-align: justify;\"><span style=\"font-size: 12pt; color: #000000;\">Neben der schulischen Laufbahn gibt es sehr wohl auch eine fasnachtliche<\/span><br \/>\n<span style=\"font-size: 12pt; color: #000000;\">Laufbahn, die nicht zuletzt durch die Eltern des k\u00f6niglichen Doppelpacks gepr\u00e4gt<\/span><br \/>\n<span style=\"font-size: 12pt; color: #000000;\">ist. Mama Sandra und Papa Volker lernten sich bei der ehemaligen UNO-<\/span><br \/>\n<span style=\"font-size: 12pt; color: #000000;\">Showtanzgruppe \u201cMixed Pickles\u201d kennen und lieben. Davor gl\u00e4nzte Sandra nicht<\/span><br \/>\n<span style=\"font-size: 12pt; color: #000000;\">nur als Gardem\u00e4dchen, sondern vor allem im Jahr 1992\/1993 als UNO-<\/span><br \/>\n<span style=\"font-size: 12pt; color: #000000;\">Jubil\u00e4umsprinzessin (4&#215;11 Jahre) und repr\u00e4sentierte damit schon vor 33 Jahren<\/span><br \/>\n<span style=\"font-size: 12pt; color: #000000;\">unseren Verein als Regierungsoberhaupt. Im Anschluss an die aktive Karriere auf<\/span><br \/>\n<span style=\"font-size: 12pt; color: #000000;\">der B\u00fchne engagierte sich Mama Sandra als Vorsitzende des Jugendausschusses<\/span><br \/>\n<span style=\"font-size: 12pt; color: #000000;\">und Kassenwartin sowie aktuell im Amt der Revisorin, w\u00e4hrend Papa Volker bis<\/span><br \/>\n<span style=\"font-size: 12pt; color: #000000;\">heute als Sitzungspr\u00e4sident aktiv ist. Beide sind au\u00dferdem Gr\u00fcndungsmitglieder<\/span><br \/>\n<span style=\"font-size: 12pt; color: #000000;\">der \u201cWaldsemer Gasserassler\u201d. Zusammengefasst sind in der Wiege also Tanz,<\/span><br \/>\n<span style=\"font-size: 12pt; color: #000000;\">Musik, Babble und Regieren, womit wir zur Laufbahn von Emilie und Tim k\u00e4men.<\/span><br \/>\n<span style=\"font-size: 12pt; color: #000000;\">Emmi tanzte sich durch Kindergarde, Jugendgarde und UNO-Garde, bevor sie vor 2<\/span><br \/>\n<span style=\"font-size: 12pt; color: #000000;\">Jahren zur Showtanzgruppe X-treme wechselte. Sowohl Tim, als auch Emilie<\/span><br \/>\n<span style=\"font-size: 12pt; color: #000000;\">stehen seit ihrer fr\u00fchesten Kindheit in der B\u00fctt. Tim als Protokoller und Emilie mit<\/span><br \/>\n<span style=\"font-size: 12pt; color: #000000;\">ihrer Freundin Alina I. im Zwiegespr\u00e4ch. Ebenfalls sind sie beide musikalisch und<\/span><br \/>\n<span style=\"font-size: 12pt; color: #000000;\">waren Teil der Waldsemer Gasserassler. W\u00e4hrend sich Tim f\u00fcr das Schlagzeug<\/span><br \/>\n<span style=\"font-size: 12pt; color: #000000;\">entschied und sp\u00e4ter auch seine Begeisterung f\u00fcr Gitarre fand, w\u00e4hlte Emilie das<\/span><br \/>\n<span style=\"font-size: 12pt; color: #000000;\">Saxophon f\u00fcr sich als Instrument. Abseits der Fastnacht und der UNO-B\u00fchne sind<\/span><br \/>\n<span style=\"font-size: 12pt; color: #000000;\">Emilie und Tim unschlagbar auf jedem Spielfeld, denn beide sind Vollblut-<\/span><br \/>\n<span style=\"font-size: 12pt; color: #000000;\">Handballer und zeigen als Angriff-Abwehr-Duo eine weitere Gemeinsamkeit, die<\/span><br \/>\n<span style=\"font-size: 12pt; color: #000000;\">sie verbindet. W\u00e4hrend Emilie im Tor den Kasten mit ihren \u201caffengeilen<\/span><br \/>\n<span style=\"font-size: 12pt; color: #000000;\">Torh\u00fcterskills\u201d (O-Ton Tine) sauber h\u00e4lt, schwei\u00dft Tim auf der R\u00fcckraum-Rechten<\/span><br \/>\n<span style=\"font-size: 12pt; color: #000000;\">Position &#8211; seit dieser Runde auch wieder f\u00fcr die TG Waldsee &#8211; die B\u00e4lle ein. Beide<\/span><br \/>\n<span style=\"font-size: 12pt; color: #000000;\">\u00fcbrigens als legend\u00e4re Linksdatsche.<\/span><\/p>\n<p style=\"text-align: justify;\"><span style=\"font-size: 12pt; color: #000000;\">Ein Team ist man zwar schon zu zweit, aber seid euch sicher, dass eure Teams<\/span><br \/>\n<span style=\"font-size: 12pt; color: #000000;\">w\u00e4hrend eurer Kampagne bedingungslos hinter euch stehen. So w\u00fcnschen euch<\/span><br \/>\n<span style=\"font-size: 12pt; color: #000000;\">eure Liebsten f\u00fcr die n\u00e4chsten 101 Tage folgendes:<\/span><br \/>\n<span style=\"font-size: 12pt; color: #000000;\">&#8211; unvergessliche Momente und lustige Abende mit Herz und Humor<\/span><br \/>\n<span style=\"font-size: 12pt; color: #000000;\">&#8211; eine magische Kampagne mit Familie und Freunden, an die ihr euch immer<\/span><br \/>\n<span style=\"font-size: 12pt; color: #000000;\">gerne erinnert, wenn ihr euch Bilder anschaut, AU\u00dfERDEM<\/span><br \/>\n<span style=\"font-size: 12pt; color: #000000;\">&#8211; die Weltherrschaft<\/span><br \/>\n<span style=\"font-size: 12pt; color: #000000;\">&#8211; Party und geile Barabende<\/span><br \/>\n<span style=\"font-size: 12pt; color: #000000;\">&#8211; gelegentlich einen Aperol UND<\/span><br \/>\n<span style=\"font-size: 12pt; color: #000000;\">&#8211; stets ein gef\u00fclltes Glas und dass die Birn immer voll bleibt<\/span><\/p>\n<p style=\"text-align: justify;\"><span style=\"font-size: 12pt; color: #000000;\">Letzteres bekommt man sicher sehr gut auf einer Insel der Balearen-Gruppe hin,<\/span><br \/>\n<span style=\"font-size: 12pt; color: #000000;\">womit wir beim diesj\u00e4hrigen Motto \u201cSpanien\u201d angekommen sind. Hier stecken<\/span><br \/>\n<span style=\"font-size: 12pt; color: #000000;\">viele Kindheitserinnerungen aus Familienurlauben in Barcelona, Andalusien und<\/span><br \/>\n<span style=\"font-size: 12pt; color: #000000;\">Mallorca &#8211; die beiden haben das Land kennen und lieben gelernt und teilen daher<\/span><br \/>\n<span style=\"font-size: 12pt; color: #000000;\">ein St\u00fcck Spanien in dieser Kampagne mit uns allen.<\/span><\/p>\n<p style=\"text-align: justify;\"><span style=\"font-size: 12pt; color: #000000;\">Ich glaube, es ist nun alles gesagt. Die Siesta f\u00e4llt aus, erheben Sie sich von Ihren<\/span><br \/>\n<span style=\"font-size: 12pt; color: #000000;\">Pl\u00e4tzen und begr\u00fc\u00dfen Sie bitte mit mir \u201cOl\u00e9 im Doppelpack\u201d und \u201cViva Espa\u00f1a\u201d &#8211;<\/span><br \/>\n<span style=\"font-size: 12pt; color: #000000;\">Ihr Prinzenpaar f\u00fcr die Jubil\u00e4umskampagne 2025\/2026 &#8211;<\/span><br \/>\n<strong><span style=\"font-size: 12pt; color: #000000;\">Prinzessin Emilie I. und Prinz Tim I.<\/span><\/strong><\/p>\n<\/td>\n<\/tr>\n<\/tbody>\n<\/table>\n<p style=\"text-align: justify;\"><span style=\"color: #000000;\">Als letzte Amtshandlung \u00fcbertrug Alina I. ihre Krone und das Zepter an unsere neue Tollit\u00e4t Prinzessin Emilie I. und die Prinzenkappe an Prinz Tim I. Nach dem obligatorischen Tausch der Orden wurde zum Ehrentanz auf die Tanzfl\u00e4che gebeten. <\/span><br \/>\n<span style=\"color: #000000;\">Nach einer ausgiebigen Tanzrunde sorgten unsere UNO-Jugendgarde in einem gemeinsamen Tanz mit der UNO-Garde f\u00fcr erstklassige Unterhaltung in der Tanzpause.<\/span><\/p>\n<p style=\"text-align: justify;\"><span style=\"color: #000000;\">Nach einer erstklassigen Lasershow folgen die Referenzerweisungen.&nbsp;&nbsp;<\/span><\/p>\n<p style=\"text-align: justify;\"><span style=\"color: #000000;\">Allerhand dabei zu tun bekam unser Prinzenpaar Emilie I. und Tim I. Zahlreiche Abordnungen von Waldseer Vereinen begl\u00fcckw\u00fcnschten unser Prinzenpaar und brachten allerlei Gastgeschenke mit. Ebenso waren auch viele karnevalistische Abordnungen mit dabei. Von unserer Ortsb\u00fcrgermeisterin Claudia Klein erhielt das Prinzenpaar auch noch den symbolischen Schl\u00fcssel f\u00fcr das Rathaus. Im Gegenzug erhielten die G\u00e4ste den Jahresorden von unserem Prinzenpaar.<\/span><\/p>\n<p dir=\"ltr\"><!-- HTML Forms v1.6.3 - https:\/\/wordpress.org\/plugins\/html-forms\/ -->\n<form method=\"post\"  class=\"hf-form hf-form-4415 \" data-id=\"4415\" data-title=\"Kr\u00f6nungsball des Prinzenpaares\" data-slug=\"kroenungsball-des-prinzenpaares\" data-message-success=\"Vielen Dank! Wir werden uns in K\u00fcrze melden.\" data-message-invalid-email=\"Entschuldige, aber die E-Mail Adresse scheint ung\u00fcltig zu sein.\" data-message-required-field-missing=\"Bitte f\u00fclle die erforderlichen Felder aus.\" data-message-error=\"Hoppla. Ein Fehler ist aufgetreten.\" data-message-recaptcha-failed=\"reCAPTCHA verification failed. Please try again.\" data-message-recaptcha-low-score=\"Your submission appears to be spam. Please try again.\"><input type=\"hidden\" name=\"_hf_form_id\" value=\"4415\" \/><div style=\"display: none;\"><input type=\"text\" name=\"_hf_h4415\" value=\"\" \/><\/div><div class=\"hf-fields-wrap\"><iframe loading=\"lazy\" width=\"560\" height=\"315\" src=\"https:\/\/www.youtube.com\/embed\/9DxGheIbwes?si=rPyUF05YGpLIM4bL\" title=\"YouTube video player\" frameborder=\"0\" allow=\"accelerometer; autoplay; clipboard-write; encrypted-media; gyroscope; picture-in-picture; web-share\" referrerpolicy=\"strict-origin-when-cross-origin\" allowfullscreen><\/iframe><noscript>Damit dieses Formular funktioniert bitte JavaScript aktivieren.<\/noscript><\/div><\/form><!-- \/ HTML Forms --><\/p>\n","protected":false},"excerpt":{"rendered":"<p>Die Kr\u00f6nung der neuen Tollit\u00e4t ist nicht nur mit Freude verbunden, bedeutet es doch auch gleichzeitig f\u00fcr die scheidende Tollit\u00e4t Abschied zu nehmen von ihrem hohen Amt. Deshalb liegen Tr\u00e4nen der Freude und Tr\u00e4nen des Abschiedes sehr nahe beieinander. Zeigt es doch auch, wie verbunden unsere Tollit\u00e4ten mit dem Verein und den damit nicht immer [&hellip;]<\/p>\n","protected":false},"author":1,"featured_media":0,"parent":0,"menu_order":39,"comment_status":"closed","ping_status":"closed","template":"","meta":{"ngg_post_thumbnail":0,"footnotes":""},"categories":[31],"tags":[],"class_list":["post-4356","page","type-page","status-publish","hentry","category-kampagne-2025-2026"],"_links":{"self":[{"href":"https:\/\/kv-uno-waldsee.de\/index.php?rest_route=\/wp\/v2\/pages\/4356","targetHints":{"allow":["GET"]}}],"collection":[{"href":"https:\/\/kv-uno-waldsee.de\/index.php?rest_route=\/wp\/v2\/pages"}],"about":[{"href":"https:\/\/kv-uno-waldsee.de\/index.php?rest_route=\/wp\/v2\/types\/page"}],"author":[{"embeddable":true,"href":"https:\/\/kv-uno-waldsee.de\/index.php?rest_route=\/wp\/v2\/users\/1"}],"replies":[{"embeddable":true,"href":"https:\/\/kv-uno-waldsee.de\/index.php?rest_route=%2Fwp%2Fv2%2Fcomments&post=4356"}],"version-history":[{"count":13,"href":"https:\/\/kv-uno-waldsee.de\/index.php?rest_route=\/wp\/v2\/pages\/4356\/revisions"}],"predecessor-version":[{"id":4419,"href":"https:\/\/kv-uno-waldsee.de\/index.php?rest_route=\/wp\/v2\/pages\/4356\/revisions\/4419"}],"wp:attachment":[{"href":"https:\/\/kv-uno-waldsee.de\/index.php?rest_route=%2Fwp%2Fv2%2Fmedia&parent=4356"}],"wp:term":[{"taxonomy":"category","embeddable":true,"href":"https:\/\/kv-uno-waldsee.de\/index.php?rest_route=%2Fwp%2Fv2%2Fcategories&post=4356"},{"taxonomy":"post_tag","embeddable":true,"href":"https:\/\/kv-uno-waldsee.de\/index.php?rest_route=%2Fwp%2Fv2%2Ftags&post=4356"}],"curies":[{"name":"wp","href":"https:\/\/api.w.org\/{rel}","templated":true}]}}