{"id":4349,"date":"2025-11-10T11:08:34","date_gmt":"2025-11-10T10:08:34","guid":{"rendered":"https:\/\/kv-uno-waldsee.de\/?page_id=4349"},"modified":"2025-11-10T11:12:19","modified_gmt":"2025-11-10T10:12:19","slug":"tanzmariechen","status":"publish","type":"page","link":"https:\/\/kv-uno-waldsee.de\/?page_id=4349","title":{"rendered":"Tanzmariechen"},"content":{"rendered":"<p dir=\"ltr\" style=\"text-align: center;\"><span style=\"color: #000000;\">ngg_shortcode_0_placeholder<\/span><\/p>\n<p dir=\"ltr\" style=\"text-align: center;\"><span style=\"font-size: 14pt;\"><strong><span style=\"color: #000000;\">Nelly Winkelmann&nbsp;<\/span><\/strong><\/span><\/p>\n<p style=\"text-align: justify;\"><span style=\"font-weight: 400; color: #000000;\">Mit 4 Jahren begann Nelly im Kinderturnen in&nbsp; Limburgerhof bei der TG 04 erste Wettkampf Erfahrungen zu sammeln.&nbsp; Mit 6 Jahren wechselte sie in eine andere Turngruppe, mit Ziel, an regelm\u00e4\u00dfigen Wettk\u00e4mpfen teilzunehmen.&nbsp;<\/span><span style=\"font-weight: 400; color: #000000;\">Bis heute hat Nelly an vielen Wettk\u00e4mpfen im Einzel und mit Mannschaft teilgenommen. <\/span><span style=\"font-weight: 400; color: #000000;\">Im M\u00e4rz 2018 begann sie bei der UNO-Purzelgarde. W\u00e4hrend der Pandemie, im Oktober 2020, ist sie in die Kindergarde gewechselt. Dort tanzte sie bis 2023.&nbsp;<\/span><span style=\"font-weight: 400; color: #000000;\">Im Jahr 2024 startete Nelly, mit 11 Jahren, als neuer Programmpunkt bei den Veranstaltungen der UNO. Als Tanzmariechen&nbsp; verzaubert sie das Publikum mit ihren t\u00e4nzerischen und akrobatischen Leistungen.<\/span><\/p>\n<p><span style=\"color: #000000;\"><strong>Trainerteam und Betreuung&nbsp;<\/strong><\/span><\/p>\n<ul>\n<li style=\"font-weight: 400;\" aria-level=\"1\"><span style=\"font-weight: 400; color: #000000;\">Evelyn Schneider&nbsp;<\/span><\/li>\n<li style=\"font-weight: 400;\" aria-level=\"1\"><span style=\"font-weight: 400; color: #000000;\">Sascha Schmelz<\/span><\/li>\n<\/ul>\n","protected":false},"excerpt":{"rendered":"<p>Nelly Winkelmann&nbsp; Mit 4 Jahren begann Nelly im Kinderturnen in&nbsp; Limburgerhof bei der TG 04 erste Wettkampf Erfahrungen zu sammeln.&nbsp; Mit 6 Jahren wechselte sie in eine andere Turngruppe, mit Ziel, an regelm\u00e4\u00dfigen Wettk\u00e4mpfen teilzunehmen.&nbsp;Bis heute hat Nelly an vielen Wettk\u00e4mpfen im Einzel und mit Mannschaft teilgenommen. Im M\u00e4rz 2018 begann sie bei der UNO-Purzelgarde. [&hellip;]<\/p>\n","protected":false},"author":1,"featured_media":0,"parent":0,"menu_order":0,"comment_status":"closed","ping_status":"closed","template":"","meta":{"ngg_post_thumbnail":0,"footnotes":""},"categories":[],"tags":[],"class_list":["post-4349","page","type-page","status-publish","hentry"],"_links":{"self":[{"href":"https:\/\/kv-uno-waldsee.de\/index.php?rest_route=\/wp\/v2\/pages\/4349","targetHints":{"allow":["GET"]}}],"collection":[{"href":"https:\/\/kv-uno-waldsee.de\/index.php?rest_route=\/wp\/v2\/pages"}],"about":[{"href":"https:\/\/kv-uno-waldsee.de\/index.php?rest_route=\/wp\/v2\/types\/page"}],"author":[{"embeddable":true,"href":"https:\/\/kv-uno-waldsee.de\/index.php?rest_route=\/wp\/v2\/users\/1"}],"replies":[{"embeddable":true,"href":"https:\/\/kv-uno-waldsee.de\/index.php?rest_route=%2Fwp%2Fv2%2Fcomments&post=4349"}],"version-history":[{"count":5,"href":"https:\/\/kv-uno-waldsee.de\/index.php?rest_route=\/wp\/v2\/pages\/4349\/revisions"}],"predecessor-version":[{"id":4354,"href":"https:\/\/kv-uno-waldsee.de\/index.php?rest_route=\/wp\/v2\/pages\/4349\/revisions\/4354"}],"wp:attachment":[{"href":"https:\/\/kv-uno-waldsee.de\/index.php?rest_route=%2Fwp%2Fv2%2Fmedia&parent=4349"}],"wp:term":[{"taxonomy":"category","embeddable":true,"href":"https:\/\/kv-uno-waldsee.de\/index.php?rest_route=%2Fwp%2Fv2%2Fcategories&post=4349"},{"taxonomy":"post_tag","embeddable":true,"href":"https:\/\/kv-uno-waldsee.de\/index.php?rest_route=%2Fwp%2Fv2%2Ftags&post=4349"}],"curies":[{"name":"wp","href":"https:\/\/api.w.org\/{rel}","templated":true}]}}