{"id":4215,"date":"2025-11-10T13:01:51","date_gmt":"2025-11-10T12:01:51","guid":{"rendered":"https:\/\/kv-uno-waldsee.de\/?page_id=4215"},"modified":"2025-11-10T13:02:04","modified_gmt":"2025-11-10T12:02:04","slug":"vergnuegung-2026","status":"publish","type":"page","link":"https:\/\/kv-uno-waldsee.de\/?page_id=4215","title":{"rendered":"Vergn\u00fcgungsausschuss"},"content":{"rendered":"<p dir=\"ltr\">ngg_shortcode_0_placeholder&nbsp;<\/p>\n<p style=\"text-align: justify;\"><span style=\"color: #000000;\">Der Vergn\u00fcgungsausschuss tr\u00e4gt die Verantwortung f\u00fcr die Planung und Organisation s\u00e4mtlicher UNO-Veranstaltungen \u2013 mit Ausnahme des Umzugs. Ob Prunksitzungen, UAP oder andere Saal Veranstaltungen: Die Events liegen organisatorisch in den bew\u00e4hrten H\u00e4nden dieses engagierten Teams. Nach den Neuwahlen im Juni 2026 hat sich der Ausschuss unter dem Vorsitz von Eva G\u00f6de und ihrer Stellvertreterin Michelle Schaaf verj\u00fcngt und mit frischer Energie aufgestellt. Das aktuell 23-k\u00f6pfige Team geht mit gro\u00dfer Begeisterung und viel Herzblut an seine Aufgaben heran. Neben der gesamten Ablaufplanung \u00fcbernimmt der Ausschuss auch die Auswahl der Musik-Acts und sorgt somit f\u00fcr die passende musikalische Umrahmung der Veranstaltungen. Im Jubil\u00e4umsjahr ist das Team nicht nur f\u00fcr die regul\u00e4ren Veranstaltungen zust\u00e4ndig, sondern koordiniert auch mit viel Einsatz die Planung und Durchf\u00fchrung der Jubil\u00e4umsfestivit\u00e4ten au\u00dferhalb der n\u00e4rrischen Zeit. So sorgt der Vergn\u00fcgungsausschuss in enger Zusammenarbeit mit den beiden anderen Aussch\u00fcssen daf\u00fcr, dass jeder Moment der Kampagne zu einem unvergesslichen Erlebnis wird \u2013 f\u00fcr G\u00e4ste, Aktive und alle Freunde des Vereins.<\/span><\/p>\n\n<table id=\"tablepress-8\" class=\"tablepress tablepress-id-8 tbody-has-connected-cells\">\n<thead>\n<tr class=\"row-1\">\n\t<th colspan=\"2\" class=\"column-1\"><strong>Vergn\u00fcgungsausschuss<\/strong><\/th>\n<\/tr>\n<\/thead>\n<tbody class=\"row-striping row-hover\">\n<tr class=\"row-2\">\n\t<td colspan=\"2\" class=\"column-1\"><strong>Eva G\u00f6de - Vorsitzende<\/strong><\/td>\n<\/tr>\n<tr class=\"row-3\">\n\t<td class=\"column-1\">Vera Erbach<\/td><td class=\"column-2\">Vanessa M\u00f6bus<\/td>\n<\/tr>\n<tr class=\"row-4\">\n\t<td class=\"column-1\">Mary Giorgi<\/td><td class=\"column-2\">Rebecca Netter<\/td>\n<\/tr>\n<tr class=\"row-5\">\n\t<td class=\"column-1\">Oliver Hahn<\/td><td class=\"column-2\">Ina Regenauer<\/td>\n<\/tr>\n<tr class=\"row-6\">\n\t<td class=\"column-1\">Oliver Hauck<\/td><td class=\"column-2\">Bettina Rennholz<\/td>\n<\/tr>\n<tr class=\"row-7\">\n\t<td class=\"column-1\">Michelle Jutzi<\/td><td class=\"column-2\">Rainer Sattel<\/td>\n<\/tr>\n<tr class=\"row-8\">\n\t<td class=\"column-1\">Saskia Keller<\/td><td class=\"column-2\">J\u00f6rg Schaack<\/td>\n<\/tr>\n<tr class=\"row-9\">\n\t<td class=\"column-1\">Elke Ke\u00dfler-Br\u00fcnn<\/td><td class=\"column-2\">Sascha Schmelz<\/td>\n<\/tr>\n<tr class=\"row-10\">\n\t<td class=\"column-1\">Michelle Ki\u00dfler<\/td><td class=\"column-2\">Evelyn Schneider<\/td>\n<\/tr>\n<tr class=\"row-11\">\n\t<td class=\"column-1\">Kai Knittel<\/td><td class=\"column-2\">Heike Schwahn<\/td>\n<\/tr>\n<tr class=\"row-12\">\n\t<td class=\"column-1\">Volker Kn\u00f6rr<\/td><td class=\"column-2\">Simone Stett<\/td>\n<\/tr>\n<tr class=\"row-13\">\n\t<td class=\"column-1\">Bettina Lang<\/td><td class=\"column-2\">Michael Willms<\/td>\n<\/tr>\n<\/tbody>\n<\/table>\n<!-- #tablepress-8 from cache -->\n","protected":false},"excerpt":{"rendered":"<p>&nbsp; Der Vergn\u00fcgungsausschuss tr\u00e4gt die Verantwortung f\u00fcr die Planung und Organisation s\u00e4mtlicher UNO-Veranstaltungen \u2013 mit Ausnahme des Umzugs. Ob Prunksitzungen, UAP oder andere Saal Veranstaltungen: Die Events liegen organisatorisch in den bew\u00e4hrten H\u00e4nden dieses engagierten Teams. Nach den Neuwahlen im Juni 2026 hat sich der Ausschuss unter dem Vorsitz von Eva G\u00f6de und ihrer Stellvertreterin [&hellip;]<\/p>\n","protected":false},"author":1,"featured_media":0,"parent":0,"menu_order":0,"comment_status":"closed","ping_status":"closed","template":"","meta":{"ngg_post_thumbnail":0,"footnotes":""},"categories":[15,33],"tags":[],"class_list":["post-4215","page","type-page","status-publish","hentry","category-aktive","category-ausschuesse"],"_links":{"self":[{"href":"https:\/\/kv-uno-waldsee.de\/index.php?rest_route=\/wp\/v2\/pages\/4215","targetHints":{"allow":["GET"]}}],"collection":[{"href":"https:\/\/kv-uno-waldsee.de\/index.php?rest_route=\/wp\/v2\/pages"}],"about":[{"href":"https:\/\/kv-uno-waldsee.de\/index.php?rest_route=\/wp\/v2\/types\/page"}],"author":[{"embeddable":true,"href":"https:\/\/kv-uno-waldsee.de\/index.php?rest_route=\/wp\/v2\/users\/1"}],"replies":[{"embeddable":true,"href":"https:\/\/kv-uno-waldsee.de\/index.php?rest_route=%2Fwp%2Fv2%2Fcomments&post=4215"}],"version-history":[{"count":6,"href":"https:\/\/kv-uno-waldsee.de\/index.php?rest_route=\/wp\/v2\/pages\/4215\/revisions"}],"predecessor-version":[{"id":4379,"href":"https:\/\/kv-uno-waldsee.de\/index.php?rest_route=\/wp\/v2\/pages\/4215\/revisions\/4379"}],"wp:attachment":[{"href":"https:\/\/kv-uno-waldsee.de\/index.php?rest_route=%2Fwp%2Fv2%2Fmedia&parent=4215"}],"wp:term":[{"taxonomy":"category","embeddable":true,"href":"https:\/\/kv-uno-waldsee.de\/index.php?rest_route=%2Fwp%2Fv2%2Fcategories&post=4215"},{"taxonomy":"post_tag","embeddable":true,"href":"https:\/\/kv-uno-waldsee.de\/index.php?rest_route=%2Fwp%2Fv2%2Ftags&post=4215"}],"curies":[{"name":"wp","href":"https:\/\/api.w.org\/{rel}","templated":true}]}}