{"id":4210,"date":"2025-11-10T13:03:00","date_gmt":"2025-11-10T12:03:00","guid":{"rendered":"https:\/\/kv-uno-waldsee.de\/?page_id=4210"},"modified":"2025-11-10T13:03:23","modified_gmt":"2025-11-10T12:03:23","slug":"jugendvorstand","status":"publish","type":"page","link":"https:\/\/kv-uno-waldsee.de\/?page_id=4210","title":{"rendered":"Jugendvorstand"},"content":{"rendered":"<p dir=\"ltr\">ngg_shortcode_0_placeholder&nbsp;<\/p>\n<p style=\"text-align: justify;\"><span style=\"color: #000000;\">Der Jugendvorstand der KV UNO besteht aus vier engagierten jungen Erwachsenen, die organisatorisch dem Vergn\u00fcgungsausschuss angegliedert sind. Besonders im Bereich der Nachwuchsarbeit \u00fcbernimmt der Jugendvorstand wichtige Aufgaben im Vereinsleben. Zu den festen Aufgaben geh\u00f6rt jedes Jahr die Organisation der beliebten Kinderfastnachtsparty, die stets mit viel Kreativit\u00e4t und Engagement vorbereitet wird und traditionell am Fastnachtssonntag stattfindet. Dar\u00fcber hinaus k\u00fcmmert sich der Jugendvorstand um die Vorbereitung und \u00dcbergabe der Geschenke zur Kommunion bzw. Konfirmation an die jungen UNO-Mitglieder \u2013 als herzliche Geste im Namen der gesamten KV UNO.<\/span><\/p>\n<p style=\"text-align: justify;\"><span style=\"color: #000000;\">Mit frischen Ideen und gro\u00dfem Einsatz tr\u00e4gt der Jugendvorstand dazu bei, dass sich auch die j\u00fcngsten Mitglieder im Verein gesehen und wertgesch\u00e4tzt f\u00fchlen \u2013 und das ist ein wichtiger Beitrag f\u00fcr die Zukunft unseres Vereins.<\/span><\/p>\n\n<table id=\"tablepress-6\" class=\"tablepress tablepress-id-6\">\n<thead>\n<tr class=\"row-1\">\n\t<th class=\"column-1\"><strong>Jugendvorstand<\/strong><\/th>\n<\/tr>\n<\/thead>\n<tbody class=\"row-striping row-hover\">\n<tr class=\"row-2\">\n\t<td class=\"column-1\">Saskia Keller<\/td>\n<\/tr>\n<tr class=\"row-3\">\n\t<td class=\"column-1\">Michelle Ki\u00dfler<\/td>\n<\/tr>\n<tr class=\"row-4\">\n\t<td class=\"column-1\">Pauline M\u00fcller<\/td>\n<\/tr>\n<tr class=\"row-5\">\n\t<td class=\"column-1\">Celine Br\u00fcnn<\/td>\n<\/tr>\n<\/tbody>\n<\/table>\n<!-- #tablepress-6 from cache -->\n","protected":false},"excerpt":{"rendered":"<p>&nbsp; Der Jugendvorstand der KV UNO besteht aus vier engagierten jungen Erwachsenen, die organisatorisch dem Vergn\u00fcgungsausschuss angegliedert sind. Besonders im Bereich der Nachwuchsarbeit \u00fcbernimmt der Jugendvorstand wichtige Aufgaben im Vereinsleben. Zu den festen Aufgaben geh\u00f6rt jedes Jahr die Organisation der beliebten Kinderfastnachtsparty, die stets mit viel Kreativit\u00e4t und Engagement vorbereitet wird und traditionell am Fastnachtssonntag [&hellip;]<\/p>\n","protected":false},"author":1,"featured_media":0,"parent":0,"menu_order":0,"comment_status":"closed","ping_status":"closed","template":"","meta":{"ngg_post_thumbnail":0,"footnotes":""},"categories":[15,33],"tags":[],"class_list":["post-4210","page","type-page","status-publish","hentry","category-aktive","category-ausschuesse"],"_links":{"self":[{"href":"https:\/\/kv-uno-waldsee.de\/index.php?rest_route=\/wp\/v2\/pages\/4210","targetHints":{"allow":["GET"]}}],"collection":[{"href":"https:\/\/kv-uno-waldsee.de\/index.php?rest_route=\/wp\/v2\/pages"}],"about":[{"href":"https:\/\/kv-uno-waldsee.de\/index.php?rest_route=\/wp\/v2\/types\/page"}],"author":[{"embeddable":true,"href":"https:\/\/kv-uno-waldsee.de\/index.php?rest_route=\/wp\/v2\/users\/1"}],"replies":[{"embeddable":true,"href":"https:\/\/kv-uno-waldsee.de\/index.php?rest_route=%2Fwp%2Fv2%2Fcomments&post=4210"}],"version-history":[{"count":5,"href":"https:\/\/kv-uno-waldsee.de\/index.php?rest_route=\/wp\/v2\/pages\/4210\/revisions"}],"predecessor-version":[{"id":4380,"href":"https:\/\/kv-uno-waldsee.de\/index.php?rest_route=\/wp\/v2\/pages\/4210\/revisions\/4380"}],"wp:attachment":[{"href":"https:\/\/kv-uno-waldsee.de\/index.php?rest_route=%2Fwp%2Fv2%2Fmedia&parent=4210"}],"wp:term":[{"taxonomy":"category","embeddable":true,"href":"https:\/\/kv-uno-waldsee.de\/index.php?rest_route=%2Fwp%2Fv2%2Fcategories&post=4210"},{"taxonomy":"post_tag","embeddable":true,"href":"https:\/\/kv-uno-waldsee.de\/index.php?rest_route=%2Fwp%2Fv2%2Ftags&post=4210"}],"curies":[{"name":"wp","href":"https:\/\/api.w.org\/{rel}","templated":true}]}}