{"id":4208,"date":"2025-11-10T13:05:10","date_gmt":"2025-11-10T12:05:10","guid":{"rendered":"https:\/\/kv-uno-waldsee.de\/?page_id=4208"},"modified":"2025-11-10T13:05:20","modified_gmt":"2025-11-10T12:05:20","slug":"wirtschaftsausschuss","status":"publish","type":"page","link":"https:\/\/kv-uno-waldsee.de\/?page_id=4208","title":{"rendered":"Wirtschaftsausschuss"},"content":{"rendered":"<p dir=\"ltr\">ngg_shortcode_0_placeholder&nbsp;<\/p>\n<p style=\"text-align: justify;\"><span style=\"color: #000000;\">Der Wirtschaftsausschuss k\u00fcmmert sich an allen Veranstaltungen der UNO um das leibliche Wohl der G\u00e4ste und der Aktiven. Die T\u00e4tigkeiten \u00fcberschreiten schon lange solche Dinge wie \u201cBr\u00f6tchen schmieren\u201d und das Aufziehen von Weinflaschen. Legend\u00e4r ist mittlerweile das \u201cUNO-Bistro\u201d, das am Kr\u00f6nungsball und am Ball der Prinzessin allerlei K\u00f6stlichkeiten offeriert. Im Foyer der Kulturhalle werden auch gute Dinge in fl\u00fcssiger Form angeboten, die es in der Halle selber nicht gibt, wie zum Beispiel die Bierbar, Kaffeebar, Weinlounge oder eine Cocktailbar. Je nach Veranstaltung variiert hier das Angebot.<\/span><\/p>\n\n<table id=\"tablepress-9\" class=\"tablepress tablepress-id-9 tbody-has-connected-cells\">\n<thead>\n<tr class=\"row-1\">\n\t<th colspan=\"2\" class=\"column-1\"><strong>Wirtschaftsausschuss<\/strong><\/th>\n<\/tr>\n<\/thead>\n<tbody class=\"row-striping row-hover\">\n<tr class=\"row-2\">\n\t<td colspan=\"2\" class=\"column-1\"><strong>Thomas Schotth\u00f6fer - Vorsitzender<\/strong><\/td>\n<\/tr>\n<tr class=\"row-3\">\n\t<td class=\"column-1\">Ines Borger<\/td><td class=\"column-2\">Nina Schotth\u00f6fer<\/td>\n<\/tr>\n<tr class=\"row-4\">\n\t<td class=\"column-1\">Celine Br\u00fcnn<\/td><td class=\"column-2\">Tobias Schotth\u00f6fer<\/td>\n<\/tr>\n<tr class=\"row-5\">\n\t<td class=\"column-1\">Iris Buder<\/td><td class=\"column-2\">Sarah Spindler<\/td>\n<\/tr>\n<tr class=\"row-6\">\n\t<td class=\"column-1\">Frank Gruber<\/td><td class=\"column-2\">Sven Ullrich<\/td>\n<\/tr>\n<tr class=\"row-7\">\n\t<td class=\"column-1\">Marlies Klau\u00df<\/td><td class=\"column-2\">Daniela Ulrich<\/td>\n<\/tr>\n<tr class=\"row-8\">\n\t<td class=\"column-1\">Tanja Mironow<\/td><td class=\"column-2\">Sarah Warth<\/td>\n<\/tr>\n<tr class=\"row-9\">\n\t<td class=\"column-1\">Frank M\u00f6bus<\/td><td class=\"column-2\">Jan Wiemer<\/td>\n<\/tr>\n<tr class=\"row-10\">\n\t<td class=\"column-1\">Martina M\u00f6bus<\/td><td class=\"column-2\">Marion Wiemer<\/td>\n<\/tr>\n<tr class=\"row-11\">\n\t<td class=\"column-1\">Johannes Reiland<\/td><td class=\"column-2\">Melanie Zickgraf<\/td>\n<\/tr>\n<tr class=\"row-12\">\n\t<td class=\"column-1\">Dominic Schiele<\/td><td class=\"column-2\">Anita Zickgraf<\/td>\n<\/tr>\n<tr class=\"row-13\">\n\t<td class=\"column-1\">Sabine Schotth\u00f6fer<\/td><td class=\"column-2\"><\/td>\n<\/tr>\n<\/tbody>\n<\/table>\n<!-- #tablepress-9 from cache -->\n","protected":false},"excerpt":{"rendered":"<p>&nbsp; Der Wirtschaftsausschuss k\u00fcmmert sich an allen Veranstaltungen der UNO um das leibliche Wohl der G\u00e4ste und der Aktiven. Die T\u00e4tigkeiten \u00fcberschreiten schon lange solche Dinge wie \u201cBr\u00f6tchen schmieren\u201d und das Aufziehen von Weinflaschen. Legend\u00e4r ist mittlerweile das \u201cUNO-Bistro\u201d, das am Kr\u00f6nungsball und am Ball der Prinzessin allerlei K\u00f6stlichkeiten offeriert. Im Foyer der Kulturhalle werden [&hellip;]<\/p>\n","protected":false},"author":1,"featured_media":0,"parent":0,"menu_order":0,"comment_status":"closed","ping_status":"closed","template":"","meta":{"ngg_post_thumbnail":0,"footnotes":""},"categories":[15,33],"tags":[],"class_list":["post-4208","page","type-page","status-publish","hentry","category-aktive","category-ausschuesse"],"_links":{"self":[{"href":"https:\/\/kv-uno-waldsee.de\/index.php?rest_route=\/wp\/v2\/pages\/4208","targetHints":{"allow":["GET"]}}],"collection":[{"href":"https:\/\/kv-uno-waldsee.de\/index.php?rest_route=\/wp\/v2\/pages"}],"about":[{"href":"https:\/\/kv-uno-waldsee.de\/index.php?rest_route=\/wp\/v2\/types\/page"}],"author":[{"embeddable":true,"href":"https:\/\/kv-uno-waldsee.de\/index.php?rest_route=\/wp\/v2\/users\/1"}],"replies":[{"embeddable":true,"href":"https:\/\/kv-uno-waldsee.de\/index.php?rest_route=%2Fwp%2Fv2%2Fcomments&post=4208"}],"version-history":[{"count":5,"href":"https:\/\/kv-uno-waldsee.de\/index.php?rest_route=\/wp\/v2\/pages\/4208\/revisions"}],"predecessor-version":[{"id":4381,"href":"https:\/\/kv-uno-waldsee.de\/index.php?rest_route=\/wp\/v2\/pages\/4208\/revisions\/4381"}],"wp:attachment":[{"href":"https:\/\/kv-uno-waldsee.de\/index.php?rest_route=%2Fwp%2Fv2%2Fmedia&parent=4208"}],"wp:term":[{"taxonomy":"category","embeddable":true,"href":"https:\/\/kv-uno-waldsee.de\/index.php?rest_route=%2Fwp%2Fv2%2Fcategories&post=4208"},{"taxonomy":"post_tag","embeddable":true,"href":"https:\/\/kv-uno-waldsee.de\/index.php?rest_route=%2Fwp%2Fv2%2Ftags&post=4208"}],"curies":[{"name":"wp","href":"https:\/\/api.w.org\/{rel}","templated":true}]}}