{"id":4206,"date":"2025-11-10T12:57:29","date_gmt":"2025-11-10T11:57:29","guid":{"rendered":"https:\/\/kv-uno-waldsee.de\/?page_id=4206"},"modified":"2025-11-10T12:58:01","modified_gmt":"2025-11-10T11:58:01","slug":"beisitzer","status":"publish","type":"page","link":"https:\/\/kv-uno-waldsee.de\/?page_id=4206","title":{"rendered":"Beisitzer"},"content":{"rendered":"<p dir=\"ltr\">ngg_shortcode_0_placeholder&nbsp;<\/p>\n<p style=\"text-align: justify;\"><span style=\"color: #000000;\">Ein Beisitzer im Verein ist ein Vorstandsmitglied ohne festes Ressort, das den Vorstand bei Bedarf unterst\u00fctzt und Aufgaben \u00fcbernimmt, die in der Satzung festgelegt sind oder je nach Bedarf anfallen. Die Aufgaben sind vielf\u00e4ltig &#8211; von der Unterst\u00fctzung bei der Organisation von Veranstaltungen bis zur Mitgliederverwaltung. Beisitzer bringen sich mit ihren F\u00e4higkeiten ein, um den Verein voranzubringen, ohne eine \u201cfeste Abteilung\u201d zu leiten.<\/span><\/p>\n<p style=\"text-align: justify;\"><strong><span style=\"color: #000000;\">Die Beisitzer im Jubil\u00e4umsjahr 2026<\/span><\/strong><\/p>\n<p style=\"text-align: justify;\"><span style=\"color: #000000;\">Werner Bleifeld, J\u00fcrgen Gruber, Bernhard Knittel, Angela Netter, Herbert Schehl<\/span><\/p>\n","protected":false},"excerpt":{"rendered":"<p>&nbsp; Ein Beisitzer im Verein ist ein Vorstandsmitglied ohne festes Ressort, das den Vorstand bei Bedarf unterst\u00fctzt und Aufgaben \u00fcbernimmt, die in der Satzung festgelegt sind oder je nach Bedarf anfallen. Die Aufgaben sind vielf\u00e4ltig &#8211; von der Unterst\u00fctzung bei der Organisation von Veranstaltungen bis zur Mitgliederverwaltung. Beisitzer bringen sich mit ihren F\u00e4higkeiten ein, um [&hellip;]<\/p>\n","protected":false},"author":1,"featured_media":0,"parent":0,"menu_order":0,"comment_status":"closed","ping_status":"closed","template":"","meta":{"ngg_post_thumbnail":0,"footnotes":""},"categories":[15,33],"tags":[],"class_list":["post-4206","page","type-page","status-publish","hentry","category-aktive","category-ausschuesse"],"_links":{"self":[{"href":"https:\/\/kv-uno-waldsee.de\/index.php?rest_route=\/wp\/v2\/pages\/4206","targetHints":{"allow":["GET"]}}],"collection":[{"href":"https:\/\/kv-uno-waldsee.de\/index.php?rest_route=\/wp\/v2\/pages"}],"about":[{"href":"https:\/\/kv-uno-waldsee.de\/index.php?rest_route=\/wp\/v2\/types\/page"}],"author":[{"embeddable":true,"href":"https:\/\/kv-uno-waldsee.de\/index.php?rest_route=\/wp\/v2\/users\/1"}],"replies":[{"embeddable":true,"href":"https:\/\/kv-uno-waldsee.de\/index.php?rest_route=%2Fwp%2Fv2%2Fcomments&post=4206"}],"version-history":[{"count":4,"href":"https:\/\/kv-uno-waldsee.de\/index.php?rest_route=\/wp\/v2\/pages\/4206\/revisions"}],"predecessor-version":[{"id":4372,"href":"https:\/\/kv-uno-waldsee.de\/index.php?rest_route=\/wp\/v2\/pages\/4206\/revisions\/4372"}],"wp:attachment":[{"href":"https:\/\/kv-uno-waldsee.de\/index.php?rest_route=%2Fwp%2Fv2%2Fmedia&parent=4206"}],"wp:term":[{"taxonomy":"category","embeddable":true,"href":"https:\/\/kv-uno-waldsee.de\/index.php?rest_route=%2Fwp%2Fv2%2Fcategories&post=4206"},{"taxonomy":"post_tag","embeddable":true,"href":"https:\/\/kv-uno-waldsee.de\/index.php?rest_route=%2Fwp%2Fv2%2Ftags&post=4206"}],"curies":[{"name":"wp","href":"https:\/\/api.w.org\/{rel}","templated":true}]}}