{"id":4204,"date":"2025-10-03T16:35:41","date_gmt":"2025-10-03T15:35:41","guid":{"rendered":"https:\/\/kv-uno-waldsee.de\/?page_id=4204"},"modified":"2025-11-10T12:56:28","modified_gmt":"2025-11-10T11:56:28","slug":"umzug-und-buehnenbau-2026","status":"publish","type":"page","link":"https:\/\/kv-uno-waldsee.de\/?page_id=4204","title":{"rendered":"Umzug- und B\u00fchnenbau Ausschuss"},"content":{"rendered":"<p style=\"text-align: center;\"><span style=\"font-weight: 400; font-size: 12pt; color: #000000;\">ngg_shortcode_0_placeholder<\/span><\/p>\n<p style=\"text-align: justify;\"><span style=\"color: #000000;\">Der Umzug- und B\u00fchnenbauausschuss zeichnet verantwortlich, wie der Name schon sagt, f\u00fcr den Bau der B\u00fchne und die Durchf\u00fchrung des Umzuges. Zum B\u00fchnenbau z\u00e4hlt allerdings auch noch der Saalschmuck, die Dekorationen von Foyer und Bistro. Zum Umzug geh\u00f6ren noch das Erstellen der Motivwagen, Unterhaltung der Prunkwagen und die Organisation der Musikz\u00fcge f\u00fcr den Umzug. Eines der Kernst\u00fccke des Fasnachtsumzugs der UNO sind nat\u00fcrlich die Motivwagen. Sie behandeln Themen auf lokaler Ebene, aber auch dar\u00fcber hinaus.<\/span><\/p>\n<p style=\"text-align: justify;\"><span style=\"color: #000000;\">Seit Mitte der 80er Jahre ist es bei der UNO so \u00fcblich, dass eine Woche nach der Kr\u00f6nung der neuen Tollit\u00e4t deren Residenz auch nach au\u00dfen hin kenntlich gemacht wird. Dies erfolgt durch das sog. \u201cPrinzessinnenschild\u201d, das in Form eines gro\u00dfen Schildes, mit darauf der Jahresorden, schon von weitem auf das n\u00e4rrische Domizil der Tollit\u00e4t hinweist.<\/span><\/p>\n<p><span style=\"color: #000000;\">Die Mitglieder der Umzug- und B\u00fchnenbauer im Jubil\u00e4umsjahr 2026<\/span><\/p>\n\n<table id=\"tablepress-7\" class=\"tablepress tablepress-id-7 tbody-has-connected-cells\">\n<thead>\n<tr class=\"row-1\">\n\t<th colspan=\"2\" class=\"column-1\"><strong>Umzug- und B\u00fchnenbau Ausschuss<\/strong><\/th>\n<\/tr>\n<\/thead>\n<tbody class=\"row-striping row-hover\">\n<tr class=\"row-2\">\n\t<td colspan=\"2\" class=\"column-1\"><strong>Roberta Casu - Vorsitzende<\/strong><\/td>\n<\/tr>\n<tr class=\"row-3\">\n\t<td class=\"column-1\">Markus Bode<\/td><td class=\"column-2\">Klaus Krieg<\/td>\n<\/tr>\n<tr class=\"row-4\">\n\t<td class=\"column-1\">Frank Buder<\/td><td class=\"column-2\">Ralf Krug<\/td>\n<\/tr>\n<tr class=\"row-5\">\n\t<td class=\"column-1\">Andr\u00e9 Netter<\/td><td class=\"column-2\">Markus Otte<\/td>\n<\/tr>\n<tr class=\"row-6\">\n\t<td class=\"column-1\">Ines Dromnitzki<\/td><td class=\"column-2\">Oliver Russ<\/td>\n<\/tr>\n<tr class=\"row-7\">\n\t<td class=\"column-1\">Matthias Erbach<\/td><td class=\"column-2\">Dietmar Schlosser<\/td>\n<\/tr>\n<tr class=\"row-8\">\n\t<td class=\"column-1\">Adrian Feil<\/td><td class=\"column-2\">Karl Schwahn<\/td>\n<\/tr>\n<tr class=\"row-9\">\n\t<td class=\"column-1\">Ralf Franke<\/td><td class=\"column-2\">Benny Stett<\/td>\n<\/tr>\n<tr class=\"row-10\">\n\t<td class=\"column-1\">Nadine Gabor<\/td><td class=\"column-2\">Matthias Th\u00f6nnes<\/td>\n<\/tr>\n<tr class=\"row-11\">\n\t<td class=\"column-1\">R\u00fcdiger Keller<\/td><td class=\"column-2\">Karl Volland<\/td>\n<\/tr>\n<tr class=\"row-12\">\n\t<td class=\"column-1\">Alexander Knittel<\/td><td class=\"column-2\">Renate Volland<\/td>\n<\/tr>\n<tr class=\"row-13\">\n\t<td class=\"column-1\">Bernhard Knittel<\/td><td class=\"column-2\">Florian Zickgraf<\/td>\n<\/tr>\n<tr class=\"row-14\">\n\t<td class=\"column-1\">Lars Kramer<\/td><td class=\"column-2\">Reinhard Zickgraf<\/td>\n<\/tr>\n<\/tbody>\n<\/table>\n<!-- #tablepress-7 from cache -->\n","protected":false},"excerpt":{"rendered":"<p>Der Umzug- und B\u00fchnenbauausschuss zeichnet verantwortlich, wie der Name schon sagt, f\u00fcr den Bau der B\u00fchne und die Durchf\u00fchrung des Umzuges. Zum B\u00fchnenbau z\u00e4hlt allerdings auch noch der Saalschmuck, die Dekorationen von Foyer und Bistro. Zum Umzug geh\u00f6ren noch das Erstellen der Motivwagen, Unterhaltung der Prunkwagen und die Organisation der Musikz\u00fcge f\u00fcr den Umzug. Eines [&hellip;]<\/p>\n","protected":false},"author":1,"featured_media":0,"parent":0,"menu_order":0,"comment_status":"closed","ping_status":"closed","template":"","meta":{"ngg_post_thumbnail":0,"footnotes":""},"categories":[15,33],"tags":[],"class_list":["post-4204","page","type-page","status-publish","hentry","category-aktive","category-ausschuesse"],"_links":{"self":[{"href":"https:\/\/kv-uno-waldsee.de\/index.php?rest_route=\/wp\/v2\/pages\/4204","targetHints":{"allow":["GET"]}}],"collection":[{"href":"https:\/\/kv-uno-waldsee.de\/index.php?rest_route=\/wp\/v2\/pages"}],"about":[{"href":"https:\/\/kv-uno-waldsee.de\/index.php?rest_route=\/wp\/v2\/types\/page"}],"author":[{"embeddable":true,"href":"https:\/\/kv-uno-waldsee.de\/index.php?rest_route=\/wp\/v2\/users\/1"}],"replies":[{"embeddable":true,"href":"https:\/\/kv-uno-waldsee.de\/index.php?rest_route=%2Fwp%2Fv2%2Fcomments&post=4204"}],"version-history":[{"count":7,"href":"https:\/\/kv-uno-waldsee.de\/index.php?rest_route=\/wp\/v2\/pages\/4204\/revisions"}],"predecessor-version":[{"id":4371,"href":"https:\/\/kv-uno-waldsee.de\/index.php?rest_route=\/wp\/v2\/pages\/4204\/revisions\/4371"}],"wp:attachment":[{"href":"https:\/\/kv-uno-waldsee.de\/index.php?rest_route=%2Fwp%2Fv2%2Fmedia&parent=4204"}],"wp:term":[{"taxonomy":"category","embeddable":true,"href":"https:\/\/kv-uno-waldsee.de\/index.php?rest_route=%2Fwp%2Fv2%2Fcategories&post=4204"},{"taxonomy":"post_tag","embeddable":true,"href":"https:\/\/kv-uno-waldsee.de\/index.php?rest_route=%2Fwp%2Fv2%2Ftags&post=4204"}],"curies":[{"name":"wp","href":"https:\/\/api.w.org\/{rel}","templated":true}]}}