{"id":4202,"date":"2025-11-10T12:58:56","date_gmt":"2025-11-10T11:58:56","guid":{"rendered":"https:\/\/kv-uno-waldsee.de\/?page_id=4202"},"modified":"2025-11-10T13:00:58","modified_gmt":"2025-11-10T12:00:58","slug":"geschaeftsfuehrung-2026","status":"publish","type":"page","link":"https:\/\/kv-uno-waldsee.de\/?page_id=4202","title":{"rendered":"Gesch\u00e4ftsf\u00fchrung"},"content":{"rendered":"<p dir=\"ltr\">ngg_shortcode_0_placeholder&nbsp;<\/p>\n<p><strong><span style=\"color: #000000;\">Der Gesch\u00e4ftsf\u00fchrende Ausschuss<\/span><\/strong><\/p>\n<ul>\n<li><span style=\"color: #000000;\">Pr\u00e4sident: Klaus Krieg<\/span><\/li>\n<li><span style=\"color: #000000;\">Vizepr\u00e4sident: Andr\u00e9 Netter<\/span><\/li>\n<li><span style=\"color: #000000;\">Schatzmeister: Fred Rennholz<\/span><\/li>\n<li><span style=\"color: #000000;\">Schriftf\u00fchrer: Christoph Dennhardt (stellv. Martina M\u00f6bus)<\/span><\/li>\n<\/ul>\n<p><strong><span style=\"color: #000000;\">Die Ausschuss &#8211; Vorsitzenden<\/span><\/strong><\/p>\n<ul>\n<li><span style=\"color: #000000;\">Wirtschaft: Thomas Schotth\u00f6fer<\/span><\/li>\n<li><span style=\"color: #000000;\">Umzug- und B\u00fchnenbau: Roberta Casu<\/span><\/li>\n<li><span style=\"color: #000000;\">Vergn\u00fcgen: Eva G\u00f6de, Michelle Schaaf<\/span><\/li>\n<\/ul>\n<p><span style=\"color: #000000;\"><strong>Technische Hallenbetreuung<\/strong>: Matthias Th\u00f6nnes<\/span><\/p>\n","protected":false},"excerpt":{"rendered":"<p>&nbsp; Der Gesch\u00e4ftsf\u00fchrende Ausschuss Pr\u00e4sident: Klaus Krieg Vizepr\u00e4sident: Andr\u00e9 Netter Schatzmeister: Fred Rennholz Schriftf\u00fchrer: Christoph Dennhardt (stellv. Martina M\u00f6bus) Die Ausschuss &#8211; Vorsitzenden Wirtschaft: Thomas Schotth\u00f6fer Umzug- und B\u00fchnenbau: Roberta Casu Vergn\u00fcgen: Eva G\u00f6de, Michelle Schaaf Technische Hallenbetreuung: Matthias Th\u00f6nnes<\/p>\n","protected":false},"author":1,"featured_media":0,"parent":0,"menu_order":0,"comment_status":"closed","ping_status":"closed","template":"","meta":{"ngg_post_thumbnail":0,"footnotes":""},"categories":[15,33],"tags":[],"class_list":["post-4202","page","type-page","status-publish","hentry","category-aktive","category-ausschuesse"],"_links":{"self":[{"href":"https:\/\/kv-uno-waldsee.de\/index.php?rest_route=\/wp\/v2\/pages\/4202","targetHints":{"allow":["GET"]}}],"collection":[{"href":"https:\/\/kv-uno-waldsee.de\/index.php?rest_route=\/wp\/v2\/pages"}],"about":[{"href":"https:\/\/kv-uno-waldsee.de\/index.php?rest_route=\/wp\/v2\/types\/page"}],"author":[{"embeddable":true,"href":"https:\/\/kv-uno-waldsee.de\/index.php?rest_route=\/wp\/v2\/users\/1"}],"replies":[{"embeddable":true,"href":"https:\/\/kv-uno-waldsee.de\/index.php?rest_route=%2Fwp%2Fv2%2Fcomments&post=4202"}],"version-history":[{"count":7,"href":"https:\/\/kv-uno-waldsee.de\/index.php?rest_route=\/wp\/v2\/pages\/4202\/revisions"}],"predecessor-version":[{"id":4377,"href":"https:\/\/kv-uno-waldsee.de\/index.php?rest_route=\/wp\/v2\/pages\/4202\/revisions\/4377"}],"wp:attachment":[{"href":"https:\/\/kv-uno-waldsee.de\/index.php?rest_route=%2Fwp%2Fv2%2Fmedia&parent=4202"}],"wp:term":[{"taxonomy":"category","embeddable":true,"href":"https:\/\/kv-uno-waldsee.de\/index.php?rest_route=%2Fwp%2Fv2%2Fcategories&post=4202"},{"taxonomy":"post_tag","embeddable":true,"href":"https:\/\/kv-uno-waldsee.de\/index.php?rest_route=%2Fwp%2Fv2%2Ftags&post=4202"}],"curies":[{"name":"wp","href":"https:\/\/api.w.org\/{rel}","templated":true}]}}