{"id":4191,"date":"2025-09-23T09:14:39","date_gmt":"2025-09-23T08:14:39","guid":{"rendered":"https:\/\/kv-uno-waldsee.de\/?page_id=4191"},"modified":"2025-11-10T13:47:59","modified_gmt":"2025-11-10T12:47:59","slug":"7-x-11-jahre-uno","status":"publish","type":"page","link":"https:\/\/kv-uno-waldsee.de\/?page_id=4191","title":{"rendered":"Jubil\u00e4umsprogramm"},"content":{"rendered":"<p><span style=\"color: #000000;\">Herzlich willkommen auf unserer Jubil\u00e4umsseite <strong>&#8222;7 x 11 Jahre UNO&#8220;<\/strong><\/span><\/p>\n<p><span style=\"color: #000000;\">Hier gibt es alle Informationen rund um unsere Jubil\u00e4umskampagne<\/span><\/p>\n<hr>\n<p><span style=\"color: #ff0000;\"><strong>Jubil\u00e4umsball des Prinzenpaares<\/strong><\/span><\/p>\n<p><span style=\"color: #000000;\">Gleich im neuen Jahr geht es weiter. Am 10. Januar 2026 findet unser &#8222;Jubil\u00e4umsball des Prinzenpaares statt.<\/span><\/p>\n<p><span style=\"color: #000000;\">Eintrittskarten hier f\u00fcr k\u00f6nnen <a href=\"https:\/\/kv-uno-waldsee.de\/?page_id=4138\" target=\"_blank\" rel=\"noopener\"><span style=\"color: #0000ff;\"><strong>HIER<\/strong> <\/span><\/a>bestellt werden.<\/span><\/p>\n<hr>\n<p><span style=\"color: #ff0000;\"><strong>Kulinarische Weinprobe<\/strong><\/span><\/p>\n<p>Diese ist am 11. April 2026 in der Kulturhalle Waldsee.<\/p>\n<p>Weitere Informationen folgen.<\/p>\n<hr>\n<p><span style=\"color: #ff0000;\"><strong>Jubil\u00e4umsfest<\/strong><\/span><\/p>\n<p>Unser gro\u00dfes Jubil\u00e4umsfest ist am 15. und 16 August 2026 in der Sommerfesthalle in Waldsee.<\/p>\n<p>Weitere Informationen folgen.<\/p>\n<p>&nbsp;<\/p>\n","protected":false},"excerpt":{"rendered":"<p>Herzlich willkommen auf unserer Jubil\u00e4umsseite &#8222;7 x 11 Jahre UNO&#8220; Hier gibt es alle Informationen rund um unsere Jubil\u00e4umskampagne Jubil\u00e4umsball des Prinzenpaares Gleich im neuen Jahr geht es weiter. Am 10. Januar 2026 findet unser &#8222;Jubil\u00e4umsball des Prinzenpaares statt. Eintrittskarten hier f\u00fcr k\u00f6nnen HIER bestellt werden. Kulinarische Weinprobe Diese ist am 11. April 2026 in [&hellip;]<\/p>\n","protected":false},"author":1,"featured_media":0,"parent":0,"menu_order":0,"comment_status":"closed","ping_status":"closed","template":"","meta":{"ngg_post_thumbnail":0,"footnotes":""},"categories":[32],"tags":[],"class_list":["post-4191","page","type-page","status-publish","hentry","category-jubilaeum-77"],"_links":{"self":[{"href":"https:\/\/kv-uno-waldsee.de\/index.php?rest_route=\/wp\/v2\/pages\/4191","targetHints":{"allow":["GET"]}}],"collection":[{"href":"https:\/\/kv-uno-waldsee.de\/index.php?rest_route=\/wp\/v2\/pages"}],"about":[{"href":"https:\/\/kv-uno-waldsee.de\/index.php?rest_route=\/wp\/v2\/types\/page"}],"author":[{"embeddable":true,"href":"https:\/\/kv-uno-waldsee.de\/index.php?rest_route=\/wp\/v2\/users\/1"}],"replies":[{"embeddable":true,"href":"https:\/\/kv-uno-waldsee.de\/index.php?rest_route=%2Fwp%2Fv2%2Fcomments&post=4191"}],"version-history":[{"count":7,"href":"https:\/\/kv-uno-waldsee.de\/index.php?rest_route=\/wp\/v2\/pages\/4191\/revisions"}],"predecessor-version":[{"id":4406,"href":"https:\/\/kv-uno-waldsee.de\/index.php?rest_route=\/wp\/v2\/pages\/4191\/revisions\/4406"}],"wp:attachment":[{"href":"https:\/\/kv-uno-waldsee.de\/index.php?rest_route=%2Fwp%2Fv2%2Fmedia&parent=4191"}],"wp:term":[{"taxonomy":"category","embeddable":true,"href":"https:\/\/kv-uno-waldsee.de\/index.php?rest_route=%2Fwp%2Fv2%2Fcategories&post=4191"},{"taxonomy":"post_tag","embeddable":true,"href":"https:\/\/kv-uno-waldsee.de\/index.php?rest_route=%2Fwp%2Fv2%2Ftags&post=4191"}],"curies":[{"name":"wp","href":"https:\/\/api.w.org\/{rel}","templated":true}]}}