{"id":4185,"date":"2025-09-22T11:53:18","date_gmt":"2025-09-22T10:53:18","guid":{"rendered":"https:\/\/kv-uno-waldsee.de\/?page_id=4185"},"modified":"2025-11-08T09:37:21","modified_gmt":"2025-11-08T08:37:21","slug":"vita-des-prinzenpaares-2","status":"publish","type":"page","link":"https:\/\/kv-uno-waldsee.de\/?page_id=4185","title":{"rendered":"Vita des Prinzenpaares"},"content":{"rendered":"<p><span style=\"color: #000000;\"><strong style=\"font-size: 16px;\"><span style=\"font-size: 12pt;\">Liebe Freunde der Waldseer Fasnacht, als Prinzenpaar m\u00f6chten wir uns gerne vorstellen.<\/span><\/strong><\/span><\/p>\n<table style=\"border-collapse: collapse; width: 100%;\">\n<tbody>\n<tr>\n<td style=\"width: 100%;\"><span style=\"font-size: 12pt; color: #000000;\"><strong>Name:<\/strong> Emilie Kn\u00f6rr<\/span><\/td>\n<\/tr>\n<tr>\n<td style=\"width: 100%;\"><span style=\"font-size: 12pt; color: #000000;\"><strong>Geburtstag:<\/strong> 05.07.2002<\/span><\/td>\n<\/tr>\n<tr>\n<td style=\"width: 100%;\"><span style=\"font-size: 12pt; color: #000000;\"><strong>Wohnort:<\/strong> Waldsee<\/span><\/td>\n<\/tr>\n<tr>\n<td style=\"width: 100%;\">\n<p style=\"text-align: justify;\"><span style=\"font-size: 12pt; color: #000000;\"><a style=\"color: #000000;\" href=\"https:\/\/kv-uno-waldsee.de\/wp-content\/uploads\/2025\/09\/Portrait_Emilie.jpg\"><img loading=\"lazy\" decoding=\"async\" class=\" wp-image-4176 alignleft\" src=\"https:\/\/kv-uno-waldsee.de\/wp-content\/uploads\/2025\/09\/Portrait_Emilie.jpg\" alt=\"\" width=\"158\" height=\"155\"><\/a>Mein Name ist <strong>Emilie Kn\u00f6rr<\/strong> und ich habe am 05.07.2002 das Licht der Welt in Speyer erblickt. Nachdem ich drei Jahre als Einzelkind genie\u00dfen durfte, kam im Juni 2005 mein Bruder, Prinz Tim I., zur Welt. Daraufhin kam ich dann in den damals noch katholischen Kindergarten Sankt Martin in Waldsee. Im Anschluss besuchte ich die Hermann-Gmeiner-Grundschule, ebenfalls in Waldsee. Nach der vierten Klasse war dann zum ersten Mal der Zeitpunkt gekommen, an dem ich die Ortsgrenzen von Waldsee verlassen musste, um nach Speyer auf das Nikolaus-von-Weis-Gymnasium zu gehen. An dieser Schule konnte ich im Jahr 2021 erfolgreich mein Abitur absolvieren.<\/span><\/p>\n<p style=\"text-align: justify;\"><span style=\"font-size: 12pt; color: #000000;\">Direkt im Anschluss startete ich dann mit meinem Dualen Studium mit dem Titel \u201eBachelor of Arts \u2013 \u00d6ffentliche Wirtschaft\u201c, Schwerpunkt Versorgungswirtschaft, welches ich im September 2024 erfolgreich abschlie\u00dfen konnte. Mein dualer Partner hierbei waren die Stadtwerke in Speyer. Dort bin ich nach wie vor angestellt und seit Oktober 2024 als treue Mitarbeiterin im Bereich Energiesteuerung und -Controlling t\u00e4tig.<\/span><\/p>\n<\/td>\n<\/tr>\n<\/tbody>\n<\/table>\n<table style=\"border-collapse: collapse; width: 100%;\">\n<tbody>\n<tr>\n<td style=\"width: 100%;\"><span style=\"font-size: 12pt; color: #000000;\"><strong>Name:<\/strong> Tim Kn\u00f6rr<\/span><\/td>\n<\/tr>\n<tr>\n<td style=\"width: 100%;\"><span style=\"font-size: 12pt; color: #000000;\"><strong>Geburtstag:<\/strong> 02.06.2005<\/span><\/td>\n<\/tr>\n<tr>\n<td style=\"width: 100%;\"><span style=\"font-size: 12pt; color: #000000;\"><strong>Wohnort:<\/strong> Waldsee<\/span><\/td>\n<\/tr>\n<tr>\n<td style=\"width: 100%;\">\n<p style=\"text-align: justify;\"><span style=\"font-size: 12pt; color: #000000;\"><a href=\"https:\/\/kv-uno-waldsee.de\/wp-content\/uploads\/2025\/09\/Portrait_Tim.jpg\"><img loading=\"lazy\" decoding=\"async\" class=\" wp-image-4177 alignleft\" src=\"https:\/\/kv-uno-waldsee.de\/wp-content\/uploads\/2025\/09\/Portrait_Tim.jpg\" alt=\"\" width=\"157\" height=\"154\"><\/a>Mein Name ist <strong>Tim Kn\u00f6rr<\/strong> und ich bin am 02.06.2005 auf die Welt gekommen. Genau wie meine gro\u00dfe Schwester besuchte ich ab dem Alter von drei Jahren die katholische KiTa und im Anschluss die Hermann-Gmeiner-Grundschule in Waldsee. Im Jahr 2015 verschlug es mich dann auch f\u00fcr einige Jahre an das Nikolaus-von-Weis-Gymnasium in Speyer, bevor ich nach Schifferstadt auf die Paul-von-Denis-Realschule plus wechselte. Dort absolvierte ich dann auch die Mittlere Reife. Schnell war mir jedoch klar, dass hier noch nicht das Ende meiner schulischen Laufbahn gekommen sein sollte, weshalb ich auf die Siebenpfeiffer Fachoberschule in Ha\u00dfloch wechselte und dort im Jahr 2023 meine Fachhochschulreife absolvierte. Als Kr\u00f6nung meiner Schulzeit legte ich dann in den n\u00e4chsten zehn Monaten noch mein Abitur am Wirtschaftsgymnasium in Ludwigshafen ab.<\/span><\/p>\n<p style=\"text-align: justify;\"><span style=\"font-size: 12pt; color: #000000;\">Um meinen Horizont zu erweitern, entschied ich mich im Anschluss daran dazu, ab Juli 2024 ein Jahr in Australien in Form eines \u201eWork &amp; Travel &#8211; Aufenthalte\u201c zu verbringen, um eine andere Kultur kennenzulernen und selbstst\u00e4ndiger zu werden, bevor es f\u00fcr mich in den kommenden Monaten ebenfalls mit einer Ausbildung oder einem Studium weiter auf dem Bildungsweg geht.<\/span><\/p>\n<\/td>\n<\/tr>\n<\/tbody>\n<\/table>\n<p><span style=\"color: #000000;\"><em><strong>Euer Prinzenpaar Emilie I. und Tim I.<\/strong><\/em><\/span><\/p>\n","protected":false},"excerpt":{"rendered":"<p>Liebe Freunde der Waldseer Fasnacht, als Prinzenpaar m\u00f6chten wir uns gerne vorstellen. Name: Emilie Kn\u00f6rr Geburtstag: 05.07.2002 Wohnort: Waldsee Mein Name ist Emilie Kn\u00f6rr und ich habe am 05.07.2002 das Licht der Welt in Speyer erblickt. Nachdem ich drei Jahre als Einzelkind genie\u00dfen durfte, kam im Juni 2005 mein Bruder, Prinz Tim I., zur Welt. [&hellip;]<\/p>\n","protected":false},"author":1,"featured_media":0,"parent":0,"menu_order":0,"comment_status":"closed","ping_status":"closed","template":"","meta":{"ngg_post_thumbnail":0,"footnotes":""},"categories":[31,3],"tags":[],"class_list":["post-4185","page","type-page","status-publish","hentry","category-kampagne-2025-2026","category-vita"],"_links":{"self":[{"href":"https:\/\/kv-uno-waldsee.de\/index.php?rest_route=\/wp\/v2\/pages\/4185","targetHints":{"allow":["GET"]}}],"collection":[{"href":"https:\/\/kv-uno-waldsee.de\/index.php?rest_route=\/wp\/v2\/pages"}],"about":[{"href":"https:\/\/kv-uno-waldsee.de\/index.php?rest_route=\/wp\/v2\/types\/page"}],"author":[{"embeddable":true,"href":"https:\/\/kv-uno-waldsee.de\/index.php?rest_route=\/wp\/v2\/users\/1"}],"replies":[{"embeddable":true,"href":"https:\/\/kv-uno-waldsee.de\/index.php?rest_route=%2Fwp%2Fv2%2Fcomments&post=4185"}],"version-history":[{"count":5,"href":"https:\/\/kv-uno-waldsee.de\/index.php?rest_route=\/wp\/v2\/pages\/4185\/revisions"}],"predecessor-version":[{"id":4190,"href":"https:\/\/kv-uno-waldsee.de\/index.php?rest_route=\/wp\/v2\/pages\/4185\/revisions\/4190"}],"wp:attachment":[{"href":"https:\/\/kv-uno-waldsee.de\/index.php?rest_route=%2Fwp%2Fv2%2Fmedia&parent=4185"}],"wp:term":[{"taxonomy":"category","embeddable":true,"href":"https:\/\/kv-uno-waldsee.de\/index.php?rest_route=%2Fwp%2Fv2%2Fcategories&post=4185"},{"taxonomy":"post_tag","embeddable":true,"href":"https:\/\/kv-uno-waldsee.de\/index.php?rest_route=%2Fwp%2Fv2%2Ftags&post=4185"}],"curies":[{"name":"wp","href":"https:\/\/api.w.org\/{rel}","templated":true}]}}