{"id":4138,"date":"2025-09-17T09:53:17","date_gmt":"2025-09-17T08:53:17","guid":{"rendered":"https:\/\/kv-uno-waldsee.de\/?page_id=4138"},"modified":"2025-09-29T08:15:54","modified_gmt":"2025-09-29T07:15:54","slug":"kartenvorverkauf-2025-2026","status":"publish","type":"page","link":"https:\/\/kv-uno-waldsee.de\/?page_id=4138","title":{"rendered":"Kartenvorverkauf 2025\/2026"},"content":{"rendered":"<p><span style=\"color: #000000;\"><strong>Der Kartenvorverkauf findet am 06. Dezember 2025 in der Narrhalla statt<\/strong><\/span><\/p>\n<p><span style=\"color: #000000;\">Adresse: <\/span><span style=\"color: #000000;\">Schlichtstra\u00dfe 12a, <\/span><span style=\"color: #000000;\">67165 Waldsee&nbsp;<\/span><\/p>\n<hr>\n<p><span style=\"color: #000000;\">Informationen zum Kartenvorverkauf der <strong>\u201eKr\u00f6nungsball des Prinzenpaares\u201c<\/strong>, des <strong>\u201eJubil\u00e4umsball des Prinzenpaares\u201c<\/strong> und der <strong>\u201ePrunksitzung(en)\u201c<\/strong><\/span><\/p>\n<hr>\n<p style=\"text-align: justify;\"><span style=\"color: #0000ff;\"><strong>\u201eKr\u00f6nungsball des Prinzenpaares\u201c&nbsp;&nbsp;<\/strong><\/span><\/p>\n<p style=\"text-align: justify;\">Wer die Kr\u00f6nung unseres Prinzenpaares \u201elive\u201c erleben will, der darf dieses Event nicht verpassen.<\/p>\n<p style=\"text-align: justify;\">Karten hierf\u00fcr k\u00f6nnen bestellt werden unter:<\/p>\n<table style=\"border-collapse: collapse; width: 100%;\">\n<tbody>\n<tr>\n<td style=\"width: 15.4839%;\"><strong><span style=\"font-size: 12pt; color: #000000;\">E-Mail:<\/span><\/strong><\/td>\n<td style=\"width: 84.5161%;\"><span style=\"font-size: 12pt; color: #000000;\">Eintrittskarten@KV-UNO-Waldsee.de<\/span><\/td>\n<\/tr>\n<tr>\n<td style=\"width: 15.4839%;\"><strong><span style=\"font-size: 12pt; color: #000000;\">Telefon:<\/span><\/strong><\/td>\n<td style=\"width: 84.5161%;\">\n<div><span style=\"color: #000000; font-size: 12pt;\">Maria Giorgi : 06236\/1040<\/span><\/div>\n<div><span style=\"color: #000000; font-size: 12pt;\">Julia Schotth\u00f6fer : 06339\/9948122<\/span><\/div>\n<\/td>\n<\/tr>\n<\/tbody>\n<\/table>\n<p style=\"text-align: center;\">\n<table id=\"tablepress-24\" class=\"tablepress tablepress-id-24\">\n<thead>\n<tr class=\"row-1\">\n\t<th class=\"column-1\"><p style=\"text-align: center;\"><span style=\"color: #ff0000; font-size: 14pt;\"><strong>Kr\u00f6nungsball des Prinzenpaares<\/strong><\/span><\/p><\/th>\n<\/tr>\n<\/thead>\n<tbody class=\"row-striping row-hover\">\n<tr class=\"row-2\">\n\t<td class=\"column-1\"><p style=\"text-align: center;\"><span style=\"color: #000000; font-size: 14pt;\"><strong>16\u20ac<\/strong><\/span><\/p><\/td>\n<\/tr>\n<\/tbody>\n<\/table>\n<!-- #tablepress-24 from cache --><\/p>\n<hr>\n<p style=\"text-align: justify;\"><span style=\"color: #0000ff;\"><strong>\u201eJubil\u00e4umsball des Prinzenpaares\u201c<\/strong><\/span><\/p>\n<p style=\"text-align: justify;\">Sie haben ein Ballkleid oder einen Anzug, der wieder mal gro\u00df ausgef\u00fchrt werden m\u00f6chte? Da haben wir doch was f\u00fcr sie, unseren \u201c<strong>Jubil\u00e4umsball des Prinzenpaares\u201d<\/strong>.<\/p>\n<p>Karten hierf\u00fcr k\u00f6nnen bestellt werden unter:<\/p>\n<table style=\"border-collapse: collapse; width: 100%;\">\n<tbody>\n<tr>\n<td style=\"width: 15.4839%;\"><strong><span style=\"font-size: 12pt; color: #000000;\">E-Mail:<\/span><\/strong><\/td>\n<td style=\"width: 84.5161%;\"><span style=\"font-size: 12pt; color: #000000;\">Eintrittskarten@KV-UNO-Waldsee.de<\/span><\/td>\n<\/tr>\n<tr>\n<td style=\"width: 15.4839%;\"><strong><span style=\"font-size: 12pt; color: #000000;\">Telefon:<\/span><\/strong><\/td>\n<td style=\"width: 84.5161%;\">\n<div><span style=\"color: #000000; font-size: 12pt;\">Maria Giorgi : 06236\/1040<\/span><\/div>\n<div><span style=\"color: #000000; font-size: 12pt;\">Julia Schotth\u00f6fer : 06339\/9948122<\/span><\/div>\n<\/td>\n<\/tr>\n<\/tbody>\n<\/table>\n<p style=\"text-align: justify;\"><span style=\"color: #ff0000;\">Karten gibt es auch beim Kartenvorverkaufstermin f\u00fcr die Prunksitzungen in der Narrhalla.<\/span><\/p>\n<p style=\"text-align: center;\">\n<table id=\"tablepress-25\" class=\"tablepress tablepress-id-25\">\n<thead>\n<tr class=\"row-1\">\n\t<th class=\"column-1\"><p style=\"text-align: center;\"><span style=\"color: #ff0000; font-size: 14pt;\"><strong>Jubil\u00e4umsball des Prinzenpaares<\/strong><\/span><\/p><\/th>\n<\/tr>\n<\/thead>\n<tbody class=\"row-striping row-hover\">\n<tr class=\"row-2\">\n\t<td class=\"column-1\"><p style=\"text-align: center;\"><span style=\"color: #000000; font-size: 14pt;\"><strong>19\u20ac<\/strong><\/span><\/p><\/td>\n<\/tr>\n<\/tbody>\n<\/table>\n<!-- #tablepress-25 from cache --><\/p>\n<hr>\n<p><span style=\"color: #0000ff;\"><strong>\u201ePrunksitzungen\u201c<\/strong><\/span><\/p>\n<p style=\"text-align: center;\"><span style=\"background-color: #ffff00;\"><strong><span style=\"color: #ff0000;\">Wichtiger Hinweis: Aus organisatorischen Gr\u00fcnden ist eine Bestellung der Prunksitzungskarten per E-Mail leider nicht m\u00f6glich.<\/span><\/strong><\/span><\/p>\n<p><strong>&nbsp;<span style=\"color: #000000;\">Verkaufsmodus<\/span><\/strong><\/p>\n<ul>\n<li><span style=\"color: #000000;\">Hallen\u00f6ffnung und Vorverkauf: <strong><span style=\"color: #ff0000;\">13:00 Uhr bis 15:00 Uhr<\/span>&nbsp;<\/strong><\/span><\/li>\n<li><span style=\"color: #000000;\"><strong>KEINE<\/strong> vorzeitige Hallen\u00f6ffnung<\/span><\/li>\n<li><span style=\"color: #000000;\">max. 6 Karten pro Person f\u00fcr die Prunksitzungen.<\/span><\/li>\n<li><span style=\"color: #000000;\">Stufung der Eintrittspreise der Prunksitzungen in 4 Kategorien (siehe unten).<\/span><\/li>\n<li><span style=\"color: #000000;\">Versorgung mit Kaffee w\u00e4hrend der Verkaufszeit.<\/span><\/li>\n<\/ul>\n<p><span style=\"color: #ff0000;\"><strong>Bitte achten sie darauf, das die 1. und 3. Prunksitzung jeweils an einem Freitag stattfindet.<\/strong><\/span><\/p>\n<ul>\n<li><span style=\"color: #000000;\">&nbsp;ALLE Abendprunksitzungen beginnen um 19:33 Uhr<\/span><\/li>\n<li><span style=\"color: #000000;\">Die jeweiligen Prunksitzungen 1 \u2013 5 werden an einzelnen Tischen offeriert.<\/span><\/li>\n<li><span style=\"color: #000000;\">Die Karten f\u00fcr die 6. Prunksitzung werden an einem separaten Eingang verkauft.<\/span><\/li>\n<li><span style=\"color: #000000;\">F\u00fcr die 6. Prunksitzung (Sonntag nachmittags) stehen f\u00fcr jedermann (Alt und Jung) Karten zur Verf\u00fcgung (Preise siehe unten).<\/span><\/li>\n<\/ul>\n<p style=\"text-align: center;\">\n<table id=\"tablepress-23\" class=\"tablepress tablepress-id-23\">\n<thead>\n<tr class=\"row-1\">\n\t<th class=\"column-1\"><p style=\"text-align: center;\"><span style=\"color: #ff0000; font-size: 14pt;\"><strong>Preiskategorie<\/strong><\/span><\/p><\/th><th class=\"column-2\"><p style=\"text-align: center;\"><span style=\"color: #ff0000; font-size: 14pt;\"><strong>1. bis 5. Prunksitzung<\/strong><\/span><\/p><\/th><th class=\"column-3\"><p style=\"text-align: center;\"><span style=\"color: #ff0000; font-size: 14pt;\"><strong>6. Prunksitzung<\/strong><\/span><\/p><\/th>\n<\/tr>\n<\/thead>\n<tbody class=\"row-striping row-hover\">\n<tr class=\"row-2\">\n\t<td class=\"column-1\"><p style=\"text-align: center;\"><span style=\"color: #000000; font-size: 14pt;\"><strong>I<\/strong><\/span><\/p><\/td><td class=\"column-2\"><p style=\"text-align: center;\"><span style=\"color: #000000; font-size: 14pt;\"><strong>19\u20ac<\/strong><\/span><\/p><\/td><td class=\"column-3\"><p style=\"text-align: center;\"><span style=\"color: #000000; font-size: 14pt;\"><strong>18\u20ac<\/strong><\/span><\/p><\/td>\n<\/tr>\n<tr class=\"row-3\">\n\t<td class=\"column-1\"><p style=\"text-align: center;\"><span style=\"color: #000000; font-size: 14pt;\"><strong>II<\/strong><\/span><\/p><\/td><td class=\"column-2\"><p style=\"text-align: center;\"><span style=\"color: #000000; font-size: 14pt;\"><strong>18\u20ac<\/strong><\/span><\/p><\/td><td class=\"column-3\"><p style=\"text-align: center;\"><span style=\"color: #000000; font-size: 14pt;\"><strong>17\u20ac<\/strong><\/span><\/p><\/td>\n<\/tr>\n<tr class=\"row-4\">\n\t<td class=\"column-1\"><p style=\"text-align: center;\"><span style=\"color: #000000; font-size: 14pt;\"><strong>III<\/strong><\/span><\/p><\/td><td class=\"column-2\"><p style=\"text-align: center;\"><span style=\"color: #000000; font-size: 14pt;\"><strong>17\u20ac<\/strong><\/span><\/p><\/td><td class=\"column-3\"><p style=\"text-align: center;\"><span style=\"color: #000000; font-size: 14pt;\"><strong>16\u20ac<\/strong><\/span><\/p><\/td>\n<\/tr>\n<tr class=\"row-5\">\n\t<td class=\"column-1\"><p style=\"text-align: center;\"><span style=\"color: #000000; font-size: 14pt;\"><strong>IV<\/strong><\/span><\/p><\/td><td class=\"column-2\"><p style=\"text-align: center;\"><span style=\"color: #000000; font-size: 14pt;\"><strong>15\u20ac<\/strong><\/span><\/p><\/td><td class=\"column-3\"><p style=\"text-align: center;\"><span style=\"color: #000000; font-size: 14pt;\"><strong>14\u20ac<\/strong><\/span><\/p><\/td>\n<\/tr>\n<\/tbody>\n<\/table>\n<!-- #tablepress-23 from cache --><\/p>\n<hr>\n<p><span style=\"color: #000000;\">\u00dcber die Verf\u00fcgbarkeit von Restkarten informieren wir nach dem Kartenvorverkauf im Waldseer Amtsblatt und auf unserer Homepage.<\/span><\/p>\n<table style=\"border-collapse: collapse; width: 100%;\">\n<tbody>\n<tr>\n<td style=\"width: 100%; text-align: center;\"><strong><span style=\"color: #ff0000; font-size: 12pt;\">Restkarten f\u00fcr die Prunksitzungen<\/span><\/strong><\/td>\n<\/tr>\n<tr>\n<td style=\"width: 100%; text-align: center;\"><strong><span style=\"color: #ff0000; font-size: 12pt;\">Erh\u00e4ltlich ab dem 10.12.2025&nbsp; in unserem Ticket Webshop<\/span><\/strong><\/td>\n<\/tr>\n<tr>\n<td style=\"width: 100%;\"><a href=\"https:\/\/kv-uno-waldsee.de\/?page_id=2955\" target=\"_blank\" rel=\"noopener\"><img loading=\"lazy\" decoding=\"async\" class=\"aligncenter wp-image-2795\" src=\"https:\/\/kv-uno-waldsee.de\/wp-content\/uploads\/2023\/11\/Webshop_3-300x250.png\" alt=\"\" width=\"162\" height=\"135\" srcset=\"https:\/\/kv-uno-waldsee.de\/wp-content\/uploads\/2023\/11\/Webshop_3-300x250.png 300w, https:\/\/kv-uno-waldsee.de\/wp-content\/uploads\/2023\/11\/Webshop_3-1024x853.png 1024w, https:\/\/kv-uno-waldsee.de\/wp-content\/uploads\/2023\/11\/Webshop_3-768x640.png 768w, https:\/\/kv-uno-waldsee.de\/wp-content\/uploads\/2023\/11\/Webshop_3-1536x1280.png 1536w, https:\/\/kv-uno-waldsee.de\/wp-content\/uploads\/2023\/11\/Webshop_3-660x550.png 660w, https:\/\/kv-uno-waldsee.de\/wp-content\/uploads\/2023\/11\/Webshop_3-240x200.png 240w, https:\/\/kv-uno-waldsee.de\/wp-content\/uploads\/2023\/11\/Webshop_3.png 1920w\" sizes=\"auto, (max-width: 162px) 100vw, 162px\" \/><\/a><\/td>\n<\/tr>\n<\/tbody>\n<\/table>\n<p><span style=\"color: #000000; font-size: 16px;\">&nbsp;<\/span><span style=\"color: #ff0000; background-color: #ffff00;\"><strong>Irrt\u00fcmer und \u00c4nderungen vorbehalten.&nbsp;<\/strong><\/span><\/p>\n","protected":false},"excerpt":{"rendered":"<p>Der Kartenvorverkauf findet am 06. Dezember 2025 in der Narrhalla statt Adresse: Schlichtstra\u00dfe 12a, 67165 Waldsee&nbsp; Informationen zum Kartenvorverkauf der \u201eKr\u00f6nungsball des Prinzenpaares\u201c, des \u201eJubil\u00e4umsball des Prinzenpaares\u201c und der \u201ePrunksitzung(en)\u201c \u201eKr\u00f6nungsball des Prinzenpaares\u201c&nbsp;&nbsp; Wer die Kr\u00f6nung unseres Prinzenpaares \u201elive\u201c erleben will, der darf dieses Event nicht verpassen. Karten hierf\u00fcr k\u00f6nnen bestellt werden unter: E-Mail: Eintrittskarten@KV-UNO-Waldsee.de [&hellip;]<\/p>\n","protected":false},"author":1,"featured_media":0,"parent":0,"menu_order":53,"comment_status":"closed","ping_status":"closed","template":"","meta":{"ngg_post_thumbnail":0,"footnotes":""},"categories":[31,21,9],"tags":[20],"class_list":["post-4138","page","type-page","status-publish","hentry","category-kampagne-2025-2026","category-kartenvorverkauf","category-vereinsfuehrung","tag-komplett-mit-eroeffnung-und-ball"],"_links":{"self":[{"href":"https:\/\/kv-uno-waldsee.de\/index.php?rest_route=\/wp\/v2\/pages\/4138","targetHints":{"allow":["GET"]}}],"collection":[{"href":"https:\/\/kv-uno-waldsee.de\/index.php?rest_route=\/wp\/v2\/pages"}],"about":[{"href":"https:\/\/kv-uno-waldsee.de\/index.php?rest_route=\/wp\/v2\/types\/page"}],"author":[{"embeddable":true,"href":"https:\/\/kv-uno-waldsee.de\/index.php?rest_route=\/wp\/v2\/users\/1"}],"replies":[{"embeddable":true,"href":"https:\/\/kv-uno-waldsee.de\/index.php?rest_route=%2Fwp%2Fv2%2Fcomments&post=4138"}],"version-history":[{"count":11,"href":"https:\/\/kv-uno-waldsee.de\/index.php?rest_route=\/wp\/v2\/pages\/4138\/revisions"}],"predecessor-version":[{"id":4246,"href":"https:\/\/kv-uno-waldsee.de\/index.php?rest_route=\/wp\/v2\/pages\/4138\/revisions\/4246"}],"wp:attachment":[{"href":"https:\/\/kv-uno-waldsee.de\/index.php?rest_route=%2Fwp%2Fv2%2Fmedia&parent=4138"}],"wp:term":[{"taxonomy":"category","embeddable":true,"href":"https:\/\/kv-uno-waldsee.de\/index.php?rest_route=%2Fwp%2Fv2%2Fcategories&post=4138"},{"taxonomy":"post_tag","embeddable":true,"href":"https:\/\/kv-uno-waldsee.de\/index.php?rest_route=%2Fwp%2Fv2%2Ftags&post=4138"}],"curies":[{"name":"wp","href":"https:\/\/api.w.org\/{rel}","templated":true}]}}