{"id":4132,"date":"2025-11-08T09:32:15","date_gmt":"2025-11-08T08:32:15","guid":{"rendered":"https:\/\/kv-uno-waldsee.de\/?page_id=4132"},"modified":"2025-11-17T10:57:10","modified_gmt":"2025-11-17T09:57:10","slug":"prinzenpaar-emilie-i-und-tim-i","status":"publish","type":"page","link":"https:\/\/kv-uno-waldsee.de\/?page_id=4132","title":{"rendered":"Prinzenpaar Emilie I. und Tim I."},"content":{"rendered":"<p style=\"text-align: center;\">&nbsp;<\/p>\n<table style=\"border-collapse: collapse; width: 100%;\">\n<tbody>\n<tr>\n<td style=\"width: 100%; text-align: center;\"><span style=\"font-size: 24pt; color: #ff0000;\"><strong>Ihre Tollit\u00e4ten<\/strong><\/span><\/td>\n<\/tr>\n<tr>\n<td style=\"width: 100%; text-align: center;\"><span style=\"font-size: 24pt;\"><strong><span style=\"color: #0000ff;\">Prinzessin Emilie I. + Prinz Tim I.<\/span><\/strong><\/span><\/td>\n<\/tr>\n<tr>\n<td style=\"width: 100%; text-align: center;\"><span style=\"font-size: 24pt; color: #ff0000;\"><strong>&nbsp;in der Kampagne <\/strong><\/span><span style=\"font-size: 24pt; color: #ff0000;\"><strong>2025\/2026<\/strong><\/span><\/td>\n<\/tr>\n<\/tbody>\n<\/table>\n<table style=\"border-collapse: collapse; width: 100%; height: 160px;\">\n<tbody>\n<tr style=\"height: 32px;\">\n<td style=\"width: 100%; text-align: center; height: 32px;\"><span style=\"font-weight: 400; font-size: 12pt;\">ngg_shortcode_0_placeholder<\/span><\/td>\n<\/tr>\n<tr style=\"height: 96px;\">\n<td style=\"width: 100%; text-align: left; height: 96px;\"><span style=\"font-size: 12pt;\"><span style=\"color: #000000;\"><em>Liebe n\u00e4rrischen Untertanen. \u00dcber eine Nachricht von euch w\u00fcrden wir uns sehr freuen. Bitte macht reichlich Gebrauch davon.<\/em><\/span><span style=\"font-weight: 400;\"><br \/>\n<\/span><\/span><span style=\"color: #000000; font-size: 12pt;\"><em>Eure Prinzenpaar Emilie I. und Tim I.<\/em><\/span><\/td>\n<\/tr>\n<tr style=\"height: 32px;\">\n<td style=\"width: 100%; text-align: left; height: 32px;\"><span style=\"font-size: 12pt;\"><span style=\"color: #000000;\"><em><a href=\"Mailto:Prinzessin@kv-uno-waldsee.de\"><span style=\"background-color: #ffffff; color: #0000ff;\"><strong>E-Mail an das Prinzenpaar&nbsp;<\/strong><\/span><\/a><\/em><\/span><\/span><\/td>\n<\/tr>\n<\/tbody>\n<\/table>\n<p>&nbsp;<\/p>\n","protected":false},"excerpt":{"rendered":"<p>&nbsp; Ihre Tollit\u00e4ten Prinzessin Emilie I. + Prinz Tim I. &nbsp;in der Kampagne 2025\/2026 Liebe n\u00e4rrischen Untertanen. \u00dcber eine Nachricht von euch w\u00fcrden wir uns sehr freuen. Bitte macht reichlich Gebrauch davon. Eure Prinzenpaar Emilie I. und Tim I. E-Mail an das Prinzenpaar&nbsp; &nbsp;<\/p>\n","protected":false},"author":1,"featured_media":0,"parent":0,"menu_order":29,"comment_status":"closed","ping_status":"closed","template":"","meta":{"ngg_post_thumbnail":0,"footnotes":""},"categories":[31,5],"tags":[],"class_list":["post-4132","page","type-page","status-publish","hentry","category-kampagne-2025-2026","category-prinzessinen"],"_links":{"self":[{"href":"https:\/\/kv-uno-waldsee.de\/index.php?rest_route=\/wp\/v2\/pages\/4132","targetHints":{"allow":["GET"]}}],"collection":[{"href":"https:\/\/kv-uno-waldsee.de\/index.php?rest_route=\/wp\/v2\/pages"}],"about":[{"href":"https:\/\/kv-uno-waldsee.de\/index.php?rest_route=\/wp\/v2\/types\/page"}],"author":[{"embeddable":true,"href":"https:\/\/kv-uno-waldsee.de\/index.php?rest_route=\/wp\/v2\/users\/1"}],"replies":[{"embeddable":true,"href":"https:\/\/kv-uno-waldsee.de\/index.php?rest_route=%2Fwp%2Fv2%2Fcomments&post=4132"}],"version-history":[{"count":8,"href":"https:\/\/kv-uno-waldsee.de\/index.php?rest_route=\/wp\/v2\/pages\/4132\/revisions"}],"predecessor-version":[{"id":4297,"href":"https:\/\/kv-uno-waldsee.de\/index.php?rest_route=\/wp\/v2\/pages\/4132\/revisions\/4297"}],"wp:attachment":[{"href":"https:\/\/kv-uno-waldsee.de\/index.php?rest_route=%2Fwp%2Fv2%2Fmedia&parent=4132"}],"wp:term":[{"taxonomy":"category","embeddable":true,"href":"https:\/\/kv-uno-waldsee.de\/index.php?rest_route=%2Fwp%2Fv2%2Fcategories&post=4132"},{"taxonomy":"post_tag","embeddable":true,"href":"https:\/\/kv-uno-waldsee.de\/index.php?rest_route=%2Fwp%2Fv2%2Ftags&post=4132"}],"curies":[{"name":"wp","href":"https:\/\/api.w.org\/{rel}","templated":true}]}}