{"id":3879,"date":"2025-03-24T10:48:56","date_gmt":"2025-03-24T09:48:56","guid":{"rendered":"https:\/\/kv-uno-waldsee.de\/?page_id=3879"},"modified":"2025-03-24T10:49:04","modified_gmt":"2025-03-24T09:49:04","slug":"zugteilnehmer-2025","status":"publish","type":"page","link":"https:\/\/kv-uno-waldsee.de\/?page_id=3879","title":{"rendered":"Zugteilnehmer 2025"},"content":{"rendered":"<p><span style=\"color: #000000;\"><strong>Waldseer Fastnachtsumzug \u2013 Teilnehmer 2025<\/strong><\/span><\/p>\n<ol>\n<li><span style=\"color: #000000;\">UNO Spitze<\/span><\/li>\n<li><span style=\"color: #000000;\">UNO Purzelgarde<\/span><\/li>\n<li><span style=\"color: #000000;\">UNO Kindergarde<\/span><\/li>\n<li><span style=\"color: #000000;\">UNO Jugendgarde<\/span><\/li>\n<li><span style=\"color: #000000;\">Wildsaufetzer<\/span><\/li>\n<li><span style=\"color: #000000;\">UNO Dappdrei<\/span><\/li>\n<li><span style=\"color: #000000;\">Waldsemer H\u00e4mmel<\/span><\/li>\n<li><span style=\"color: #000000;\">MGV Concordia<\/span><\/li>\n<li><span style=\"color: #000000;\">UNO Motiv 1<\/span><\/li>\n<li><span style=\"color: #000000;\">TG Waldsee &#8211; Spielmannszug<\/span><\/li>\n<li><span style=\"color: #000000;\">UNO N\u00e4rrische Reblais<\/span><\/li>\n<li><span style=\"color: #000000;\">ASV Waldsemer H\u00e4mmel<\/span><\/li>\n<li><span style=\"color: #000000;\">ASV Waldsee<\/span><\/li>\n<li><span style=\"color: #000000;\">UNO Motiv 2<\/span><\/li>\n<li><span style=\"color: #000000;\">KG &#8222;Die Wasserhinkle&#8220; Altrip<\/span><\/li>\n<li><span style=\"color: #000000;\">TG Waldsee &#8211; Funky Diamonds<\/span><\/li>\n<li><span style=\"color: #000000;\">CV Rheinfunken<\/span><\/li>\n<li><span style=\"color: #000000;\">TG Waldsee Handballjugend<\/span><\/li>\n<li><span style=\"color: #000000;\">TG Waldsee &#8211; Schw\u00e4nzeld\u00e4nzer<\/span><\/li>\n<li><span style=\"color: #000000;\">VG Rheinauen<\/span><\/li>\n<li><span style=\"color: #000000;\">Partnerschaftsverein Waldsee &#8211; Ruffec e.V.<\/span><\/li>\n<li><span style=\"color: #000000;\">P\u00e4lzer Herzblut<\/span><\/li>\n<li><span style=\"color: #000000;\">UNO Kassenrolle<\/span><\/li>\n<li><span style=\"color: #000000;\">UNO Umzugs-B\u00fchnenbauer<\/span><\/li>\n<li><span style=\"color: #000000;\">Feuerwehr Waldsee<\/span><\/li>\n<li><span style=\"color: #000000;\">UNO X-Treme<\/span><\/li>\n<li><span style=\"color: #000000;\">UNO Prinzessin<\/span><\/li>\n<li><span style=\"color: #000000;\">UNO Garde<\/span><\/li>\n<li><span style=\"color: #000000;\">Waldsemer Gasserassler<\/span><\/li>\n<li><span style=\"color: #000000;\">KG Schlotte Schifferstadt<\/span><\/li>\n<li><span style=\"color: #000000;\">TG Waldsee &#8211; Turnfrauen<\/span><\/li>\n<li><span style=\"color: #000000;\">SKG<\/span><\/li>\n<li><span style=\"color: #000000;\">Waldsemer Nachtschw\u00e4rmer<\/span><\/li>\n<li><span style=\"color: #000000;\">Schlenkerb\u00e4\u00e4<\/span><\/li>\n<li><span style=\"color: #000000;\">KCO Kindergarde<\/span><\/li>\n<li><span style=\"color: #000000;\">KCO Jugendgarde<\/span><\/li>\n<li><span style=\"color: #000000;\">KCO Garde<\/span><\/li>\n<li><span style=\"color: #000000;\">KCO Fahrlachmiezen<\/span><\/li>\n<li><span style=\"color: #000000;\">KCO Elwedritschle<\/span><\/li>\n<li><span style=\"color: #000000;\">KCO O-Sisters<\/span><\/li>\n<li><span style=\"color: #000000;\">KCO OTD<\/span><\/li>\n<li><span style=\"color: #000000;\">KCO Elferrat<\/span><\/li>\n<li><span style=\"color: #000000;\">MGV Eintracht<\/span><\/li>\n<li><span style=\"color: #000000;\">UNO Motiv 3<\/span><\/li>\n<li><span style=\"color: #000000;\">UNO Narrenschiff<\/span><\/li>\n<li><span style=\"color: #000000;\">UNO Zug End(t)e<\/span><\/li>\n<\/ol>\n<p>&nbsp;<\/p>\n","protected":false},"excerpt":{"rendered":"<p>Waldseer Fastnachtsumzug \u2013 Teilnehmer 2025 UNO Spitze UNO Purzelgarde UNO Kindergarde UNO Jugendgarde Wildsaufetzer UNO Dappdrei Waldsemer H\u00e4mmel MGV Concordia UNO Motiv 1 TG Waldsee &#8211; Spielmannszug UNO N\u00e4rrische Reblais ASV Waldsemer H\u00e4mmel ASV Waldsee UNO Motiv 2 KG &#8222;Die Wasserhinkle&#8220; Altrip TG Waldsee &#8211; Funky Diamonds CV Rheinfunken TG Waldsee Handballjugend TG Waldsee &#8211; [&hellip;]<\/p>\n","protected":false},"author":1,"featured_media":0,"parent":0,"menu_order":11,"comment_status":"closed","ping_status":"closed","template":"","meta":{"ngg_post_thumbnail":0,"footnotes":""},"categories":[14],"tags":[],"class_list":["post-3879","page","type-page","status-publish","hentry","category-umzug"],"_links":{"self":[{"href":"https:\/\/kv-uno-waldsee.de\/index.php?rest_route=\/wp\/v2\/pages\/3879","targetHints":{"allow":["GET"]}}],"collection":[{"href":"https:\/\/kv-uno-waldsee.de\/index.php?rest_route=\/wp\/v2\/pages"}],"about":[{"href":"https:\/\/kv-uno-waldsee.de\/index.php?rest_route=\/wp\/v2\/types\/page"}],"author":[{"embeddable":true,"href":"https:\/\/kv-uno-waldsee.de\/index.php?rest_route=\/wp\/v2\/users\/1"}],"replies":[{"embeddable":true,"href":"https:\/\/kv-uno-waldsee.de\/index.php?rest_route=%2Fwp%2Fv2%2Fcomments&post=3879"}],"version-history":[{"count":1,"href":"https:\/\/kv-uno-waldsee.de\/index.php?rest_route=\/wp\/v2\/pages\/3879\/revisions"}],"predecessor-version":[{"id":3880,"href":"https:\/\/kv-uno-waldsee.de\/index.php?rest_route=\/wp\/v2\/pages\/3879\/revisions\/3880"}],"wp:attachment":[{"href":"https:\/\/kv-uno-waldsee.de\/index.php?rest_route=%2Fwp%2Fv2%2Fmedia&parent=3879"}],"wp:term":[{"taxonomy":"category","embeddable":true,"href":"https:\/\/kv-uno-waldsee.de\/index.php?rest_route=%2Fwp%2Fv2%2Fcategories&post=3879"},{"taxonomy":"post_tag","embeddable":true,"href":"https:\/\/kv-uno-waldsee.de\/index.php?rest_route=%2Fwp%2Fv2%2Ftags&post=3879"}],"curies":[{"name":"wp","href":"https:\/\/api.w.org\/{rel}","templated":true}]}}