{"id":3469,"date":"2024-11-08T09:55:42","date_gmt":"2024-11-08T08:55:42","guid":{"rendered":"https:\/\/kv-uno-waldsee.de\/?page_id=3469"},"modified":"2024-11-08T09:55:42","modified_gmt":"2024-11-08T08:55:42","slug":"aktueller-orden-3","status":"publish","type":"page","link":"https:\/\/kv-uno-waldsee.de\/?page_id=3469","title":{"rendered":"Aktueller Orden"},"content":{"rendered":"<p><span style=\"color: #000000;\">Der<strong>&nbsp;Jahresorden<\/strong>&nbsp;ihrer Tollit\u00e4t, heute wie fr\u00fcher die h\u00f6chste Auszeichnung und der \u201eeinzige\u201c Lohn der Aktiven der Waldseer Fasnacht.&nbsp;Schon seit vielen Jahren ist der Jahresorden eine Eigenkreation der UNO. Auf ihm spiegelt sich so manches Detail rund um die jeweilige Tollit\u00e4t.<\/span><\/p>\n<p><span style=\"color: #000000;\">Im Mittelpunkt unseres Jahresorden steht auch dieses Jahr unsere Prinzessin.<\/span><\/p>\n<h2 style=\"text-align: center;\"><span style=\"color: #ff0000;\"><strong>Der Jahresorden der Kampagne 2024\/2025<\/strong><\/span><\/h2>\n<div><a href=\"https:\/\/kv-uno-waldsee.de\/wp-content\/uploads\/2024\/10\/Orden_2024-2025.jpg\"><img loading=\"lazy\" decoding=\"async\" class=\"aligncenter  wp-image-3544\" src=\"https:\/\/kv-uno-waldsee.de\/wp-content\/uploads\/2024\/10\/Orden_2024-2025.jpg\" alt=\"\" width=\"344\" height=\"511\" srcset=\"https:\/\/kv-uno-waldsee.de\/wp-content\/uploads\/2024\/10\/Orden_2024-2025.jpg 809w, https:\/\/kv-uno-waldsee.de\/wp-content\/uploads\/2024\/10\/Orden_2024-2025-202x300.jpg 202w, https:\/\/kv-uno-waldsee.de\/wp-content\/uploads\/2024\/10\/Orden_2024-2025-690x1024.jpg 690w, https:\/\/kv-uno-waldsee.de\/wp-content\/uploads\/2024\/10\/Orden_2024-2025-768x1139.jpg 768w, https:\/\/kv-uno-waldsee.de\/wp-content\/uploads\/2024\/10\/Orden_2024-2025-660x979.jpg 660w, https:\/\/kv-uno-waldsee.de\/wp-content\/uploads\/2024\/10\/Orden_2024-2025-240x356.jpg 240w\" sizes=\"auto, (max-width: 344px) 100vw, 344px\" \/><\/a><\/div>\n<div>&nbsp;<\/div>\n<div class=\"default-style\"><strong><span style=\"color: #000000;\">Wie immer haben die einzelnen Teile des Orden ihre Bedeutung:<\/span><\/strong><\/div>\n<div class=\"default-style\">&nbsp;<\/div>\n<p><span style=\"color: #000000;\">\u2022 <strong>Die Ukulele<\/strong> spielt Alina I. in ihrer Freizeit.<\/span><\/p>\n<p><span style=\"color: #000000;\">\u2022 <strong>&#8222;WK&#8220; <\/strong>steht f\u00fcr ihre Freunde, den &#8222;Wilden Kerle&#8220;.<\/span><\/p>\n<p><span style=\"color: #000000;\">\u2022 <strong>Das Mikrophon<\/strong> braucht Alina I. f\u00fcr ihr Hobby Singen.<\/span><\/p>\n<p><span style=\"color: #000000;\">\u2022 <strong>Das Gardem\u00e4dchen<\/strong> steht f\u00fcr die Tanzkarriere bei der UNO.<\/span><\/p>\n","protected":false},"excerpt":{"rendered":"<p>Der&nbsp;Jahresorden&nbsp;ihrer Tollit\u00e4t, heute wie fr\u00fcher die h\u00f6chste Auszeichnung und der \u201eeinzige\u201c Lohn der Aktiven der Waldseer Fasnacht.&nbsp;Schon seit vielen Jahren ist der Jahresorden eine Eigenkreation der UNO. Auf ihm spiegelt sich so manches Detail rund um die jeweilige Tollit\u00e4t. Im Mittelpunkt unseres Jahresorden steht auch dieses Jahr unsere Prinzessin. Der Jahresorden der Kampagne 2024\/2025 &nbsp; [&hellip;]<\/p>\n","protected":false},"author":1,"featured_media":0,"parent":0,"menu_order":42,"comment_status":"closed","ping_status":"closed","template":"","meta":{"ngg_post_thumbnail":0,"footnotes":""},"categories":[25],"tags":[],"class_list":["post-3469","page","type-page","status-publish","hentry","category-kampagne-2024-2025"],"_links":{"self":[{"href":"https:\/\/kv-uno-waldsee.de\/index.php?rest_route=\/wp\/v2\/pages\/3469","targetHints":{"allow":["GET"]}}],"collection":[{"href":"https:\/\/kv-uno-waldsee.de\/index.php?rest_route=\/wp\/v2\/pages"}],"about":[{"href":"https:\/\/kv-uno-waldsee.de\/index.php?rest_route=\/wp\/v2\/types\/page"}],"author":[{"embeddable":true,"href":"https:\/\/kv-uno-waldsee.de\/index.php?rest_route=\/wp\/v2\/users\/1"}],"replies":[{"embeddable":true,"href":"https:\/\/kv-uno-waldsee.de\/index.php?rest_route=%2Fwp%2Fv2%2Fcomments&post=3469"}],"version-history":[{"count":5,"href":"https:\/\/kv-uno-waldsee.de\/index.php?rest_route=\/wp\/v2\/pages\/3469\/revisions"}],"predecessor-version":[{"id":3545,"href":"https:\/\/kv-uno-waldsee.de\/index.php?rest_route=\/wp\/v2\/pages\/3469\/revisions\/3545"}],"wp:attachment":[{"href":"https:\/\/kv-uno-waldsee.de\/index.php?rest_route=%2Fwp%2Fv2%2Fmedia&parent=3469"}],"wp:term":[{"taxonomy":"category","embeddable":true,"href":"https:\/\/kv-uno-waldsee.de\/index.php?rest_route=%2Fwp%2Fv2%2Fcategories&post=3469"},{"taxonomy":"post_tag","embeddable":true,"href":"https:\/\/kv-uno-waldsee.de\/index.php?rest_route=%2Fwp%2Fv2%2Ftags&post=3469"}],"curies":[{"name":"wp","href":"https:\/\/api.w.org\/{rel}","templated":true}]}}