{"id":3388,"date":"2024-02-27T17:32:22","date_gmt":"2024-02-27T16:32:22","guid":{"rendered":"https:\/\/kv-uno-waldsee.de\/?page_id=3388"},"modified":"2025-11-10T10:45:44","modified_gmt":"2025-11-10T09:45:44","slug":"naerrische-reblais","status":"publish","type":"page","link":"https:\/\/kv-uno-waldsee.de\/?page_id=3388","title":{"rendered":"N\u00e4rrische Reblais"},"content":{"rendered":"<p dir=\"ltr\"><span style=\"color: #000000;\">ngg_shortcode_0_placeholder<\/span><\/p>\n<p style=\"text-align: justify;\"><span style=\"font-weight: 400; color: #000000;\">Die &#8222;N\u00e4rrische Reblais&#8220; wurden 1995 gegr\u00fcndet und traten in der Kampagne 1996\/1997 zum ersten Mal bei den Prunksitzungen auf. Der Ideenreichtum der Gruppe zeigt sich allj\u00e4hrlich nicht nur in der Choreographie des Tanzes, sondern auch in der Gestaltung der Kost\u00fcme.&nbsp;<\/span><\/p>\n<p style=\"text-align: justify;\"><span style=\"color: #000000;\"><b>Die N\u00e4rrische Reblais umfasst folgende 17 Mitglieder: <\/b><span style=\"font-weight: 400;\">Anne Rennholz, Ariane Zickgraf, Diana Claus, Eva Vierling, Ivonne Obermaier, Lea Kramer, Malwina Kubiczek, Mimi S\u00fc\u00df, Nadine Hahn, Nina Schotth\u00f6fer, Ramona Ringmeier, Sabrina S\u00fc\u00df, Sandra Feil, Sarah Handrich, Sarah Berger, Sonja Stoye, Susanne Kochner<\/span><\/span><\/p>\n<ul style=\"text-align: justify;\">\n<li style=\"font-weight: 400;\" aria-level=\"1\"><span style=\"color: #000000;\"><b>Trainer: <\/b><span style=\"font-weight: 400;\">J\u00f6rg Schaack<\/span><\/span><\/li>\n<li style=\"font-weight: 400;\" aria-level=\"1\"><span style=\"color: #000000;\"><b>Orgateam:<\/b><span style=\"font-weight: 400;\"> Heike Schwahn, Nicole Kochner und Steffi Magin<\/span><\/span><\/li>\n<\/ul>\n","protected":false},"excerpt":{"rendered":"<p>Die &#8222;N\u00e4rrische Reblais&#8220; wurden 1995 gegr\u00fcndet und traten in der Kampagne 1996\/1997 zum ersten Mal bei den Prunksitzungen auf. Der Ideenreichtum der Gruppe zeigt sich allj\u00e4hrlich nicht nur in der Choreographie des Tanzes, sondern auch in der Gestaltung der Kost\u00fcme.&nbsp; Die N\u00e4rrische Reblais umfasst folgende 17 Mitglieder: Anne Rennholz, Ariane Zickgraf, Diana Claus, Eva Vierling, [&hellip;]<\/p>\n","protected":false},"author":1,"featured_media":0,"parent":0,"menu_order":1,"comment_status":"closed","ping_status":"closed","template":"","meta":{"ngg_post_thumbnail":0,"footnotes":""},"categories":[15],"tags":[],"class_list":["post-3388","page","type-page","status-publish","hentry","category-aktive"],"_links":{"self":[{"href":"https:\/\/kv-uno-waldsee.de\/index.php?rest_route=\/wp\/v2\/pages\/3388","targetHints":{"allow":["GET"]}}],"collection":[{"href":"https:\/\/kv-uno-waldsee.de\/index.php?rest_route=\/wp\/v2\/pages"}],"about":[{"href":"https:\/\/kv-uno-waldsee.de\/index.php?rest_route=\/wp\/v2\/types\/page"}],"author":[{"embeddable":true,"href":"https:\/\/kv-uno-waldsee.de\/index.php?rest_route=\/wp\/v2\/users\/1"}],"replies":[{"embeddable":true,"href":"https:\/\/kv-uno-waldsee.de\/index.php?rest_route=%2Fwp%2Fv2%2Fcomments&post=3388"}],"version-history":[{"count":6,"href":"https:\/\/kv-uno-waldsee.de\/index.php?rest_route=\/wp\/v2\/pages\/3388\/revisions"}],"predecessor-version":[{"id":4335,"href":"https:\/\/kv-uno-waldsee.de\/index.php?rest_route=\/wp\/v2\/pages\/3388\/revisions\/4335"}],"wp:attachment":[{"href":"https:\/\/kv-uno-waldsee.de\/index.php?rest_route=%2Fwp%2Fv2%2Fmedia&parent=3388"}],"wp:term":[{"taxonomy":"category","embeddable":true,"href":"https:\/\/kv-uno-waldsee.de\/index.php?rest_route=%2Fwp%2Fv2%2Fcategories&post=3388"},{"taxonomy":"post_tag","embeddable":true,"href":"https:\/\/kv-uno-waldsee.de\/index.php?rest_route=%2Fwp%2Fv2%2Ftags&post=3388"}],"curies":[{"name":"wp","href":"https:\/\/api.w.org\/{rel}","templated":true}]}}