{"id":1263,"date":"2020-07-29T11:00:59","date_gmt":"2020-07-29T11:00:59","guid":{"rendered":"http:\/\/neu2020.kv-uno-waldsee.de\/?page_id=1263"},"modified":"2025-11-10T09:35:28","modified_gmt":"2025-11-10T08:35:28","slug":"elferrat","status":"publish","type":"page","link":"https:\/\/kv-uno-waldsee.de\/?page_id=1263","title":{"rendered":"Elferrat"},"content":{"rendered":"<p dir=\"ltr\"><span style=\"color: #000000;\">ngg_shortcode_0_placeholder&nbsp;<\/span><\/p>\n<p dir=\"ltr\"><span style=\"font-weight: 400; color: #000000;\">Der Elferrat ist eine Institution, die im Karneval, Fastnacht und Fasching eine wichtige Rolle spielt. Er fungiert als &#8222;Parlament des Narrenreiches&#8220; und besteht traditionell aus elf W\u00fcrdentr\u00e4gern. Die Zahl \u201c11\u201d hat im Karneval eine besondere Bedeutung, die auf verschiedene Urspr\u00fcnge zur\u00fcckgef\u00fchrt wird.<\/span><\/p>\n<p style=\"text-align: justify;\"><span style=\"color: #000000;\"><span style=\"font-weight: 400;\"><strong>\u201cELF\u201c<\/strong> l\u00e4sst sich aus den Anfangsbuchstaben der Losung der franz\u00f6sischen Revolution bilden: \u201e<\/span><b>E<\/b><span style=\"font-weight: 400;\">galit\u00e9, <\/span><b>L<\/b><span style=\"font-weight: 400;\">ibert\u00e9, <\/span><b>F<\/b><span style=\"font-weight: 400;\">raternit\u00e9\u201c \u2013 \u201eGleichheit, Freiheit, Br\u00fcderlichkeit\u201c.<\/span><\/span><\/p>\n<p style=\"text-align: justify;\"><span style=\"color: #000000;\"><b>Die Mitglieder des Elferrat im Jubil\u00e4umsjahr 2026<\/b><\/span><\/p>\n<p style=\"text-align: justify;\"><span style=\"font-weight: 400; color: #000000;\">Balbach Peter, Berl Wolfgang, Dennhardt Christoph, Eckrich Selina, Ehemann Ute, Eustachi Ramona, Giorgi Mary, Hahn Oliver, Hoffmann Michael, Hundshammer Charlotte, Jutzi Thomas, Ke\u00dfler Natalie, Knittel Kim, Kn\u00f6rr Volker, Kraft Lisa, Krieg Sabine, Kurz Silke, Lang Bettina, Liebrich Tanja, Obermaier Wolfgang, Ofer Bettina, Otte Markus, Regenauer Ina, Reiland Johannes, Rennholz Bettina, Schaack J\u00f6rg, Schlosser Dietmar, Schmelz Sascha, Schotth\u00f6fer Sabine, Schwahn Heike, Schwahn Karl, Spindler Holger, Spuhler Kerstin, Weber Daniell, Wilhelmi Katrin, Willms Michael, Z\u00fcrker Uschi<\/span><\/p>\n","protected":false},"excerpt":{"rendered":"<p>&nbsp; Der Elferrat ist eine Institution, die im Karneval, Fastnacht und Fasching eine wichtige Rolle spielt. Er fungiert als &#8222;Parlament des Narrenreiches&#8220; und besteht traditionell aus elf W\u00fcrdentr\u00e4gern. Die Zahl \u201c11\u201d hat im Karneval eine besondere Bedeutung, die auf verschiedene Urspr\u00fcnge zur\u00fcckgef\u00fchrt wird. \u201cELF\u201c l\u00e4sst sich aus den Anfangsbuchstaben der Losung der franz\u00f6sischen Revolution bilden: [&hellip;]<\/p>\n","protected":false},"author":1,"featured_media":0,"parent":0,"menu_order":0,"comment_status":"closed","ping_status":"closed","template":"","meta":{"ngg_post_thumbnail":0,"footnotes":""},"categories":[15],"tags":[],"class_list":["post-1263","page","type-page","status-publish","hentry","category-aktive"],"_links":{"self":[{"href":"https:\/\/kv-uno-waldsee.de\/index.php?rest_route=\/wp\/v2\/pages\/1263","targetHints":{"allow":["GET"]}}],"collection":[{"href":"https:\/\/kv-uno-waldsee.de\/index.php?rest_route=\/wp\/v2\/pages"}],"about":[{"href":"https:\/\/kv-uno-waldsee.de\/index.php?rest_route=\/wp\/v2\/types\/page"}],"author":[{"embeddable":true,"href":"https:\/\/kv-uno-waldsee.de\/index.php?rest_route=\/wp\/v2\/users\/1"}],"replies":[{"embeddable":true,"href":"https:\/\/kv-uno-waldsee.de\/index.php?rest_route=%2Fwp%2Fv2%2Fcomments&post=1263"}],"version-history":[{"count":6,"href":"https:\/\/kv-uno-waldsee.de\/index.php?rest_route=\/wp\/v2\/pages\/1263\/revisions"}],"predecessor-version":[{"id":4331,"href":"https:\/\/kv-uno-waldsee.de\/index.php?rest_route=\/wp\/v2\/pages\/1263\/revisions\/4331"}],"wp:attachment":[{"href":"https:\/\/kv-uno-waldsee.de\/index.php?rest_route=%2Fwp%2Fv2%2Fmedia&parent=1263"}],"wp:term":[{"taxonomy":"category","embeddable":true,"href":"https:\/\/kv-uno-waldsee.de\/index.php?rest_route=%2Fwp%2Fv2%2Fcategories&post=1263"},{"taxonomy":"post_tag","embeddable":true,"href":"https:\/\/kv-uno-waldsee.de\/index.php?rest_route=%2Fwp%2Fv2%2Ftags&post=1263"}],"curies":[{"name":"wp","href":"https:\/\/api.w.org\/{rel}","templated":true}]}}