{"id":1179,"date":"2020-07-29T07:38:09","date_gmt":"2020-07-29T07:38:09","guid":{"rendered":"http:\/\/neu2020.kv-uno-waldsee.de\/?page_id=1179"},"modified":"2025-11-18T07:44:21","modified_gmt":"2025-11-18T06:44:21","slug":"purzelgarde-4-2-3","status":"publish","type":"page","link":"https:\/\/kv-uno-waldsee.de\/?page_id=1179","title":{"rendered":"x-treme"},"content":{"rendered":"ngg_shortcode_0_placeholder\n<p style=\"text-align: justify;\"><span style=\"color: #000000;\">Die Schautanzgruppe X-treme besteht seit der Kampagne 2004\/05. Zahlreiche T\u00e4nzerinnen und T\u00e4nzer sind in dieser Zeit bei den Prunksitzungen der UNO mit dabei gewesen. In der Kampagne 2027\/28 feiert X-treme ihr 22-j\u00e4hriges B\u00fchnenjubil\u00e4um.<\/span><\/p>\n<p style=\"text-align: justify;\"><strong><span style=\"color: #000000;\">Die x-treme umfasst folgende 22 Mitglieder: <\/span><\/strong><br \/>\n<span style=\"color: #000000;\">Alina Knittel, Nadine Netter, Michelle Schaaf, Saskia Keller, Rebecca Netter, Sonja H\u00e4hnel, Lara B\u00f6ckel, Vanessa M\u00f6bus, Michelle Ki\u00dfler, Ina Liistro, Melina Eitz, Anna-Lena Ludwig, Maike Hnatykiw, Janina Weigel, Lara Schmid, Eva G\u00f6de, Isabelle K\u00e4stel, Lena Stett, Pauline M\u00fcller, Carolin Herfel, Emilie Kn\u00f6rr, Justin Schnell<\/span><\/p>\n<p style=\"text-align: justify;\"><strong><span style=\"color: #000000;\">&#8222;X-treme&#8220; &#8211; Der Name ist Programm<\/span><\/strong><br \/>\n<span style=\"color: #000000;\">X-treme schwungvolle T\u00e4nze<\/span><br \/>\n<span style=\"color: #000000;\">X-treme hei\u00dfe Musik<\/span><br \/>\n<span style=\"color: #000000;\">X-treme Kost\u00fcme<\/span><br \/>\n<span style=\"color: #000000;\">X-treme B\u00fchnenshow<\/span><\/p>\n<ul>\n<li style=\"text-align: justify;\"><span style=\"color: #000000;\"><strong>Trainer und Betreuer:<\/strong> Schmelz Sascha und Schnell Justin<\/span><\/li>\n<li style=\"text-align: justify;\"><span style=\"color: #000000;\"><strong>Kost\u00fcme:<\/strong> Ehemann Ute und Krieg Sabine<\/span><\/li>\n<li style=\"text-align: justify;\"><span style=\"color: #000000;\"><strong>Schminkteam:<\/strong> Krieg Sabine, M\u00fcller Doris, Eitz Ruth und Weber Melanie<\/span><\/li>\n<\/ul>\n<hr>\n<p><strong><span style=\"color: #000000;\">Hier die Themen unserer Showt\u00e4nze:<\/span><\/strong><\/p>\n<ul>\n<li><span style=\"color: #000000;\">2004\/05 \u00c4gypten<\/span><\/li>\n<li><span style=\"color: #000000;\">2005\/06 Feuer und Eis<\/span><\/li>\n<li><span style=\"color: #000000;\">2006\/07 Engel und Teufel<\/span><\/li>\n<li><span style=\"color: #000000;\">2007\/08 Atlantis<\/span><\/li>\n<li><span style=\"color: #000000;\">2008\/09 Zombies<\/span><\/li>\n<li><span style=\"color: #000000;\">2009\/10 Piraten<\/span><\/li>\n<li><span style=\"color: #000000;\">2010\/11 Schach<\/span><\/li>\n<li><span style=\"color: #000000;\">2011\/12 Avatar<\/span><\/li>\n<li><span style=\"color: #000000;\">2012\/13 Orient<\/span><\/li>\n<li><span style=\"color: #000000;\">2013\/14 Fleischfressende Pflanzen<\/span><\/li>\n<li><span style=\"color: #000000;\">2014\/15 Die 4 Elemente<\/span><\/li>\n<li><span style=\"color: #000000;\">2015\/16 Medusa<\/span><\/li>\n<li><span style=\"color: #000000;\">2016\/17 Azteken<\/span><\/li>\n<li><span style=\"color: #000000;\">2017\/18 Vampire<\/span><\/li>\n<li><span style=\"color: #000000;\">2018\/19 Griechen<\/span><\/li>\n<li><span style=\"color: #000000;\">2019\/20 Venedig<\/span><\/li>\n<li><span style=\"color: #000000;\">2020\/21 Ausgefallen (Corona)<\/span><\/li>\n<li><span style=\"color: #000000;\">2021\/22 Ausgefallen ( Corona)<\/span><\/li>\n<li><span style=\"color: #000000;\">2022\/23 Waldgeister<\/span><\/li>\n<li><span style=\"color: #000000;\">2023\/24 Wasser und Feuer Drachen<\/span><\/li>\n<li><span style=\"color: #000000;\">2024\/25 Discofieber<\/span><\/li>\n<\/ul>\n","protected":false},"excerpt":{"rendered":"<p>Die Schautanzgruppe X-treme besteht seit der Kampagne 2004\/05. Zahlreiche T\u00e4nzerinnen und T\u00e4nzer sind in dieser Zeit bei den Prunksitzungen der UNO mit dabei gewesen. In der Kampagne 2027\/28 feiert X-treme ihr 22-j\u00e4hriges B\u00fchnenjubil\u00e4um. Die x-treme umfasst folgende 22 Mitglieder: Alina Knittel, Nadine Netter, Michelle Schaaf, Saskia Keller, Rebecca Netter, Sonja H\u00e4hnel, Lara B\u00f6ckel, Vanessa M\u00f6bus, [&hellip;]<\/p>\n","protected":false},"author":1,"featured_media":0,"parent":0,"menu_order":1,"comment_status":"closed","ping_status":"closed","template":"","meta":{"ngg_post_thumbnail":0,"footnotes":""},"categories":[15],"tags":[],"class_list":["post-1179","page","type-page","status-publish","hentry","category-aktive"],"_links":{"self":[{"href":"https:\/\/kv-uno-waldsee.de\/index.php?rest_route=\/wp\/v2\/pages\/1179","targetHints":{"allow":["GET"]}}],"collection":[{"href":"https:\/\/kv-uno-waldsee.de\/index.php?rest_route=\/wp\/v2\/pages"}],"about":[{"href":"https:\/\/kv-uno-waldsee.de\/index.php?rest_route=\/wp\/v2\/types\/page"}],"author":[{"embeddable":true,"href":"https:\/\/kv-uno-waldsee.de\/index.php?rest_route=\/wp\/v2\/users\/1"}],"replies":[{"embeddable":true,"href":"https:\/\/kv-uno-waldsee.de\/index.php?rest_route=%2Fwp%2Fv2%2Fcomments&post=1179"}],"version-history":[{"count":11,"href":"https:\/\/kv-uno-waldsee.de\/index.php?rest_route=\/wp\/v2\/pages\/1179\/revisions"}],"predecessor-version":[{"id":4509,"href":"https:\/\/kv-uno-waldsee.de\/index.php?rest_route=\/wp\/v2\/pages\/1179\/revisions\/4509"}],"wp:attachment":[{"href":"https:\/\/kv-uno-waldsee.de\/index.php?rest_route=%2Fwp%2Fv2%2Fmedia&parent=1179"}],"wp:term":[{"taxonomy":"category","embeddable":true,"href":"https:\/\/kv-uno-waldsee.de\/index.php?rest_route=%2Fwp%2Fv2%2Fcategories&post=1179"},{"taxonomy":"post_tag","embeddable":true,"href":"https:\/\/kv-uno-waldsee.de\/index.php?rest_route=%2Fwp%2Fv2%2Ftags&post=1179"}],"curies":[{"name":"wp","href":"https:\/\/api.w.org\/{rel}","templated":true}]}}