{"id":1169,"date":"2020-07-29T07:35:40","date_gmt":"2020-07-29T07:35:40","guid":{"rendered":"http:\/\/neu2020.kv-uno-waldsee.de\/?page_id=1169"},"modified":"2025-11-10T08:50:03","modified_gmt":"2025-11-10T07:50:03","slug":"purzelgarde-2","status":"publish","type":"page","link":"https:\/\/kv-uno-waldsee.de\/?page_id=1169","title":{"rendered":"Kindergarde"},"content":{"rendered":"ngg_shortcode_0_placeholder\n<p style=\"text-align: justify;\"><span style=\"font-weight: 400; color: #000000;\">Die Kindergarde ist aus unserem Vereinsleben nicht mehr wegzudenken. Sie sind zwar nicht mehr die allerkleinsten Tanzm\u00e4use, aber mit ihrer Energie und ihrer Freude am Tanzen begeistern sie Jahr f\u00fcr Jahr das Publikum. Auf der gro\u00dfen B\u00fchne der UNO stehen in der Regel rund 18 M\u00e4dchen im Alter von etwa 7 bis 10 Jahren \u2013 und sie k\u00f6nnen es jedes Mal kaum erwarten, endlich loszulegen und ihr K\u00f6nnen zu zeigen.<\/span><\/p>\n<p style=\"text-align: justify;\"><span style=\"font-weight: 400; color: #000000;\">Gegr\u00fcndet wurde die Kindergarde von Helga Robnik, die mit viel Herzblut und Engagement die ersten Schritte dieser Gruppe begleitete. Seitdem hat sich viel getan: Die Kindergarde ist gewachsen, hat sich weiterentwickelt und z\u00e4hlt heute zu einem festen Bestandteil unseres karnevalistischen Programms.<\/span><\/p>\n<p style=\"text-align: justify;\"><span style=\"color: #000000;\"><b>Die Kindergarde umfasst folgende Mitglieder:<\/b><\/span><\/p>\n<p style=\"text-align: justify;\"><span style=\"font-weight: 400; color: #000000;\">Marta Eberlein, Lenia Ferdinand, Lina Frey, Julia Klein, Viktoria Lex, Josefina Petratsch, Hanna Reiland, Liv Renkwitz, Lotte Rennholz, Mathilda Rohner, Emma Sch\u00f6nh\u00f6fer, Magdalena Trauth, Laetitia Trauth, Sophia Wolf, Lina Tremmel, Luisa Claus, Emmy Regauer.<\/span><\/p>\n<ul style=\"text-align: justify;\">\n<li aria-level=\"1\"><span style=\"color: #000000;\"><b>Trainer -und Betreuerteam: <\/b><\/span>Michelle Schaaf, Anna-Lena Ludwig, Celine Br\u00fcnn, Lilian S\u00fc\u00df sowie Lena Stett<\/li>\n<\/ul>\n","protected":false},"excerpt":{"rendered":"<p>Die Kindergarde ist aus unserem Vereinsleben nicht mehr wegzudenken. Sie sind zwar nicht mehr die allerkleinsten Tanzm\u00e4use, aber mit ihrer Energie und ihrer Freude am Tanzen begeistern sie Jahr f\u00fcr Jahr das Publikum. Auf der gro\u00dfen B\u00fchne der UNO stehen in der Regel rund 18 M\u00e4dchen im Alter von etwa 7 bis 10 Jahren \u2013 [&hellip;]<\/p>\n","protected":false},"author":1,"featured_media":0,"parent":0,"menu_order":1,"comment_status":"closed","ping_status":"closed","template":"","meta":{"ngg_post_thumbnail":0,"footnotes":""},"categories":[15],"tags":[],"class_list":["post-1169","page","type-page","status-publish","hentry","category-aktive"],"_links":{"self":[{"href":"https:\/\/kv-uno-waldsee.de\/index.php?rest_route=\/wp\/v2\/pages\/1169","targetHints":{"allow":["GET"]}}],"collection":[{"href":"https:\/\/kv-uno-waldsee.de\/index.php?rest_route=\/wp\/v2\/pages"}],"about":[{"href":"https:\/\/kv-uno-waldsee.de\/index.php?rest_route=\/wp\/v2\/types\/page"}],"author":[{"embeddable":true,"href":"https:\/\/kv-uno-waldsee.de\/index.php?rest_route=\/wp\/v2\/users\/1"}],"replies":[{"embeddable":true,"href":"https:\/\/kv-uno-waldsee.de\/index.php?rest_route=%2Fwp%2Fv2%2Fcomments&post=1169"}],"version-history":[{"count":19,"href":"https:\/\/kv-uno-waldsee.de\/index.php?rest_route=\/wp\/v2\/pages\/1169\/revisions"}],"predecessor-version":[{"id":4322,"href":"https:\/\/kv-uno-waldsee.de\/index.php?rest_route=\/wp\/v2\/pages\/1169\/revisions\/4322"}],"wp:attachment":[{"href":"https:\/\/kv-uno-waldsee.de\/index.php?rest_route=%2Fwp%2Fv2%2Fmedia&parent=1169"}],"wp:term":[{"taxonomy":"category","embeddable":true,"href":"https:\/\/kv-uno-waldsee.de\/index.php?rest_route=%2Fwp%2Fv2%2Fcategories&post=1169"},{"taxonomy":"post_tag","embeddable":true,"href":"https:\/\/kv-uno-waldsee.de\/index.php?rest_route=%2Fwp%2Fv2%2Ftags&post=1169"}],"curies":[{"name":"wp","href":"https:\/\/api.w.org\/{rel}","templated":true}]}}