{"id":1161,"date":"2020-07-29T04:47:27","date_gmt":"2020-07-29T04:47:27","guid":{"rendered":"http:\/\/neu2020.kv-uno-waldsee.de\/?page_id=1161"},"modified":"2023-05-17T07:02:40","modified_gmt":"2023-05-17T06:02:40","slug":"wurfmaterial","status":"publish","type":"page","link":"https:\/\/kv-uno-waldsee.de\/?page_id=1161","title":{"rendered":"Wurfmaterial"},"content":{"rendered":"<p><span style=\"color: #000000;\"><strong><em>\u201eDie h\u00e4nn jo dess Johr gar nix runner g\u00b4schmisse!\u201c<\/em><\/strong><\/span><\/p>\n<p><span style=\"color: #000000;\">So h\u00f6rt man \u00f6fters eine Stimmen von Zuschauern.<\/span><\/p>\n<p><span style=\"color: #000000;\">Hier mal eine kleine Auflistung:<\/span><\/p>\n<ul>\n<li><span style=\"color: #000000;\">980 T\u00fcten Chipsffrisch-ungarisch (Minit\u00fcten)<\/span><\/li>\n<li><span style=\"color: #000000;\">1890 T\u00fcten Chipsfrisch-Paprika (Minit\u00fcten)<\/span><\/li>\n<li><span style=\"color: #000000;\">2400 St\u00fcck Brausew\u00fcrfen<\/span><\/li>\n<li><span style=\"color: #000000;\">2400 St\u00fcck Rumkugeln<\/span><\/li>\n<li><span style=\"color: #000000;\">2464 St\u00fcck Plastikspielzeug (z.Bsp.: Plastikente, B\u00e4lle\u2026.)<\/span><\/li>\n<li><span style=\"color: #000000;\">2600 T\u00fcten Popcorn (Minit\u00fcten)<\/span><\/li>\n<li><span style=\"color: #000000;\">2800 St\u00fcck Fruchtlollys<\/span><\/li>\n<li><span style=\"color: #000000;\">2880 St\u00fcck Eiskonfekt<\/span><\/li>\n<li><span style=\"color: #000000;\">10.000 St\u00fcck Haribo-Cola-Flaschen<\/span><\/li>\n<li><span style=\"color: #000000;\">20.000 St\u00fcck Haribo Goldb\u00e4ren<\/span><\/li>\n<li><span style=\"color: #000000;\">26.000 St\u00fcck klassische Bonbons (\u201eGutsle\u201c)<\/span><\/li>\n<li><span style=\"color: #000000;\">1500 St\u00fcck Echte Blumen<\/span><\/li>\n<\/ul>\n<p><span style=\"color: #000000;\">Das sind&nbsp;<strong>55.914<\/strong>&nbsp;Einzelteile.<\/span><\/p>\n<p><span style=\"color: #000000;\">Das macht ca.&nbsp;<strong>10 Teile pro Einwohner<\/strong><\/span><\/p>\n<p><span style=\"color: #000000;\">Die Wurfdichte, also Gutsle pro Quadratmeter, ist dem Wurfpersonal \u00fcberlassen.<\/span><\/p>\n<hr>\n<p style=\"text-align: center;\"><span style=\"color: #ff0000;\"><strong>&nbsp;Die Narrenschiff-Gutsle-Best\u00fcckung&nbsp;<span style=\"text-decoration: underline;\">vor&nbsp;<\/span>dem Umzug<\/strong><\/span><\/p>\n<p><a href=\"https:\/\/kv-uno-waldsee.de\/wp-content\/uploads\/2020\/07\/Wurfmaterial_Narrenschiff_01.jpg\"><img loading=\"lazy\" decoding=\"async\" class=\"size-full wp-image-1162 aligncenter\" src=\"https:\/\/kv-uno-waldsee.de\/wp-content\/uploads\/2020\/07\/Wurfmaterial_Narrenschiff_01.jpg\" alt=\"\" width=\"640\" height=\"426\" srcset=\"https:\/\/kv-uno-waldsee.de\/wp-content\/uploads\/2020\/07\/Wurfmaterial_Narrenschiff_01.jpg 640w, https:\/\/kv-uno-waldsee.de\/wp-content\/uploads\/2020\/07\/Wurfmaterial_Narrenschiff_01-300x200.jpg 300w, https:\/\/kv-uno-waldsee.de\/wp-content\/uploads\/2020\/07\/Wurfmaterial_Narrenschiff_01-240x160.jpg 240w\" sizes=\"auto, (max-width: 640px) 100vw, 640px\" \/><\/a><\/p>\n<p>&nbsp;<\/p>\n<p style=\"text-align: center;\"><span style=\"color: #ff0000;\">&nbsp;<strong>Die Narrenschiff-Gutsle-Best\u00fcckung&nbsp;<span style=\"text-decoration: underline;\">nach&nbsp;<\/span>dem Umzug<\/strong><\/span><\/p>\n<p><a href=\"https:\/\/kv-uno-waldsee.de\/wp-content\/uploads\/2020\/07\/Wurfmaterial_Narrrenschif_02.jpg\"><img loading=\"lazy\" decoding=\"async\" class=\"size-full wp-image-1163 aligncenter\" src=\"https:\/\/kv-uno-waldsee.de\/wp-content\/uploads\/2020\/07\/Wurfmaterial_Narrrenschif_02.jpg\" alt=\"\" width=\"640\" height=\"426\" srcset=\"https:\/\/kv-uno-waldsee.de\/wp-content\/uploads\/2020\/07\/Wurfmaterial_Narrrenschif_02.jpg 640w, https:\/\/kv-uno-waldsee.de\/wp-content\/uploads\/2020\/07\/Wurfmaterial_Narrrenschif_02-300x200.jpg 300w, https:\/\/kv-uno-waldsee.de\/wp-content\/uploads\/2020\/07\/Wurfmaterial_Narrrenschif_02-240x160.jpg 240w\" sizes=\"auto, (max-width: 640px) 100vw, 640px\" \/><\/a><\/p>\n<p>&nbsp;<\/p>\n<p>&nbsp;<\/p>\n<p>&nbsp;<\/p>\n<p>&nbsp;<\/p>\n","protected":false},"excerpt":{"rendered":"<p>\u201eDie h\u00e4nn jo dess Johr gar nix runner g\u00b4schmisse!\u201c So h\u00f6rt man \u00f6fters eine Stimmen von Zuschauern. Hier mal eine kleine Auflistung: 980 T\u00fcten Chipsffrisch-ungarisch (Minit\u00fcten) 1890 T\u00fcten Chipsfrisch-Paprika (Minit\u00fcten) 2400 St\u00fcck Brausew\u00fcrfen 2400 St\u00fcck Rumkugeln 2464 St\u00fcck Plastikspielzeug (z.Bsp.: Plastikente, B\u00e4lle\u2026.) 2600 T\u00fcten Popcorn (Minit\u00fcten) 2800 St\u00fcck Fruchtlollys 2880 St\u00fcck Eiskonfekt 10.000 St\u00fcck Haribo-Cola-Flaschen [&hellip;]<\/p>\n","protected":false},"author":1,"featured_media":0,"parent":0,"menu_order":17,"comment_status":"closed","ping_status":"closed","template":"","meta":{"ngg_post_thumbnail":0,"footnotes":""},"categories":[14],"tags":[],"class_list":["post-1161","page","type-page","status-publish","hentry","category-umzug"],"_links":{"self":[{"href":"https:\/\/kv-uno-waldsee.de\/index.php?rest_route=\/wp\/v2\/pages\/1161","targetHints":{"allow":["GET"]}}],"collection":[{"href":"https:\/\/kv-uno-waldsee.de\/index.php?rest_route=\/wp\/v2\/pages"}],"about":[{"href":"https:\/\/kv-uno-waldsee.de\/index.php?rest_route=\/wp\/v2\/types\/page"}],"author":[{"embeddable":true,"href":"https:\/\/kv-uno-waldsee.de\/index.php?rest_route=\/wp\/v2\/users\/1"}],"replies":[{"embeddable":true,"href":"https:\/\/kv-uno-waldsee.de\/index.php?rest_route=%2Fwp%2Fv2%2Fcomments&post=1161"}],"version-history":[{"count":3,"href":"https:\/\/kv-uno-waldsee.de\/index.php?rest_route=\/wp\/v2\/pages\/1161\/revisions"}],"predecessor-version":[{"id":2674,"href":"https:\/\/kv-uno-waldsee.de\/index.php?rest_route=\/wp\/v2\/pages\/1161\/revisions\/2674"}],"wp:attachment":[{"href":"https:\/\/kv-uno-waldsee.de\/index.php?rest_route=%2Fwp%2Fv2%2Fmedia&parent=1161"}],"wp:term":[{"taxonomy":"category","embeddable":true,"href":"https:\/\/kv-uno-waldsee.de\/index.php?rest_route=%2Fwp%2Fv2%2Fcategories&post=1161"},{"taxonomy":"post_tag","embeddable":true,"href":"https:\/\/kv-uno-waldsee.de\/index.php?rest_route=%2Fwp%2Fv2%2Ftags&post=1161"}],"curies":[{"name":"wp","href":"https:\/\/api.w.org\/{rel}","templated":true}]}}