{"id":1154,"date":"2020-07-28T15:55:23","date_gmt":"2020-07-28T15:55:23","guid":{"rendered":"http:\/\/neu2020.kv-uno-waldsee.de\/?page_id=1154"},"modified":"2023-05-02T11:38:29","modified_gmt":"2023-05-02T10:38:29","slug":"uno-timeline","status":"publish","type":"page","link":"https:\/\/kv-uno-waldsee.de\/?page_id=1154","title":{"rendered":"UNO-Timeline"},"content":{"rendered":"<p style=\"text-align: justify;\" align=\"center\"><span style=\"color: #000000;\"><b><i>Eins, zwei, drei im Sauseschritt<\/i><\/b><\/span><\/p>\n<p style=\"text-align: justify;\" align=\"center\"><span style=\"color: #000000;\"><b><i>eilt die Zeit \u2013 wir eilen mit.<\/i><\/b><\/span><\/p>\n<p style=\"text-align: justify;\" align=\"center\"><span style=\"color: #000000;\">Wilhelm Busch<\/span><\/p>\n<p style=\"text-align: justify;\"><span style=\"color: #000000;\"><strong>=== Die ersten Jahre ===<\/strong><\/span><\/p>\n<ul style=\"text-align: justify;\">\n<li><span style=\"color: #000000;\">1909: Erster bekannter organisierter Umzug in Waldsee<\/span><\/li>\n<li><span style=\"color: #000000;\">1930er: Umz\u00fcge mit Kost\u00fcmen aus Stroh- und Sackleinen<\/span><\/li>\n<\/ul>\n<p style=\"text-align: justify;\"><span style=\"color: #000000;\"><strong>=== Die 40er Jahre ===<\/strong><\/span><\/p>\n<ul style=\"text-align: justify;\">\n<li><span style=\"color: #000000;\">1949: Gr\u00fcndung des KV UNO Waldsee 1949<\/span><\/li>\n<li><span style=\"color: #000000;\">1949: Am 1. Februar startet der erste UNO Fasnachtsumzug<\/span><\/li>\n<li><span style=\"color: #000000;\">1949: Hans Denig wird erster Pr\u00e4sident der UNO<\/span><\/li>\n<\/ul>\n<p style=\"text-align: justify;\"><span style=\"color: #000000;\"><strong>=== Die 50er Jahre ===<\/strong><\/span><\/p>\n<ul style=\"text-align: justify;\">\n<li><span style=\"color: #000000;\">1951: Richard Knittel wird als Ricardo I. erster Prinz der UNO<\/span><\/li>\n<li><span style=\"color: #000000;\">1952: Klara Weick (Nieser) wird erste Prinzessin der UNO<\/span><\/li>\n<li><span style=\"color: #000000;\">1953: Willi Medardt wird zweiter Pr\u00e4sident der UNO<\/span><\/li>\n<li><span style=\"color: #000000;\">1954: Erste Prunksitzung der UNO im Gasthaus \u201eZum Stern\u201c<\/span><\/li>\n<li><span style=\"color: #000000;\">1956: Emil Rohr wird dritter Pr\u00e4sident der UNO<\/span><\/li>\n<li><span style=\"color: #000000;\">1957: Entstehung des Waldseer \u201eHeimatfilm\u201c initiiert durch Heinz Stranz<\/span><\/li>\n<\/ul>\n<p style=\"text-align: justify;\"><span style=\"color: #000000;\"><strong>=== Die 60er Jahre ===<\/strong><\/span><\/p>\n<ul style=\"text-align: justify;\">\n<li><span style=\"color: #000000;\">1960: Die UNO feiert das erste n\u00e4rrische Jubil\u00e4um \u201e1\u00d711 Jahre UNO\u201c<\/span><\/li>\n<li><span style=\"color: #000000;\">1965: Emil Rohr wird erster UNO-Tr\u00e4ger des \u201eGoldenen L\u00f6wen\u201c<\/span><\/li>\n<li><span style=\"color: #000000;\">1969: Die UNO Prunksitzungen ziehen um in den \u201eGr\u00fcnen Baum\u201c<\/span><\/li>\n<li><span style=\"color: #000000;\">1969: Die erste Seniorensitzung wird veranstaltet<\/span><\/li>\n<li><span style=\"color: #000000;\">1969: Die UNO Garde wird durch Helene Stauch gegr\u00fcndet<\/span><\/li>\n<li><span style=\"color: #000000;\">1969: Gr\u00fcndung des UNO M\u00e4nnerballett<\/span><\/li>\n<li><span style=\"color: #000000;\">1969: Gr\u00fcndung des UNO Hausfrauenballett<\/span><\/li>\n<\/ul>\n<p style=\"text-align: justify;\"><span style=\"color: #000000;\"><strong>=== Die 70er Jahre ===<\/strong><\/span><\/p>\n<ul style=\"text-align: justify;\">\n<li><span style=\"color: #000000;\">1971: Die UNO feiert das zweite n\u00e4rrische Jubil\u00e4um \u201e2\u00d711 Jahre UNO\u201c<\/span><\/li>\n<li><span style=\"color: #000000;\">1973: Die Prunksitzungen der UNO finden in der neuen Kulturhalle statt<\/span><\/li>\n<li><span style=\"color: #000000;\">1974: Durch die Regentschaft der Franz\u00f6sin Mireille Boissinot in der Kampagne 1973\/74 entwickelte sich die Partnerschaft zwischen Waldsee und Ruffec, der Heimatstadt Mireilles im S\u00fcdwesten Frankreichs.<\/span><\/li>\n<li><span style=\"color: #000000;\">1974: Beginn der Partnerschaft Waldsee\/Ruffec<\/span><\/li>\n<li><span style=\"color: #000000;\">1976: Gr\u00fcndung der Kinder und Jugendgarde durch Helga Wenzel (Prinzessin Helga II.)<\/span><\/li>\n<li><span style=\"color: #000000;\">1976: Die UNO wird am 29. Januar ins Vereinsregister eingetragen und somit zum e.V.<\/span><\/li>\n<li><span style=\"color: #000000;\">1979: Heinz Stranz wird vierter Pr\u00e4sident der UNO<\/span><\/li>\n<\/ul>\n<p style=\"text-align: justify;\"><span style=\"color: #000000;\"><strong>=== Die 80er Jahre ===<\/strong><\/span><\/p>\n<ul style=\"text-align: justify;\">\n<li><span style=\"color: #000000;\">1981: Richard Knittel wird f\u00fcnfter Pr\u00e4sident der UNO<\/span><\/li>\n<li><span style=\"color: #000000;\">1982: Die UNO feiert das dritte n\u00e4rrische Jubil\u00e4um \u201e3\u00d711 Jahre UNO\u201c<\/span><\/li>\n<li><span style=\"color: #000000;\">1985: Erster Auftritt der \u201eH\u00e4ffelgucker\u201c<\/span><\/li>\n<li><span style=\"color: #000000;\">1987: Fritz Zinser wird sechster Pr\u00e4sident der UNO<\/span><\/li>\n<\/ul>\n<p style=\"text-align: justify;\"><span style=\"color: #000000;\"><strong>=== Die 90er Jahre ===<\/strong><\/span><\/p>\n<ul style=\"text-align: justify;\">\n<li><span style=\"color: #000000;\">1991: Ausfall der Kampagne wegen des Golfkrieges<\/span><\/li>\n<li><span style=\"color: #000000;\">1991: Erstes UNO Tanzmariechen (Ina Herrmann, sp\u00e4tere Prinzessin Ina I.)<\/span><\/li>\n<li><span style=\"color: #000000;\">1992: Beschluss zum Bau der Narrhalla<\/span><\/li>\n<li><span style=\"color: #000000;\">1992: Der \u201eErster Spatenstich\u201c in Form der Aufstellung eines Bauschildes er\u00f6ffnet am Rosenmontag die Bauphase der Narrhalla<\/span><\/li>\n<li><span style=\"color: #000000;\">1992: Am 26. Juni 1992 feiert die UNO das Richtfest f\u00fcr die Narrhalla<\/span><\/li>\n<li><span style=\"color: #000000;\">1992: Die UNO veranstaltet das \u201eScheier-Feschd\u201c bei Fritz Kochner<\/span><\/li>\n<li><span style=\"color: #000000;\">1993: Einweihung der Narrhalla<\/span><\/li>\n<li><span style=\"color: #000000;\">1993: Die UNO feiert das vierte n\u00e4rrische Jubil\u00e4um \u201e4\u00d711 Jahre UNO\u201c<\/span><\/li>\n<li><span style=\"color: #000000;\">1994: Fitz Effler wird siebter Pr\u00e4sident der UNO<\/span><\/li>\n<li><span style=\"color: #000000;\">1999: Die UNO feiert ein halbes Jahrhundert Geburtstag<\/span><\/li>\n<\/ul>\n<p style=\"text-align: justify;\"><span style=\"color: #000000;\"><strong>=== Die 2000er Jahre ===<\/strong><\/span><\/p>\n<ul style=\"text-align: justify;\">\n<li><span style=\"color: #000000;\">2002: Der heutige Ehrenpr\u00e4sident der UNO, Fritz Zinser, ist erster UNO-Tr\u00e4ger des \u201eGoldenen L\u00f6wen mit Brillant\u201c<\/span><\/li>\n<li><span style=\"color: #000000;\">2003: Bernhard Knittel wird achter Pr\u00e4sident der UNO<\/span><\/li>\n<li><span style=\"color: #000000;\">2003: F\u00fcr seine vielf\u00e4ltigen Verdienste um die Fasnacht erh\u00e4lt Fritz Effler verdienterma\u00dfen die Ehrennadel des Landes Rheinland-Pfalz.<\/span><\/li>\n<li><span style=\"color: #000000;\">2004: Die UNO feiert das f\u00fcnfte n\u00e4rrische Jubil\u00e4um \u201e5\u00d711 Jahre UNO\u201c<\/span><\/li>\n<li><span style=\"color: #000000;\">2004: Die erste Waldseer Schaumparty findet anl\u00e4sslich \u201e5\u00d711 Jahre UNO\u201c in der Sommerfesthalle statt<\/span><\/li>\n<li><span style=\"color: #000000;\">2006: Gr\u00fcndung der Guggemusikgruppe \u201eWaldsemer Gasserassler\u201c<\/span><\/li>\n<li><span style=\"color: #000000;\">2006: Erster Auftritt der Showtanzgruppe \u201ex-treme\u201c<\/span><\/li>\n<li><span style=\"color: #000000;\">2007: Beginn des Erweiterungsbaus der Narrhalla<\/span><\/li>\n<li><span style=\"color: #000000;\">2008: Einweihung der erweiterten Narrhalla<\/span><\/li>\n<li><span style=\"color: #000000;\">2009: Fritz Effler, Kurt Effler, G\u00fcnter Hoffelder, Fritz Kochner, Karl-Heinz Krug, Alois Nieser, Volland Karl, Rudi Zickgraf und Fritz Zinser sind die ersten UNO-Tr\u00e4ger des \u201eBDK-Orden mit Brillant\u201c<\/span><\/li>\n<\/ul>\n<p style=\"text-align: justify;\"><span style=\"color: #000000;\"><strong>=== Die 2010er Jahre ===<\/strong><\/span><\/p>\n<ul>\n<li style=\"text-align: justify;\"><span style=\"color: #000000;\">2014: Jubil\u00e4umsfest zum Start in die Jubil\u00e4umskampagne<\/span><\/li>\n<li style=\"text-align: justify;\"><span style=\"color: #000000;\">2015: Die UNO feiert das sechste n\u00e4rrische Jubil\u00e4um \u201e6\u00d711 Jahre UNO\u201c<\/span><\/li>\n<li style=\"text-align: justify;\"><span style=\"color: #000000;\">2015: Das erste Federwei\u00dfenfest der UNO findet statt<\/span><\/li>\n<li style=\"text-align: justify;\"><span style=\"color: #000000;\">2016: Die UNO veranstaltet ein Erdbeerfest zu Gunsten der \u201eDKMS\u201c<\/span><\/li>\n<li style=\"text-align: justify;\"><span style=\"color: #000000;\">2016: Werner Bleifeld und Herbert Schehl erhalten den&nbsp;\u201eBDK-Orden mit Brillant\u201c<\/span><\/li>\n<li style=\"text-align: justify;\"><span style=\"color: #000000;\">2017:&nbsp;Die H\u00e4ffelgucker nehmen nach 33 Jahren Abschied von der UNO-B\u00fchne.<\/span><\/li>\n<li style=\"text-align: justify;\"><span style=\"color: #000000;\">2017:&nbsp;Klaus Krieg&nbsp;wird neunter&nbsp;Pr\u00e4sident der UNO<\/span><\/li>\n<li style=\"text-align: justify;\"><span style=\"color: #000000;\">2018: Premiere der \u201eTremmel Family\u201c bei den Prunksitzungen der UNO<\/span><\/li>\n<li style=\"text-align: justify;\"><span style=\"color: #000000;\">2018: Matthias Th\u00f6nnes und G\u00fcnter Salewski erhalten den \u201eBDK-Orden mit Brillant\u201c<\/span><\/li>\n<li style=\"text-align: justify;\"><span style=\"color: #000000;\">2019:&nbsp;<strong>70 Jahre UNO<\/strong>&nbsp;\u2013 kein n\u00e4rrischer, aber erw\u00e4hnenswerter Geburtstag<\/span><\/li>\n<li style=\"text-align: justify;\"><span style=\"color: #000000;\">2019: Die Ehrennadel in Gold der Gemeinde Waldsee erhielten: Fritz Effler,&nbsp; Alois Nieser, Fritz Zinser, Kurt Effler, Rudi Zickgraf, Karl-Heinz Krug, G\u00fcnter Hoffelder, Matthias Th\u00f6nnes und Karl Volland.<\/span><\/li>\n<li style=\"text-align: justify;\"><span style=\"color: #000000;\">2019: Die Ehrennadel in Silber der Gemeinde Waldsee erhielten: Ulrike Ke\u00dfler, Matthias Erbach, Thomas Schotth\u00f6fer und Ralf Krug<\/span><\/li>\n<\/ul>\n<p><span style=\"color: #000000;\"><strong>=== Die 2020er Jahre ===<\/strong><\/span><\/p>\n<ul>\n<li><span style=\"color: #000000;\">2020: Aufgrund der Corona-Pandemie wird die Kampagne 2020\/2021 abgesagt.<\/span><\/li>\n<li><span style=\"color: #000000;\">2021: Prunksitzungen &#8222;deh\u00e4m gucke&#8220;. R\u00fcckblicke auf die Prunksitzungen 1987 bis 2018 werden als &#8222;Ersatz&#8220; f\u00fcr die ausgefallenen Prunksitzungen auf Youtube ver\u00f6ffentlicht.<\/span><\/li>\n<li><span style=\"color: #000000;\">2021: Aufgrund der anhaltenden Corona-Pandemie wird die Kampagne 2021\/2022 nach dem Kr\u00f6nungsball im November abgebrochen.<\/span><\/li>\n<li><span style=\"color: #000000;\">2023: Erster Umzug nach der Pandemie. Rekordbesucherzahl, auch Aufgrund vieler Absagen anderer Vereine wegen erh\u00f6hten Sicherheitsma\u00dfnahmen.<\/span><\/li>\n<\/ul>\n","protected":false},"excerpt":{"rendered":"<p>Eins, zwei, drei im Sauseschritt eilt die Zeit \u2013 wir eilen mit. Wilhelm Busch === Die ersten Jahre === 1909: Erster bekannter organisierter Umzug in Waldsee 1930er: Umz\u00fcge mit Kost\u00fcmen aus Stroh- und Sackleinen === Die 40er Jahre === 1949: Gr\u00fcndung des KV UNO Waldsee 1949 1949: Am 1. Februar startet der erste UNO Fasnachtsumzug [&hellip;]<\/p>\n","protected":false},"author":1,"featured_media":0,"parent":0,"menu_order":14,"comment_status":"closed","ping_status":"closed","template":"","meta":{"ngg_post_thumbnail":0,"footnotes":""},"categories":[9],"tags":[],"class_list":["post-1154","page","type-page","status-publish","hentry","category-vereinsfuehrung"],"_links":{"self":[{"href":"https:\/\/kv-uno-waldsee.de\/index.php?rest_route=\/wp\/v2\/pages\/1154","targetHints":{"allow":["GET"]}}],"collection":[{"href":"https:\/\/kv-uno-waldsee.de\/index.php?rest_route=\/wp\/v2\/pages"}],"about":[{"href":"https:\/\/kv-uno-waldsee.de\/index.php?rest_route=\/wp\/v2\/types\/page"}],"author":[{"embeddable":true,"href":"https:\/\/kv-uno-waldsee.de\/index.php?rest_route=\/wp\/v2\/users\/1"}],"replies":[{"embeddable":true,"href":"https:\/\/kv-uno-waldsee.de\/index.php?rest_route=%2Fwp%2Fv2%2Fcomments&post=1154"}],"version-history":[{"count":7,"href":"https:\/\/kv-uno-waldsee.de\/index.php?rest_route=\/wp\/v2\/pages\/1154\/revisions"}],"predecessor-version":[{"id":2661,"href":"https:\/\/kv-uno-waldsee.de\/index.php?rest_route=\/wp\/v2\/pages\/1154\/revisions\/2661"}],"wp:attachment":[{"href":"https:\/\/kv-uno-waldsee.de\/index.php?rest_route=%2Fwp%2Fv2%2Fmedia&parent=1154"}],"wp:term":[{"taxonomy":"category","embeddable":true,"href":"https:\/\/kv-uno-waldsee.de\/index.php?rest_route=%2Fwp%2Fv2%2Fcategories&post=1154"},{"taxonomy":"post_tag","embeddable":true,"href":"https:\/\/kv-uno-waldsee.de\/index.php?rest_route=%2Fwp%2Fv2%2Ftags&post=1154"}],"curies":[{"name":"wp","href":"https:\/\/api.w.org\/{rel}","templated":true}]}}