{"id":1124,"date":"2020-07-28T14:09:32","date_gmt":"2020-07-28T14:09:32","guid":{"rendered":"http:\/\/neu2020.kv-uno-waldsee.de\/?page_id=1124"},"modified":"2020-07-28T14:17:30","modified_gmt":"2020-07-28T14:17:30","slug":"bdk-verleihung-in-waldsee","status":"publish","type":"page","link":"https:\/\/kv-uno-waldsee.de\/?page_id=1124","title":{"rendered":"BDK-Verleihung in Waldsee"},"content":{"rendered":"<p style=\"text-align: justify;\"><span style=\"color: #000000;\">Zum ersten Male fand die Verleihung des Verdienstordens des BDK bei uns in Waldsee statt. Am Freitag, dem 20. November 2009 trafen sich hierf\u00fcr viele Karnevalvereine aus Nah und Fern in der Waldseer Kulturhalle. Eingebettet in ein buntes Rahmenprogramm fanden viele Ehrungen von verdienten Fasnachtern statt. Wie es sich f\u00fcr Veranstaltungen der UNO geh\u00f6rt, war auch f\u00fcr das leibliche Wohl der G\u00e4ste bestens gesorgt.<\/span><\/p>\n<p style=\"text-align: justify;\"><span style=\"color: #000000;\">Folgende Waldseer Fasnachter der UNO wurden ausgezeichnet<\/span><\/p>\n<ul style=\"text-align: justify;\">\n<li><span style=\"color: #000000;\"><strong>BDK-Orden in Gold (25 Jahre Vorstandschaft)<\/strong><\/span><\/li>\n<\/ul>\n<p style=\"text-align: justify;\"><span style=\"color: #000000;\">\u2013 Ralf Krug<\/span><\/p>\n<ul style=\"text-align: justify;\">\n<li><span style=\"color: #000000;\"><strong>BDK-Orden in Gold mit Brillanten (40 Jahre Vorstandschaft)<\/strong><\/span><\/li>\n<\/ul>\n<p style=\"text-align: justify;\"><span style=\"color: #000000;\">-Kurt Effler<\/span><\/p>\n<p style=\"text-align: justify;\"><span style=\"color: #000000;\">-G\u00fcnter Hoffelder<\/span><\/p>\n<p style=\"text-align: justify;\"><span style=\"color: #000000;\">-Alois Nieser<\/span><\/p>\n<p style=\"text-align: justify;\"><span style=\"color: #000000;\">-Fritz Zinser<\/span><\/p>\n<p style=\"text-align: justify;\"><span style=\"color: #000000;\">-Karl Volland<\/span><\/p>\n<p style=\"text-align: justify;\"><span style=\"color: #000000;\">-Karl-Heinz Krug<\/span><\/p>\n<p style=\"text-align: justify;\"><span style=\"color: #000000;\">-Rudi Zickgraf<\/span><\/p>\n<p style=\"text-align: justify;\"><span style=\"color: #000000;\">-Fritz Effler<\/span><\/p>\n<p style=\"text-align: justify;\"><span style=\"color: #000000;\">-Fritz Kochner<\/span><\/p>\nngg_shortcode_0_placeholder\n<p style=\"text-align: justify;\"><span style=\"color: #000000;\"><strong>Vorbericht aus der RHEINPFALZ vom 18.11.2008 von Sandra Litzenberger<\/strong><\/span><\/p>\n<p style=\"text-align: justify;\"><span style=\"color: #0000ff;\"><strong>\u201eQuantensprung in der Vereinsgeschichte\u201c<\/strong><\/span><\/p>\n<p style=\"text-align: justify;\" align=\"JUSTIFY\"><span style=\"color: #000000;\">Waldsee: Karnevalverein Uno richtet Verleihung der Verdienstorden des \u201eBundes deutscher Karneval\u201c in der Kulturhalle aus<\/span><\/p>\n<p style=\"text-align: justify;\" align=\"JUSTIFY\"><span style=\"color: #000000;\">Nur wenige Tage nach der feierlichen Kr\u00f6nung von Prinzessin Melanie II. steht den Narren vom Waldseer Karnevalverein Uno ein weiterer H\u00f6hepunkt der Saison ins Haus. Zum ersten Mal in seiner 60-j\u00e4hrigen Geschichte richtet der Verein die Verleihung der Verdienstorden des \u201eBundes deutscher Karneval\u201c (BDK) f\u00fcr die Region Vorderpfalz aus.<\/span><\/p>\n<p style=\"text-align: justify;\" align=\"JUSTIFY\"><span style=\"color: #000000;\">Wenn am Freitag in der Kulturhalle mehr als drei Dutzend neue Ordenstr\u00e4ger aus der Region zusammenkommen, sind darunter auch neun Uno-Mitglieder, denen eine Ausnahmeehrung zukommen wird: Sie erhalten den Ehrenorden in Gold mit Brillanten f\u00fcr mindestens 40 aktive Jahre \u201ean vorderster Front\u201c, wie Uno-Pr\u00e4sident Bernhard Knittel stolz erkl\u00e4rt.<\/span><\/p>\n<p style=\"text-align: justify;\" align=\"JUSTIFY\"><span style=\"color: #000000;\">Knapp 650 Lebensjahre, davon weit mehr als zwei Drittel \u201ef\u00fcr die Uno\u201c \u2013 so k\u00f6nnte man die Bilanz karnevalistischer Aktivit\u00e4ten der zuk\u00fcnftigen \u201eBrillanten\u201c zusammenfassen. Knittel erkl\u00e4rt den Ehrungsabend zum \u201eQuantensprung in der Vereinsgeschichte\u201c und f\u00fcgt hinzu: \u201eDie Uno w\u00e4re ohne diese M\u00e4nner heute nicht das, was sie ist!\u201c<\/span><\/p>\n<p style=\"text-align: justify;\" align=\"JUSTIFY\"><span style=\"color: #000000;\">Allen voran ist dabei Uno-Ehrenpr\u00e4sident Fritz Zinser zu nennen, f\u00fcr den die anderen die Umschreibung finden: \u201eEs gibt nix, was der net gemacht hot!\u201c Sitzungspr\u00e4sident, T\u00e4nzer im M\u00e4nnerballett, Manager und \u201eMacher\u201c beim Narrhallabau \u2013 und bis heute schwei\u00dft, schraubt und leimt er im Umzugs- und B\u00fchnenbauausschuss. Er vertritt mit gro\u00dfem pers\u00f6nlichen Einsatz die Uno im n\u00e4rrischen Umland, bis hin nach Mainz.<\/span><\/p>\n<p style=\"text-align: justify;\" align=\"JUSTIFY\"><span style=\"color: #000000;\">\u00c4hnliche Attribute gelten auch f\u00fcr Fritz Effler, den zweiten Ex-Pr\u00e4sidenten der Runde. Lange Jahre zeichnete er als Vorsitzender des Vergn\u00fcgungsausschusses f\u00fcr das Programm der Prunksitzungen verantwortlich, und bis heute engagiert er sich f\u00fcr die F\u00f6rderung des B\u00fctten-Nachwuchses. Als unvergessen gelten seine eigenen Beitr\u00e4ge in der B\u00fctt, allen voran der \u201eB\u00fcrobote Schlewwerschnuut\u201c.<\/span><\/p>\n<p style=\"text-align: justify;\" align=\"JUSTIFY\"><span style=\"color: #000000;\">Die Runde der Ex-Pr\u00e4sidenten komplettiert Alois Nieser, der 13 Jahre lang \u201eVize\u201c der Uno war. Stationen seiner n\u00e4rrischen Karriere waren Wirtschafts- und Bauausschuss sowie das M\u00e4nnerballett, heute liegt ihm besonders die Prinzessinnenbetreuung am Herzen. F\u00fcr diesen Job ist er pr\u00e4destiniert, denn wie viele seiner \u201eKollegen\u201c hat er \u00fcber die Jahre die ganze Familie mit dem Karnevalsbazillus infiziert \u2013 und zwar so stark, dass er gleich beide T\u00f6chter als Uno-Prinzessinnen erleben durfte.<\/span><\/p>\n<p style=\"text-align: justify;\" align=\"JUSTIFY\"><span style=\"color: #000000;\">Daf\u00fcr, dass alle Geehrten in den langen Jahren ihrer fastnachtlichen Laufbahn stets \u201evielseitig verwendbar\u201c waren, steht insbesondere auch Karl-Heinz Krug. Als ehemaliger M\u00e4nnerballett-T\u00e4nzer auf der B\u00fchne, als \u201eHenkelmann\u201c dahinter und seit Jahren im Umzugs- und B\u00fchnenbauausschuss mit ihrer Gestaltung besch\u00e4ftigt, tr\u00e4gt er noch immer gerne den roten Elferratskittel.<\/span><\/p>\n<p style=\"text-align: justify;\" align=\"JUSTIFY\"><span style=\"color: #000000;\">Beim Umzug mit vorne dabei waren immer auch Fritz Kochner und Kurt Effler. Kochner, der als Landwirt lange Jahre vielerlei Fahrzeuge f\u00fcr den Umzug bereitstellte, war bei diesem als Fahrer des Narrenschiffs nahezu unverzichtbar. Als St\u00fctze des Wirtschaftsausschusses wirkt er bis heute hinter den Kulissen der Uno-Veranstaltungen: F\u00fcr das Aufr\u00e4umen muss, so Kochner, \u201eschlie\u00dflich auch immer jemand zur Verf\u00fcgung stehen\u201c.<\/span><\/p>\n<p style=\"text-align: justify;\" align=\"JUSTIFY\"><span style=\"color: #000000;\">Kurt Effler war \u201eeigentlich schon immer\u201c entweder im Wirtschafts- oder im Umzugs- und B\u00fchnenbauausschuss t\u00e4tig, Mitglied des letzteren ist er bis heute. Auch er war Elferrat und unterst\u00fctzte die Uno als \u201eBauhelfer\u201c bei Narrhallaneu- und -anbau. Was ihm seit jeher am Herzen liegt, sind die vielf\u00e4ltigen Aktivit\u00e4ten rund um den Umzug, ob als \u201eUmzugsordner\u201c oder auch als Sammler.<\/span><\/p>\n<p style=\"text-align: justify;\" align=\"JUSTIFY\"><span style=\"color: #000000;\">Karl Volland engagierte sich ebenfalls beim Umzugs- und B\u00fchnenbauausschuss. Seine fr\u00fchere, \u00e4u\u00dferst vielf\u00e4ltige B\u00fchnenpr\u00e4senz in verschiedenen Gruppen ist allen noch in guter Erinnerung: Ob als Zeremonienmeister, Ballettt\u00e4nzer, Feierabends\u00e4nger, Elferrat und Mitglied der \u201eRoggestubb\u201c \u2013 Volland war und ist stets vorne dabei.<\/span><\/p>\n<p style=\"text-align: justify;\" align=\"JUSTIFY\"><span style=\"color: #000000;\">Rund um den Umzugs- und B\u00fchnenbauausschuss ehren Verein und BDK au\u00dferdem noch zwei Mitstreiter, die seit Jahrzehnten schon \u201eeher hinter den Kulissen\u201c wirken: G\u00fcnther Hoffelder, ohne dessen Arbeit, so Pr\u00e4sident Knittel r\u00fcckblickend, die Umz\u00fcge und damit auch der Erfolg der Uno \u201eniemals m\u00f6glich gewesen w\u00e4re\u201c. Der gelernte Maler aus Schifferstadt, der \u201ebei Wind und Wetter mit dem Fahrrad nach Waldsee gondelte\u201c, erfand und plante \u00fcber viele Jahre die umfangreichen B\u00fchnenaufbauten, die die Akteure erst so richtig in Szene setzten.<\/span><\/p>\n<p style=\"text-align: justify;\" align=\"JUSTIFY\"><span style=\"color: #000000;\">Sein \u201ehandwerklicher\u201c Mitstreiter Rudi Zickgraf, ebenfalls gelernter Maler, war schon Elferrat und \u201eGesch\u00e4ftsf\u00fchrer\u201c, aber auch Ballettt\u00e4nzer und Wirtschaftsminister, und er erinnert sich: \u201eFr\u00fcher haben wir das alles immer irgendwie gleichzeitig gemacht, aus der K\u00fcche auf die B\u00fchne, dann aufger\u00e4umt und am n\u00e4chsten Morgen direkt zum Umzugsbau\u2026\u201c \u2013 f\u00fcr ihn waren dies teilweise sehr kurze Wege, denn durch die Bereitstellung seiner Scheune als Uno-Werkstatt gab er dem Verein \u00fcber lange Jahre, so der Pr\u00e4sident stolz, \u201eeine echte Heimat\u201c.<\/span><\/p>\n<p style=\"text-align: justify;\" align=\"JUSTIFY\"><span style=\"color: #000000;\">Mindestens elf Jahre Engagement im Vorstand eines Karnevalvereins muss man vorweisen, um den BDK-Orden in Silber zu bekommen. So erh\u00e4lt Ralf Krug am Freitagabend in der Kulturhalle den BDK-Orden in Gold f\u00fcr 25 Jahre verantwortungsvolle Arbeit, unter anderem als Webmaster und technischer Verantwortlicher.<\/span><\/p>\n<p style=\"text-align: justify;\"><span style=\"color: #000000;\"><strong>Nachbericht aus der RHEINPFALZ vom 23.11.2008 von Sandra Litzenberger<\/strong><\/span><\/p>\n<p style=\"text-align: justify;\"><span style=\"color: #0000ff;\"><strong>300 G\u00e4ste in der Rheingemeinde<\/strong><\/span><\/p>\n<p style=\"text-align: justify;\"><span style=\"color: #000000;\">Waldsee: Fasnachter der Vorderpfalz mit BdK-Orden geehrt \u2013 \u201eUno\u201c ist Gastgeber<\/span><\/p>\n<p style=\"text-align: justify;\"><span style=\"color: #000000;\">Mehr als 300 G\u00e4ste aus Waldsee und der ganzen n\u00e4rrischen Vorderpfalz haben am Freitagabend in der Kulturhalle einen Ehrungsabend der besonderen Art erlebt. Zum ersten Mal in der Geschichte des Karnevalvereins \u201eUno\u201c waren die Waldseer Narren Ausrichter der Verleihung der Verdienstorden des Bundes deutscher Karneval (BdK).<\/span><\/p>\n<p style=\"text-align: justify;\"><span style=\"color: #000000;\">Mehr noch: Zum ersten Mal erhielten \u201eUno\u201c-Vereinsmitglieder den BdK-Orden in Gold mit Brillant (die RHEINPFALZ berichtete \u00fcber die Ausgezeichneten aus Waldsee bereits). Bereits f\u00fcr die \u201eniedrigste\u201c Stufe, den Silbernen Orden, muss man sowohl 25 Jahre Mitgliedschaft in einem dem BdK angeschlossenen Verein als auch eine mindestens elfj\u00e4hrige T\u00e4tigkeit \u201ean vorderster Front\u201c, beispielsweise als Vorstandsmitglied, vorweisen. Insgesamt 48 neue Ordenstr\u00e4ger aus 20 Vereinen wurden mit den Orden in Silber, Gold und Gold mit Brillant ausgezeichnet \u2013 einen Brillantorden erhielten auch Hans M\u00fcller, Bezirksvorsitzender der Vereinigung Badisch-Pf\u00e4lzischer Karnevalvereine f\u00fcr die Vorderpfalz und echtes \u201eFastnachts-Urgestein\u201c, sowie Hannelore Histing, \u201eMutter der Kompanie\u201c und Ehrensenatorin beim Fastnachtskomitee \u201eLambrechter G\u00e4sb\u00f6ck\u201c. Als Laudator hob M\u00fcller, der alle zu ehrenden G\u00e4ste pers\u00f6nlich vorstellte, die fasnachtlichen Verdienste jedes einzelnen hervor. Sehr vielseitig war die Palette der T\u00e4tigkeiten, f\u00fcr die die Narren aus Nah und Fern, darunter auch G\u00fcnter H\u00f6wel aus Speyer, geehrt wurden. Dem in der Karnevalshochburg K\u00f6ln geborenen Pr\u00e4sidenten des CV Rheinfunken wurde, so M\u00fcller, \u201edas fasnachtlicheBrauchtum bereits in die Wiege gelegt\u201c.<\/span><\/p>\n<p style=\"text-align: justify;\"><span style=\"color: #000000;\">Nach langj\u00e4hriger T\u00e4tigkeit als Vizepr\u00e4sident des Gardecorps Rot-Wei\u00df Speyer \u00fcbernahm der Mitbegr\u00fcnder des \u201ejungen\u201c Speyerer Karnevalvereins das Pr\u00e4sidentenamt, das er bis heute inne hat. Die Narren vom Karnevalclub Otterstadt (KCO) d\u00fcrfen sich ebenfalls \u00fcber einen neuen \u201eGoldorden\u201c in ihrer Mitte freuen. Auf M\u00fcllers Liste stand im 33. Jubil\u00e4umsjahr des Vereins die mittlerweile in K\u00f6ln lebende Anette Clerget, Gr\u00fcndungsmitglied und langj\u00e4hrige Gardeministerin der Otterstadter Narren. Auch als Kassiererin und Trainerin mehrerer Garden hat sich Anette Clerget, die am Freitag nicht teilnehmen konnte, um den KCO verdient gemacht.<\/span><\/p>\n<p style=\"text-align: justify;\"><span style=\"color: #000000;\">M\u00fcller, der nach einer kurzen Begr\u00fc\u00dfung von Waldsees Beigeordnetem Rudi Fuchs, \u201eUno\u201c-Vize R\u00fcdiger Keller und J\u00fcrgen Lesmeister, Pr\u00e4sident der Vereinigung Badisch-Pf\u00e4lzischer Karnevalvereine, durch die Veranstaltung f\u00fchrte, hatte mit den Verantwortlichen vom KV \u201eUno\u201c f\u00fcr ein abwechslungsreiches Rahmenprogramm gesorgt. Die \u201eWaldsemer Gasserassler\u201c sorgten mit mitrei\u00dfenden Rhythmen f\u00fcr den furiosen Abschluss eines Galaabends, den \u201eUno\u201c-Tanzmariechen Nathalie Kessler mit einer \u201eSpitzen-Vorf\u00fchrung\u201c er\u00f6ffnet hatte. Gardetanz der Superlative hatte M\u00fcller ebenfalls im Gep\u00e4ck: Vom TSV Landau war Pia Kn\u00f6ller mit einem Solotanz und das Tanzpaar Lena Kern und Kai Lenz angereist. Von den genannten Erfolgen der Landauer, unter anderem kann Pia Kn\u00f6ller den Titel \u201eDeutsche Meisterin\u201c f\u00fcr sich verbuchen, war das Publikum ebenso angetan wie von den akrobatischen Tanzdarbietungen. Als \u00dcberraschung betrat auch die Schautanzgruppe der KG Farweschlucker aus Ludwigshafen die B\u00fchne und rundete das Rahmenprogramm mit einer Darbietung rund um das Thema \u201eTarzan und Jane\u201c ab.<\/span><\/p>\nngg_shortcode_1_placeholder\n","protected":false},"excerpt":{"rendered":"<p>Zum ersten Male fand die Verleihung des Verdienstordens des BDK bei uns in Waldsee statt. Am Freitag, dem 20. November 2009 trafen sich hierf\u00fcr viele Karnevalvereine aus Nah und Fern in der Waldseer Kulturhalle. Eingebettet in ein buntes Rahmenprogramm fanden viele Ehrungen von verdienten Fasnachtern statt. Wie es sich f\u00fcr Veranstaltungen der UNO geh\u00f6rt, war [&hellip;]<\/p>\n","protected":false},"author":1,"featured_media":0,"parent":0,"menu_order":13,"comment_status":"closed","ping_status":"closed","template":"","meta":{"ngg_post_thumbnail":0,"footnotes":""},"categories":[],"tags":[],"class_list":["post-1124","page","type-page","status-publish","hentry"],"_links":{"self":[{"href":"https:\/\/kv-uno-waldsee.de\/index.php?rest_route=\/wp\/v2\/pages\/1124","targetHints":{"allow":["GET"]}}],"collection":[{"href":"https:\/\/kv-uno-waldsee.de\/index.php?rest_route=\/wp\/v2\/pages"}],"about":[{"href":"https:\/\/kv-uno-waldsee.de\/index.php?rest_route=\/wp\/v2\/types\/page"}],"author":[{"embeddable":true,"href":"https:\/\/kv-uno-waldsee.de\/index.php?rest_route=\/wp\/v2\/users\/1"}],"replies":[{"embeddable":true,"href":"https:\/\/kv-uno-waldsee.de\/index.php?rest_route=%2Fwp%2Fv2%2Fcomments&post=1124"}],"version-history":[{"count":6,"href":"https:\/\/kv-uno-waldsee.de\/index.php?rest_route=\/wp\/v2\/pages\/1124\/revisions"}],"predecessor-version":[{"id":1149,"href":"https:\/\/kv-uno-waldsee.de\/index.php?rest_route=\/wp\/v2\/pages\/1124\/revisions\/1149"}],"wp:attachment":[{"href":"https:\/\/kv-uno-waldsee.de\/index.php?rest_route=%2Fwp%2Fv2%2Fmedia&parent=1124"}],"wp:term":[{"taxonomy":"category","embeddable":true,"href":"https:\/\/kv-uno-waldsee.de\/index.php?rest_route=%2Fwp%2Fv2%2Fcategories&post=1124"},{"taxonomy":"post_tag","embeddable":true,"href":"https:\/\/kv-uno-waldsee.de\/index.php?rest_route=%2Fwp%2Fv2%2Ftags&post=1124"}],"curies":[{"name":"wp","href":"https:\/\/api.w.org\/{rel}","templated":true}]}}