{"id":1093,"date":"2020-07-28T11:31:06","date_gmt":"2020-07-28T11:31:06","guid":{"rendered":"http:\/\/neu2020.kv-uno-waldsee.de\/?page_id=1093"},"modified":"2020-07-28T11:31:43","modified_gmt":"2020-07-28T11:31:43","slug":"zugteilnehmer-2013-2-2","status":"publish","type":"page","link":"https:\/\/kv-uno-waldsee.de\/?page_id=1093","title":{"rendered":"Zugteilnehmer 2015"},"content":{"rendered":"<p><span style=\"color: #000000;\"><strong>Waldseer Fastnachtsumzug \u2013 Teilnehmer 2015<\/strong><\/span><\/p>\n<ol>\n<li><span style=\"color: #000000;\">UNO Spitze<\/span><\/li>\n<li><span style=\"color: #000000;\">UNO Motiv \u201eSCHNAPPI\u201c<\/span><\/li>\n<li><span style=\"color: #000000;\">UNO Purzelgarde<\/span><\/li>\n<li><span style=\"color: #000000;\">Waldsemer H\u00e4mmel<\/span><\/li>\n<li><span style=\"color: #000000;\">UNO Reblais<\/span><\/li>\n<li><span style=\"color: #000000;\">Joe P\u00e4nnel &amp; Friends<\/span><\/li>\n<li><span style=\"color: #000000;\">UNO Musikzug Show Fanfare Mannheim Sch\u00f6nau<\/span><\/li>\n<li><span style=\"color: #000000;\">TG I<\/span><\/li>\n<li><span style=\"color: #000000;\">TG Frauen<\/span><\/li>\n<li><span style=\"color: #000000;\">Verbandsgemeinde Waldsee<\/span><\/li>\n<li><span style=\"color: #000000;\">Golden Girls<\/span><\/li>\n<li><span style=\"color: #000000;\">UNO Musikzug Altlossemer Rhoigeischder<\/span><\/li>\n<li><span style=\"color: #000000;\">KCO O-Sisters<\/span><\/li>\n<li><span style=\"color: #000000;\">KCO Jugendgarde<\/span><\/li>\n<li><span style=\"color: #000000;\">KCO Garde<\/span><\/li>\n<li><span style=\"color: #000000;\">KCO Elferrat<\/span><\/li>\n<li><span style=\"color: #000000;\">KCO Fahrlachmiezen<\/span><\/li>\n<li><span style=\"color: #000000;\">KCO Elwedritsche<\/span><\/li>\n<li><span style=\"color: #000000;\">KCO Rhoischnooke<\/span><\/li>\n<li><span style=\"color: #000000;\">Segelgemeinschaft Waldsee e.V.<\/span><\/li>\n<li><span style=\"color: #000000;\">Schlenkerb\u00e4\u00e4<\/span><\/li>\n<li><span style=\"color: #000000;\">Spielmannszug TG Waldsee<\/span><\/li>\n<li><span style=\"color: #000000;\">ASV&nbsp; \u201eElfe\u201c<\/span><\/li>\n<li><span style=\"color: #000000;\">UNO Jubil\u00e4um<\/span><\/li>\n<li><span style=\"color: #000000;\">Stolwerschlabbe &amp; Friends<\/span><\/li>\n<li><span style=\"color: #000000;\">Feuerwehr Waldsee<\/span><\/li>\n<li><span style=\"color: #000000;\">MGV Concordia<\/span><\/li>\n<li><span style=\"color: #000000;\">Einzelperson<\/span><\/li>\n<li><span style=\"color: #000000;\">Carnevalverein Rheinfunken<\/span><\/li>\n<li><span style=\"color: #000000;\">UNO Garde<\/span><\/li>\n<li><span style=\"color: #000000;\">UNO Jugendgarde<\/span><\/li>\n<li><span style=\"color: #000000;\">UNO Musikzug Waldsemer Gasserassler<\/span><\/li>\n<li><span style=\"color: #000000;\">UNO Kindergarde<\/span><\/li>\n<li><span style=\"color: #000000;\">UNO Prinzessin Massaikrieger<\/span><\/li>\n<li><span style=\"color: #000000;\">UNO Prinzessin<\/span><\/li>\n<li><span style=\"color: #000000;\">ASV Frauenfu\u00dfball<\/span><\/li>\n<li><span style=\"color: #000000;\">UNO Dappdrei<\/span><\/li>\n<li><span style=\"color: #000000;\">UNO Motiv \u201eBrauchtum\u201c<\/span><\/li>\n<li><span style=\"color: #000000;\">UNO Musikzug Feierdeifel Oberacker<\/span><\/li>\n<li><span style=\"color: #000000;\">MGV Eintracht<\/span><\/li>\n<li><span style=\"color: #000000;\">AF Club<\/span><\/li>\n<li><span style=\"color: #000000;\">TG Funky Diamonds<\/span><\/li>\n<li><span style=\"color: #000000;\">Havana*Club<\/span><\/li>\n<li><span style=\"color: #000000;\">UNO x-treme<\/span><\/li>\n<li><span style=\"color: #000000;\">Schw\u00e4nzeld\u00e4nzer<\/span><\/li>\n<li><span style=\"color: #000000;\">UNO Musikzug Pf\u00e4lzer Gugge Glugge<\/span><\/li>\n<li><span style=\"color: #000000;\">UNO Motiv \u201eSoziales Netzwerk\u201c<\/span><\/li>\n<li><span style=\"color: #000000;\">UNO Narrenschiff<\/span><\/li>\n<li><span style=\"color: #000000;\">UNO Ent(d)e<\/span><\/li>\n<\/ol>\n","protected":false},"excerpt":{"rendered":"<p>Waldseer Fastnachtsumzug \u2013 Teilnehmer 2015 UNO Spitze UNO Motiv \u201eSCHNAPPI\u201c UNO Purzelgarde Waldsemer H\u00e4mmel UNO Reblais Joe P\u00e4nnel &amp; Friends UNO Musikzug Show Fanfare Mannheim Sch\u00f6nau TG I TG Frauen Verbandsgemeinde Waldsee Golden Girls UNO Musikzug Altlossemer Rhoigeischder KCO O-Sisters KCO Jugendgarde KCO Garde KCO Elferrat KCO Fahrlachmiezen KCO Elwedritsche KCO Rhoischnooke Segelgemeinschaft Waldsee e.V. [&hellip;]<\/p>\n","protected":false},"author":1,"featured_media":0,"parent":0,"menu_order":6,"comment_status":"closed","ping_status":"closed","template":"","meta":{"ngg_post_thumbnail":0,"footnotes":""},"categories":[14],"tags":[],"class_list":["post-1093","page","type-page","status-publish","hentry","category-umzug"],"_links":{"self":[{"href":"https:\/\/kv-uno-waldsee.de\/index.php?rest_route=\/wp\/v2\/pages\/1093","targetHints":{"allow":["GET"]}}],"collection":[{"href":"https:\/\/kv-uno-waldsee.de\/index.php?rest_route=\/wp\/v2\/pages"}],"about":[{"href":"https:\/\/kv-uno-waldsee.de\/index.php?rest_route=\/wp\/v2\/types\/page"}],"author":[{"embeddable":true,"href":"https:\/\/kv-uno-waldsee.de\/index.php?rest_route=\/wp\/v2\/users\/1"}],"replies":[{"embeddable":true,"href":"https:\/\/kv-uno-waldsee.de\/index.php?rest_route=%2Fwp%2Fv2%2Fcomments&post=1093"}],"version-history":[{"count":1,"href":"https:\/\/kv-uno-waldsee.de\/index.php?rest_route=\/wp\/v2\/pages\/1093\/revisions"}],"predecessor-version":[{"id":1094,"href":"https:\/\/kv-uno-waldsee.de\/index.php?rest_route=\/wp\/v2\/pages\/1093\/revisions\/1094"}],"wp:attachment":[{"href":"https:\/\/kv-uno-waldsee.de\/index.php?rest_route=%2Fwp%2Fv2%2Fmedia&parent=1093"}],"wp:term":[{"taxonomy":"category","embeddable":true,"href":"https:\/\/kv-uno-waldsee.de\/index.php?rest_route=%2Fwp%2Fv2%2Fcategories&post=1093"},{"taxonomy":"post_tag","embeddable":true,"href":"https:\/\/kv-uno-waldsee.de\/index.php?rest_route=%2Fwp%2Fv2%2Ftags&post=1093"}],"curies":[{"name":"wp","href":"https:\/\/api.w.org\/{rel}","templated":true}]}}