{"id":1089,"date":"2020-07-28T11:29:09","date_gmt":"2020-07-28T11:29:09","guid":{"rendered":"http:\/\/neu2020.kv-uno-waldsee.de\/?page_id=1089"},"modified":"2020-07-28T11:29:38","modified_gmt":"2020-07-28T11:29:38","slug":"zugteilnehmer-2013","status":"publish","type":"page","link":"https:\/\/kv-uno-waldsee.de\/?page_id=1089","title":{"rendered":"Zugteilnehmer 2013"},"content":{"rendered":"<p><span style=\"color: #000000;\"><strong>Waldseer Fastnachtsumzug \u2013 Teilnehmer 2013<\/strong><\/span><\/p>\n<ol>\n<li><span style=\"color: #000000;\">UNO Spitze<\/span><\/li>\n<li><span style=\"color: #000000;\">UNO Purzelgarde<\/span><\/li>\n<li><span style=\"color: #000000;\">UNO Kindergarde<\/span><\/li>\n<li><span style=\"color: #000000;\">Waldsemer H\u00e4mmel<\/span><\/li>\n<li><span style=\"color: #000000;\">UNO Motiv Wowi der Baumeister<\/span><\/li>\n<li><span style=\"color: #000000;\">Pf\u00e4lzer Gugge Glugge R\u00fclzheim<\/span><\/li>\n<li><span style=\"color: #000000;\">TG-Frauen<\/span><\/li>\n<li><span style=\"color: #000000;\">Patenkompanie<\/span><\/li>\n<li><span style=\"color: #000000;\">UNO X-Treme<\/span><\/li>\n<li><span style=\"color: #000000;\">Funky Diamonds<\/span><\/li>\n<li><span style=\"color: #000000;\">AF Club<\/span><\/li>\n<li><span style=\"color: #000000;\">Einzelperson<\/span><\/li>\n<li><span style=\"color: #000000;\">Schelklinger Brassband<\/span><\/li>\n<li><span style=\"color: #000000;\">KCO Kindergarde<\/span><\/li>\n<li><span style=\"color: #000000;\">KCO Jugendgarde<\/span><\/li>\n<li><span style=\"color: #000000;\">KCO Garde<\/span><\/li>\n<li><span style=\"color: #000000;\">KCO Rhoischnooke<\/span><\/li>\n<li><span style=\"color: #000000;\">KCO Fahrlachmiezen<\/span><\/li>\n<li><span style=\"color: #000000;\">KCO Elwedritsche<\/span><\/li>\n<li><span style=\"color: #000000;\">KCO Elferrat<\/span><\/li>\n<li><span style=\"color: #000000;\">Schlenkerb\u00e4\u00e4<\/span><\/li>\n<li><span style=\"color: #000000;\">Golden Girls<\/span><\/li>\n<li><span style=\"color: #000000;\">Spielmannszug TG Waldsee<\/span><\/li>\n<li><span style=\"color: #000000;\">MGV Eintracht<\/span><\/li>\n<li><span style=\"color: #000000;\">Stolwerschlabbe &amp; Friends<\/span><\/li>\n<li><span style=\"color: #000000;\">ASV Bayerische Buam<\/span><\/li>\n<li><span style=\"color: #000000;\">Rhoihexe vun de Palz<\/span><\/li>\n<li><span style=\"color: #000000;\">Guggemusik Feierdeifel Oberacker<\/span><\/li>\n<li><span style=\"color: #000000;\">ASV Frauenfu\u00dfball<\/span><\/li>\n<li><span style=\"color: #000000;\">Feuerwehr Waldsee<\/span><\/li>\n<li><span style=\"color: #000000;\">UNO Dappdrei<\/span><\/li>\n<li><span style=\"color: #000000;\">Speedy Boots Linedancer LU Maudach<\/span><\/li>\n<li><span style=\"color: #000000;\">Speedy Boots Linedancer LU Maudach<\/span><\/li>\n<li><span style=\"color: #000000;\">UNO Kassenrolle<\/span><\/li>\n<li><span style=\"color: #000000;\">Guggemusik Altlossemer Rhoigeischder<\/span><\/li>\n<li><span style=\"color: #000000;\">TG Knallerbse<\/span><\/li>\n<li><span style=\"color: #000000;\">UNO Motiv Human Organ<\/span><\/li>\n<li><span style=\"color: #000000;\">Schw\u00e4nzeld\u00e4nzer<\/span><\/li>\n<li><span style=\"color: #000000;\">TG I<\/span><\/li>\n<li><span style=\"color: #000000;\">Verbandsgemeinde Waldsee<\/span><\/li>\n<li><span style=\"color: #000000;\">UNO Garde<\/span><\/li>\n<li><span style=\"color: #000000;\">UNO Jugendgarde<\/span><\/li>\n<li><span style=\"color: #000000;\">Waldsemer Gasserassler<\/span><\/li>\n<li><span style=\"color: #000000;\">UNO Leibgarde Elferrat<\/span><\/li>\n<li><span style=\"color: #000000;\">UNO Prinzessin<\/span><\/li>\n<li><span style=\"color: #000000;\">Havana*Club<\/span><\/li>\n<li><span style=\"color: #000000;\">UNO Reblais<\/span><\/li>\n<li><span style=\"color: #000000;\">MGV Concordia<\/span><\/li>\n<li><span style=\"color: #000000;\">UNO Musikzug Fanfarenzug Reinsheim<\/span><\/li>\n<li><span style=\"color: #000000;\">UNO Motiv<\/span><\/li>\n<li><span style=\"color: #000000;\">UNO Narrenschiff<\/span><\/li>\n<li><span style=\"color: #000000;\">UNO Ent(d)e<\/span><\/li>\n<\/ol>\n","protected":false},"excerpt":{"rendered":"<p>Waldseer Fastnachtsumzug \u2013 Teilnehmer 2013 UNO Spitze UNO Purzelgarde UNO Kindergarde Waldsemer H\u00e4mmel UNO Motiv Wowi der Baumeister Pf\u00e4lzer Gugge Glugge R\u00fclzheim TG-Frauen Patenkompanie UNO X-Treme Funky Diamonds AF Club Einzelperson Schelklinger Brassband KCO Kindergarde KCO Jugendgarde KCO Garde KCO Rhoischnooke KCO Fahrlachmiezen KCO Elwedritsche KCO Elferrat Schlenkerb\u00e4\u00e4 Golden Girls Spielmannszug TG Waldsee MGV Eintracht [&hellip;]<\/p>\n","protected":false},"author":1,"featured_media":0,"parent":0,"menu_order":4,"comment_status":"closed","ping_status":"closed","template":"","meta":{"ngg_post_thumbnail":0,"footnotes":""},"categories":[14],"tags":[],"class_list":["post-1089","page","type-page","status-publish","hentry","category-umzug"],"_links":{"self":[{"href":"https:\/\/kv-uno-waldsee.de\/index.php?rest_route=\/wp\/v2\/pages\/1089","targetHints":{"allow":["GET"]}}],"collection":[{"href":"https:\/\/kv-uno-waldsee.de\/index.php?rest_route=\/wp\/v2\/pages"}],"about":[{"href":"https:\/\/kv-uno-waldsee.de\/index.php?rest_route=\/wp\/v2\/types\/page"}],"author":[{"embeddable":true,"href":"https:\/\/kv-uno-waldsee.de\/index.php?rest_route=\/wp\/v2\/users\/1"}],"replies":[{"embeddable":true,"href":"https:\/\/kv-uno-waldsee.de\/index.php?rest_route=%2Fwp%2Fv2%2Fcomments&post=1089"}],"version-history":[{"count":1,"href":"https:\/\/kv-uno-waldsee.de\/index.php?rest_route=\/wp\/v2\/pages\/1089\/revisions"}],"predecessor-version":[{"id":1090,"href":"https:\/\/kv-uno-waldsee.de\/index.php?rest_route=\/wp\/v2\/pages\/1089\/revisions\/1090"}],"wp:attachment":[{"href":"https:\/\/kv-uno-waldsee.de\/index.php?rest_route=%2Fwp%2Fv2%2Fmedia&parent=1089"}],"wp:term":[{"taxonomy":"category","embeddable":true,"href":"https:\/\/kv-uno-waldsee.de\/index.php?rest_route=%2Fwp%2Fv2%2Fcategories&post=1089"},{"taxonomy":"post_tag","embeddable":true,"href":"https:\/\/kv-uno-waldsee.de\/index.php?rest_route=%2Fwp%2Fv2%2Ftags&post=1089"}],"curies":[{"name":"wp","href":"https:\/\/api.w.org\/{rel}","templated":true}]}}