{"id":1079,"date":"2020-07-28T11:19:44","date_gmt":"2020-07-28T11:19:44","guid":{"rendered":"http:\/\/neu2020.kv-uno-waldsee.de\/?page_id=1079"},"modified":"2025-09-25T12:13:36","modified_gmt":"2025-09-25T11:13:36","slug":"organigramm","status":"publish","type":"page","link":"https:\/\/kv-uno-waldsee.de\/?page_id=1079","title":{"rendered":"Organigramm"},"content":{"rendered":"<p style=\"text-align: justify;\"><span style=\"color: #ff0000;\"><strong>Stand: 06.06.2025<\/strong><\/span><\/p>\n<p style=\"text-align: justify;\"><span style=\"color: #000000;\"><strong>Pr\u00e4sident:<\/strong>&nbsp;Klaus Krieg<\/span><\/p>\n<p style=\"text-align: justify;\"><span style=\"color: #000000;\"><strong>Vizepr\u00e4sident:<\/strong> Andr\u00e9 Netter<\/span><\/p>\n<p style=\"text-align: justify;\"><span style=\"color: #000000;\"><strong>Ehrenpr\u00e4sident:<\/strong>&nbsp;Fritz Zinser<\/span><\/p>\n<hr>\n<p style=\"text-align: justify;\"><span style=\"color: #000000;\"><strong>Schriftf\u00fchrer:<\/strong>&nbsp;Christoph Dennhardt (stellv. Martina M\u00f6bus)<\/span><\/p>\n<p style=\"text-align: justify;\"><span style=\"color: #000000;\"><strong>Schatzmeister:<\/strong> Fred Rennholz<\/span><\/p>\n<p style=\"text-align: justify;\"><span style=\"color: #000000;\"><strong>\u00d6ffentlichkeitsarbeit:<\/strong><\/span><\/p>\n<ul style=\"text-align: justify;\">\n<li><span style=\"color: #000000;\">Amtsblatt: Ralf Krug<\/span><\/li>\n<li><span style=\"color: #000000;\">Internet\/Facebook\/App: Ralf Krug<\/span><\/li>\n<\/ul>\n<p style=\"text-align: justify;\"><span style=\"color: #000000;\"><strong>Revisoren:<\/strong> Helmut Sch\u00f6pf und Sandra Kn\u00f6rr<\/span><\/p>\n<hr>\n<p style=\"text-align: justify;\"><span style=\"color: #000000;\"><strong>Sitzungspr\u00e4sidenten:<\/strong>&nbsp;Oliver Hahn, Mary Giorgi ,Volker Kn\u00f6rr, Michael Willms<\/span><\/p>\n<hr>\n<p style=\"text-align: justify;\"><span style=\"color: #000000;\"><strong>Die Fach-Aussch\u00fcsse der UNO<\/strong><\/span><\/p>\n\n<table id=\"tablepress-11\" class=\"tablepress tablepress-id-11\">\n<tbody>\n<tr class=\"row-1\">\n\t<td class=\"column-1\">\n<table id=\"tablepress-7\" class=\"tablepress tablepress-id-7 tbody-has-connected-cells\">\n<thead>\n<tr class=\"row-1\">\n\t<th colspan=\"2\" class=\"column-1\"><strong>Umzug- und B\u00fchnenbau Ausschuss<\/strong><\/th>\n<\/tr>\n<\/thead>\n<tbody class=\"row-striping row-hover\">\n<tr class=\"row-2\">\n\t<td colspan=\"2\" class=\"column-1\"><strong>Roberta Casu - Vorsitzende<\/strong><\/td>\n<\/tr>\n<tr class=\"row-3\">\n\t<td class=\"column-1\">Markus Bode<\/td><td class=\"column-2\">Klaus Krieg<\/td>\n<\/tr>\n<tr class=\"row-4\">\n\t<td class=\"column-1\">Frank Buder<\/td><td class=\"column-2\">Ralf Krug<\/td>\n<\/tr>\n<tr class=\"row-5\">\n\t<td class=\"column-1\">Andr\u00e9 Netter<\/td><td class=\"column-2\">Markus Otte<\/td>\n<\/tr>\n<tr class=\"row-6\">\n\t<td class=\"column-1\">Ines Dromnitzki<\/td><td class=\"column-2\">Oliver Russ<\/td>\n<\/tr>\n<tr class=\"row-7\">\n\t<td class=\"column-1\">Matthias Erbach<\/td><td class=\"column-2\">Dietmar Schlosser<\/td>\n<\/tr>\n<tr class=\"row-8\">\n\t<td class=\"column-1\">Adrian Feil<\/td><td class=\"column-2\">Karl Schwahn<\/td>\n<\/tr>\n<tr class=\"row-9\">\n\t<td class=\"column-1\">Ralf Franke<\/td><td class=\"column-2\">Benny Stett<\/td>\n<\/tr>\n<tr class=\"row-10\">\n\t<td class=\"column-1\">Nadine Gabor<\/td><td class=\"column-2\">Matthias Th\u00f6nnes<\/td>\n<\/tr>\n<tr class=\"row-11\">\n\t<td class=\"column-1\">R\u00fcdiger Keller<\/td><td class=\"column-2\">Karl Volland<\/td>\n<\/tr>\n<tr class=\"row-12\">\n\t<td class=\"column-1\">Alexander Knittel<\/td><td class=\"column-2\">Renate Volland<\/td>\n<\/tr>\n<tr class=\"row-13\">\n\t<td class=\"column-1\">Bernhard Knittel<\/td><td class=\"column-2\">Florian Zickgraf<\/td>\n<\/tr>\n<tr class=\"row-14\">\n\t<td class=\"column-1\">Lars Kramer<\/td><td class=\"column-2\">Reinhard Zickgraf<\/td>\n<\/tr>\n<\/tbody>\n<\/table>\n<\/td><td class=\"column-2\">\n<table id=\"tablepress-9\" class=\"tablepress tablepress-id-9 tbody-has-connected-cells\">\n<thead>\n<tr class=\"row-1\">\n\t<th colspan=\"2\" class=\"column-1\"><strong>Wirtschaftsausschuss<\/strong><\/th>\n<\/tr>\n<\/thead>\n<tbody class=\"row-striping row-hover\">\n<tr class=\"row-2\">\n\t<td colspan=\"2\" class=\"column-1\"><strong>Thomas Schotth\u00f6fer - Vorsitzender<\/strong><\/td>\n<\/tr>\n<tr class=\"row-3\">\n\t<td class=\"column-1\">Ines Borger<\/td><td class=\"column-2\">Nina Schotth\u00f6fer<\/td>\n<\/tr>\n<tr class=\"row-4\">\n\t<td class=\"column-1\">Celine Br\u00fcnn<\/td><td class=\"column-2\">Tobias Schotth\u00f6fer<\/td>\n<\/tr>\n<tr class=\"row-5\">\n\t<td class=\"column-1\">Iris Buder<\/td><td class=\"column-2\">Sarah Spindler<\/td>\n<\/tr>\n<tr class=\"row-6\">\n\t<td class=\"column-1\">Frank Gruber<\/td><td class=\"column-2\">Sven Ullrich<\/td>\n<\/tr>\n<tr class=\"row-7\">\n\t<td class=\"column-1\">Marlies Klau\u00df<\/td><td class=\"column-2\">Daniela Ulrich<\/td>\n<\/tr>\n<tr class=\"row-8\">\n\t<td class=\"column-1\">Tanja Mironow<\/td><td class=\"column-2\">Sarah Warth<\/td>\n<\/tr>\n<tr class=\"row-9\">\n\t<td class=\"column-1\">Frank M\u00f6bus<\/td><td class=\"column-2\">Jan Wiemer<\/td>\n<\/tr>\n<tr class=\"row-10\">\n\t<td class=\"column-1\">Martina M\u00f6bus<\/td><td class=\"column-2\">Marion Wiemer<\/td>\n<\/tr>\n<tr class=\"row-11\">\n\t<td class=\"column-1\">Johannes Reiland<\/td><td class=\"column-2\">Melanie Zickgraf<\/td>\n<\/tr>\n<tr class=\"row-12\">\n\t<td class=\"column-1\">Dominic Schiele<\/td><td class=\"column-2\">Anita Zickgraf<\/td>\n<\/tr>\n<tr class=\"row-13\">\n\t<td class=\"column-1\">Sabine Schotth\u00f6fer<\/td><td class=\"column-2\"><\/td>\n<\/tr>\n<\/tbody>\n<\/table>\n<\/td><td class=\"column-3\">\n<table id=\"tablepress-8\" class=\"tablepress tablepress-id-8 tbody-has-connected-cells\">\n<thead>\n<tr class=\"row-1\">\n\t<th colspan=\"2\" class=\"column-1\"><strong>Vergn\u00fcgungsausschuss<\/strong><\/th>\n<\/tr>\n<\/thead>\n<tbody class=\"row-striping row-hover\">\n<tr class=\"row-2\">\n\t<td colspan=\"2\" class=\"column-1\"><strong>Eva G\u00f6de - Vorsitzende<\/strong><\/td>\n<\/tr>\n<tr class=\"row-3\">\n\t<td class=\"column-1\">Vera Erbach<\/td><td class=\"column-2\">Vanessa M\u00f6bus<\/td>\n<\/tr>\n<tr class=\"row-4\">\n\t<td class=\"column-1\">Mary Giorgi<\/td><td class=\"column-2\">Rebecca Netter<\/td>\n<\/tr>\n<tr class=\"row-5\">\n\t<td class=\"column-1\">Oliver Hahn<\/td><td class=\"column-2\">Ina Regenauer<\/td>\n<\/tr>\n<tr class=\"row-6\">\n\t<td class=\"column-1\">Oliver Hauck<\/td><td class=\"column-2\">Bettina Rennholz<\/td>\n<\/tr>\n<tr class=\"row-7\">\n\t<td class=\"column-1\">Michelle Jutzi<\/td><td class=\"column-2\">Rainer Sattel<\/td>\n<\/tr>\n<tr class=\"row-8\">\n\t<td class=\"column-1\">Saskia Keller<\/td><td class=\"column-2\">J\u00f6rg Schaack<\/td>\n<\/tr>\n<tr class=\"row-9\">\n\t<td class=\"column-1\">Elke Ke\u00dfler-Br\u00fcnn<\/td><td class=\"column-2\">Sascha Schmelz<\/td>\n<\/tr>\n<tr class=\"row-10\">\n\t<td class=\"column-1\">Michelle Ki\u00dfler<\/td><td class=\"column-2\">Evelyn Schneider<\/td>\n<\/tr>\n<tr class=\"row-11\">\n\t<td class=\"column-1\">Kai Knittel<\/td><td class=\"column-2\">Heike Schwahn<\/td>\n<\/tr>\n<tr class=\"row-12\">\n\t<td class=\"column-1\">Volker Kn\u00f6rr<\/td><td class=\"column-2\">Simone Stett<\/td>\n<\/tr>\n<tr class=\"row-13\">\n\t<td class=\"column-1\">Bettina Lang<\/td><td class=\"column-2\">Michael Willms<\/td>\n<\/tr>\n<\/tbody>\n<\/table>\n<\/td>\n<\/tr>\n<\/tbody>\n<\/table>\n<!-- #tablepress-11 from cache -->\n<hr>\n<p><span style=\"color: #000000;\"><strong>Weitere Aussch\u00fcsse<\/strong><\/span><\/p>\n\n<table id=\"tablepress-12\" class=\"tablepress tablepress-id-12\">\n<tbody>\n<tr class=\"row-1\">\n\t<td class=\"column-1\">\n<table id=\"tablepress-6\" class=\"tablepress tablepress-id-6\">\n<thead>\n<tr class=\"row-1\">\n\t<th class=\"column-1\"><strong>Jugendvorstand<\/strong><\/th>\n<\/tr>\n<\/thead>\n<tbody class=\"row-striping row-hover\">\n<tr class=\"row-2\">\n\t<td class=\"column-1\">Saskia Keller<\/td>\n<\/tr>\n<tr class=\"row-3\">\n\t<td class=\"column-1\">Michelle Ki\u00dfler<\/td>\n<\/tr>\n<tr class=\"row-4\">\n\t<td class=\"column-1\">Pauline M\u00fcller<\/td>\n<\/tr>\n<tr class=\"row-5\">\n\t<td class=\"column-1\">Celine Br\u00fcnn<\/td>\n<\/tr>\n<\/tbody>\n<\/table>\n<\/td><td class=\"column-2\">\n<table id=\"tablepress-4\" class=\"tablepress tablepress-id-4\">\n<thead>\n<tr class=\"row-1\">\n\t<th class=\"column-1\"><strong>Beisitzer<\/strong><\/th>\n<\/tr>\n<\/thead>\n<tbody class=\"row-striping row-hover\">\n<tr class=\"row-2\">\n\t<td class=\"column-1\">Werner Bleifeld<\/td>\n<\/tr>\n<tr class=\"row-3\">\n\t<td class=\"column-1\">J\u00fcrgen Gruber<\/td>\n<\/tr>\n<tr class=\"row-4\">\n\t<td class=\"column-1\">Bernhard Knittel<\/td>\n<\/tr>\n<tr class=\"row-5\">\n\t<td class=\"column-1\">Angela Netter<\/td>\n<\/tr>\n<tr class=\"row-6\">\n\t<td class=\"column-1\">Alois Nieser<\/td>\n<\/tr>\n<tr class=\"row-7\">\n\t<td class=\"column-1\">G\u00fcnter Salewski<\/td>\n<\/tr>\n<tr class=\"row-8\">\n\t<td class=\"column-1\">Herbert Schehl<\/td>\n<\/tr>\n<\/tbody>\n<\/table>\n<\/td><td class=\"column-3\">\n<table id=\"tablepress-10\" class=\"tablepress tablepress-id-10\">\n<thead>\n<tr class=\"row-1\">\n\t<th class=\"column-1\"><strong>Hallenwart (Narrhalla)<\/strong><\/th>\n<\/tr>\n<\/thead>\n<tbody class=\"row-striping row-hover\">\n<tr class=\"row-2\">\n\t<td class=\"column-1\"><strong>Matthias Th\u00f6nnes<\/strong><\/td>\n<\/tr>\n<tr class=\"row-3\">\n\t<td class=\"column-1\">J\u00fcrgen Netter (Technik)<\/td>\n<\/tr>\n<\/tbody>\n<\/table>\n<\/td>\n<\/tr>\n<\/tbody>\n<\/table>\n<!-- #tablepress-12 from cache -->\n","protected":false},"excerpt":{"rendered":"<p>Stand: 06.06.2025 Pr\u00e4sident:&nbsp;Klaus Krieg Vizepr\u00e4sident: Andr\u00e9 Netter Ehrenpr\u00e4sident:&nbsp;Fritz Zinser Schriftf\u00fchrer:&nbsp;Christoph Dennhardt (stellv. Martina M\u00f6bus) Schatzmeister: Fred Rennholz \u00d6ffentlichkeitsarbeit: Amtsblatt: Ralf Krug Internet\/Facebook\/App: Ralf Krug Revisoren: Helmut Sch\u00f6pf und Sandra Kn\u00f6rr Sitzungspr\u00e4sidenten:&nbsp;Oliver Hahn, Mary Giorgi ,Volker Kn\u00f6rr, Michael Willms Die Fach-Aussch\u00fcsse der UNO Weitere Aussch\u00fcsse<\/p>\n","protected":false},"author":1,"featured_media":0,"parent":0,"menu_order":3,"comment_status":"closed","ping_status":"closed","template":"","meta":{"ngg_post_thumbnail":0,"footnotes":""},"categories":[9],"tags":[],"class_list":["post-1079","page","type-page","status-publish","hentry","category-vereinsfuehrung"],"_links":{"self":[{"href":"https:\/\/kv-uno-waldsee.de\/index.php?rest_route=\/wp\/v2\/pages\/1079","targetHints":{"allow":["GET"]}}],"collection":[{"href":"https:\/\/kv-uno-waldsee.de\/index.php?rest_route=\/wp\/v2\/pages"}],"about":[{"href":"https:\/\/kv-uno-waldsee.de\/index.php?rest_route=\/wp\/v2\/types\/page"}],"author":[{"embeddable":true,"href":"https:\/\/kv-uno-waldsee.de\/index.php?rest_route=\/wp\/v2\/users\/1"}],"replies":[{"embeddable":true,"href":"https:\/\/kv-uno-waldsee.de\/index.php?rest_route=%2Fwp%2Fv2%2Fcomments&post=1079"}],"version-history":[{"count":8,"href":"https:\/\/kv-uno-waldsee.de\/index.php?rest_route=\/wp\/v2\/pages\/1079\/revisions"}],"predecessor-version":[{"id":4237,"href":"https:\/\/kv-uno-waldsee.de\/index.php?rest_route=\/wp\/v2\/pages\/1079\/revisions\/4237"}],"wp:attachment":[{"href":"https:\/\/kv-uno-waldsee.de\/index.php?rest_route=%2Fwp%2Fv2%2Fmedia&parent=1079"}],"wp:term":[{"taxonomy":"category","embeddable":true,"href":"https:\/\/kv-uno-waldsee.de\/index.php?rest_route=%2Fwp%2Fv2%2Fcategories&post=1079"},{"taxonomy":"post_tag","embeddable":true,"href":"https:\/\/kv-uno-waldsee.de\/index.php?rest_route=%2Fwp%2Fv2%2Ftags&post=1079"}],"curies":[{"name":"wp","href":"https:\/\/api.w.org\/{rel}","templated":true}]}}